{"id":8099,"date":"2020-04-24T10:39:59","date_gmt":"2020-04-24T02:39:59","guid":{"rendered":"https:\/\/wylf.org.tw\/?page_id=8099"},"modified":"2021-03-28T19:37:01","modified_gmt":"2021-03-28T11:37:01","slug":"%e7%ab%b9%e6%a2%85%e6%ba%90%e6%96%87%e8%97%9d%e7%8d%8e-%e7%ac%ac6%e5%b1%86-%e5%85%a8%e5%9c%8b%e6%b2%b9%e7%95%ab%e5%89%b5%e4%bd%9c%e6%af%94%e8%b3%bd-%e5%a0%b1%e5%90%8d%e8%a1%a8","status":"publish","type":"page","link":"https:\/\/wylf.org.tw\/vi\/awards\/2020-%e7%ab%b9%e6%a2%85%e6%ba%90%e6%96%87%e8%97%9d%e7%8d%8e\/%e7%ab%b9%e6%a2%85%e6%ba%90%e6%96%87%e8%97%9d%e7%8d%8e-%e7%ac%ac6%e5%b1%86-%e5%85%a8%e5%9c%8b%e6%b2%b9%e7%95%ab%e5%89%b5%e4%bd%9c%e6%af%94%e8%b3%bd-%e5%a0%b1%e5%90%8d%e8%a1%a8\/","title":{"rendered":"Gi\u1ea3i th\u01b0\u1edfng V\u0103n h\u1ecdc v\u00e0 Ngh\u1ec7 thu\u1eadt Zhumeiyuan-Cu\u1ed9c thi S\u00e1ng t\u00e1c Tranh S\u01a1n d\u1ea7u Qu\u1ed1c gia l\u1ea7n th\u1ee9 6-\u0110\u01a1n \u0111\u0103ng k\u00fd"},"content":{"rendered":"<style type=\"text\/css\" data-created_by=\"avia_inline_auto\" id=\"style-css-av-1wuixf-371214350c6f41421d2767203b1c096a\">\n.flex_column.av-1wuixf-371214350c6f41421d2767203b1c096a{\nborder-radius:0px 0px 0px 0px;\npadding:0px 0px 0px 0px;\n}\n<\/style>\n<div  class='flex_column av-1wuixf-371214350c6f41421d2767203b1c096a av_one_full  avia-builder-el-0  avia-builder-el-no-sibling  first flex_column_div av-zero-column-padding'     ><section  class='av_textblock_section av-k9dmmv7c-b9ca60fe71598a6ceadf9426ccb90b5f'   itemscope=\"itemscope\" itemtype=\"https:\/\/schema.org\/CreativeWork\" ><div class='avia_textblock'  itemprop=\"text\" ><blockquote>\n<h2>Gi\u1ea3i th\u01b0\u1edfng V\u0103n h\u1ecdc v\u00e0 Ngh\u1ec7 thu\u1eadt Zhumeiyuan - Cu\u1ed9c thi S\u00e1ng t\u00e1c Tranh S\u01a1n d\u1ea7u Qu\u1ed1c gia l\u1ea7n th\u1ee9 6-M\u1eabu \u0111\u01a1n g\u1eedi s\u01a1 kh\u1ea3o (1)<\/h2>\n<\/blockquote>\n<table width=\"629\">\n<tbody>\n<tr>\n<td width=\"629\"><span style=\"color: #333333;\">S\u1ed1 \u0111\u0103ng k\u00fd s\u01a1 b\u1ed9<\/span><\/td>\n<td width=\"506\"><span style=\"color: #333333;\">(Kh\u00f4ng y\u00eau c\u1ea7u)<\/span><\/td>\n<td rowspan=\"8\" width=\"213\"><span style=\"color: #333333;\">Vui l\u00f2ng d\u00e1n m\u1ed9t \u1ea3nh 2 inch g\u1ea7n \u0111\u00e2y<\/span><\/p>\n<p><span style=\"color: #333333;\">(Vui l\u00f2ng ghi t\u00ean t\u00e1c gi\u1ea3 v\u00e0o m\u1eb7t sau c\u1ee7a \u1ea3nh)<\/span><\/td>\n<\/tr>\n<tr>\n<td width=\"629\"><span style=\"color: #333333;\">T\u00ean ti\u1ebfng Trung c\u1ee7a th\u00ed sinh<\/span><\/td>\n<td width=\"506\"><\/td>\n<\/tr>\n<tr>\n<td width=\"629\"><span style=\"color: #333333;\">T\u00ean ti\u1ebfng Anh c\u1ee7a th\u00ed sinh<\/span><\/td>\n<td style=\"text-align: right;\" width=\"506\"><span style=\"color: #333333;\">\u00a0\u00a0\u00a0\u00a0\u00a0\u00a0\u00a0\u00a0\u00a0\u00a0\u00a0\u00a0\u00a0\u00a0\u00a0\u00a0\u00a0\u00a0\u00a0 (Y\u00eau c\u1ea7u \u0111\u1ed1i v\u1edbi album in)<\/span><\/td>\n<\/tr>\n<tr>\n<td width=\"629\"><span style=\"color: #333333;\">ng\u00e0y sinh<\/span><\/td>\n<td width=\"506\"><\/td>\n<\/tr>\n<tr>\n<td width=\"629\"><span style=\"color: #333333;\">\u0110i\u1ec7n tho\u1ea1i<\/span><\/td>\n<td width=\"506\"><\/td>\n<\/tr>\n<tr>\n<td width=\"629\"><span style=\"color: #333333;\">\u0111i\u00ea\u0323n thoa\u0323i di \u0111\u00f4\u0323ng<\/span><\/td>\n<td width=\"506\"><\/td>\n<\/tr>\n<tr>\n<td width=\"629\"><span style=\"color: #333333;\">t\u00ean b\u1ee9c tranh<\/span><\/td>\n<td width=\"506\"><\/td>\n<\/tr>\n<tr>\n<td width=\"629\"><span style=\"color: #333333;\">k\u00edch th\u01b0\u1edbc b\u1ee9c tranh<\/span><\/td>\n<td width=\"506\"><span style=\"color: #333333;\">Chi\u1ec1u d\u00e0i _ ________ Chi\u1ec1u r\u1ed9ng cm<\/span><\/td>\n<\/tr>\n<tr>\n<td width=\"629\"><span style=\"color: #333333;\">V\u1ecb tr\u00ed c\u1ee7a b\u1ee9c tranh<\/span><\/td>\n<td colspan=\"2\" width=\"506\"><\/td>\n<\/tr>\n<tr>\n<td width=\"629\"><span style=\"color: #333333;\">\u00fd t\u01b0\u1edfng s\u00e1ng t\u1ea1o<\/span><br \/>\n<span style=\"color: #333333;\"> (Kh\u00f4ng qu\u00e1 100 t\u1eeb)<\/span><\/td>\n<td colspan=\"2\" width=\"506\"><\/td>\n<\/tr>\n<tr>\n<td width=\"629\"><span style=\"color: #333333;\">Ti\u1ec3u s\u1eed t\u00e1c gi\u1ea3<\/span><br \/>\n<span style=\"color: #333333;\"> (Kh\u00f4ng v\u01b0\u1ee3t qu\u00e1 150 k\u00fd t\u1ef1)<\/span><\/td>\n<td colspan=\"2\" width=\"506\"><\/td>\n<\/tr>\n<tr>\n<td width=\"629\"><span style=\"color: #333333;\">\u0110\u1ecba ch\u1ec9 li\u00ean h\u1ec7<\/span><\/td>\n<td colspan=\"2\" width=\"506\"><span style=\"color: #333333;\">________<br \/>\n(\u2605 Vui l\u00f2ng \u0111i\u1ec1n r\u00f5 r\u00e0ng m\u00e3 b\u01b0u \u0111i\u1ec7n \u2605)<\/span><\/td>\n<\/tr>\n<tr>\n<td width=\"629\"><span style=\"color: #333333;\">E-mail<\/span><\/td>\n<td colspan=\"2\" width=\"506\"><\/td>\n<\/tr>\n<tr>\n<td colspan=\"3\" width=\"629\">\n<table>\n<tbody>\n<tr>\n<td width=\"615\"><span style=\"color: #333333;\">K\u1ebft th\u00fac s\u00e1ch:<\/span><\/p>\n<p><span style=\"color: #333333;\">T\u00f4i tham gia &quot;Gi\u1ea3i th\u01b0\u1edfng V\u0103n h\u1ecdc v\u00e0 Ngh\u1ec7 thu\u1eadt Zhumeiyuan ~ Cu\u1ed9c thi S\u00e1ng t\u00e1c Tranh S\u01a1n d\u1ea7u Qu\u1ed1c gia l\u1ea7n th\u1ee9 6&quot; v\u00e0 s\u1ebd tu\u00e2n th\u1ee7 \u0111\u1ea7y \u0111\u1ee7 c\u00e1c quy \u0111\u1ecbnh c\u1ee7a t\u1edd r\u01a1i s\u1ef1 ki\u1ec7n. \u0110\u1ed1i v\u1edbi nh\u1eefng t\u01b0 li\u1ec7u, file \u1ea3nh,\u2026 \u0111\u01b0\u1ee3c s\u1eed d\u1ee5ng trong t\u00e1c ph\u1ea9m, n\u1ebfu li\u00ean quan \u0111\u1ebfn b\u1ea3n quy\u1ec1n v\u00e0 t\u00e1c quy\u1ec1n, ch\u00fang t\u00f4i s\u1eb5n s\u00e0ng ch\u1ecbu tr\u00e1ch nhi\u1ec7m tr\u01b0\u1edbc ph\u00e1p lu\u1eadt. \u0110\u1ed3ng th\u1eddi c\u0169ng \u0111\u1ed3ng \u00fd r\u1eb1ng nh\u00e0 t\u1ed5 ch\u1ee9c c\u00f3 th\u1ec3 thu th\u1eadp, x\u1eed l\u00fd v\u00e0 s\u1eed d\u1ee5ng c\u00e1c b\u1ee9c tranh v\u00e0 t\u01b0 li\u1ec7u m\u00e0 t\u00f4i \u0111\u00e3 tham gia cu\u1ed9c thi n\u00e0y d\u1ef1a tr\u00ean nhu c\u1ea7u th\u1ef1c hi\u1ec7n c\u00e1c ho\u1ea1t \u0111\u1ed9ng li\u00ean quan v\u00e0 in \u1ea5n, xu\u1ea5t b\u1ea3n, nghi\u00ean c\u1ee9u h\u1ecdc thu\u1eadt, qu\u1ea3ng b\u00e1 gi\u00e1o d\u1ee5c, qu\u1ea3ng b\u00e1 v\u0103n h\u00f3a v\u00e0 ti\u1ebfp th\u1ecb.<\/span><\/p>\n<p style=\"text-align: right;\"><span style=\"color: #333333;\">Ch\u1eef k\u00fd c\u1ee7a ng\u01b0\u1eddi tham gia: ___________________ (ph\u1ea3i k\u00fd)<\/span><\/p>\n<p style=\"text-align: right;\"><span style=\"color: #333333;\">Ng\u00e0y th\u00e1ng n\u0103m 2020<\/span><\/p>\n<\/td>\n<\/tr>\n<\/tbody>\n<\/table>\n<\/td>\n<\/tr>\n<\/tbody>\n<\/table>\n<\/div><\/section><br \/>\n<div  class='hr av-42wvrn-eea3f6d4e6eb49a8bb929f45b11608f2 hr-default  avia-builder-el-2  el_after_av_textblock  el_before_av_textblock'><span class='hr-inner'><span class=\"hr-inner-style\"><\/span><\/span><\/div><br \/>\n<section  class='av_textblock_section av-k9dmmv7c-b9ca60fe71598a6ceadf9426ccb90b5f'   itemscope=\"itemscope\" itemtype=\"https:\/\/schema.org\/CreativeWork\" ><div class='avia_textblock'  itemprop=\"text\" ><blockquote>\n<h2>Gi\u1ea3i th\u01b0\u1edfng V\u0103n h\u1ecdc v\u00e0 Ngh\u1ec7 thu\u1eadt Zhumeiyuan - Cu\u1ed9c thi S\u00e1ng t\u00e1c Tranh S\u01a1n d\u1ea7u Qu\u1ed1c gia l\u1ea7n th\u1ee9 6-M\u1eabu \u0111\u01a1n g\u1eedi s\u01a1 kh\u1ea3o (2)<\/h2>\n<\/blockquote>\n<table border=\"1\" width=\"578\" cellspacing=\"0\" cellpadding=\"0\">\n<tbody>\n<tr>\n<td width=\"110\">\n<p align=\"center\"><span style=\"color: #333333;\">S\u1ed1 (kh\u00f4ng c\u1ea7n \u0111i\u1ec1n)<\/span><\/p>\n<\/td>\n<td width=\"104\">\n<p align=\"center\">\n<\/td>\n<td width=\"113\">\n<p align=\"center\"><span style=\"color: #333333;\">k\u00edch th\u01b0\u1edbc b\u1ee9c tranh<\/span><\/p>\n<\/td>\n<td width=\"251\">\n<p align=\"center\"><span style=\"color: #333333;\">D\u00e0i<u>\u00a0\u00a0\u00a0\u00a0\u00a0\u00a0 <\/u>\u00d7 chi\u1ec1u r\u1ed9ng<u>\u00a0\u00a0\u00a0\u00a0\u00a0\u00a0 <\/u>cm<\/span><\/p>\n<\/td>\n<\/tr>\n<tr>\n<td colspan=\"4\" width=\"578\">\n<p align=\"center\"><span style=\"color: #333333;\"><a style=\"color: #333333;\" href=\"https:\/\/wylf.org.tw\/wp-content\/uploads\/2020\/04\/size-01.jpg\"><img loading=\"lazy\" decoding=\"async\" class=\"alignnone size-full wp-image-8103\" src=\"https:\/\/wylf.org.tw\/wp-content\/uploads\/2020\/04\/size-01.jpg\" alt=\"\" width=\"399\" height=\"205\" srcset=\"https:\/\/wylf.org.tw\/wp-content\/uploads\/2020\/04\/size-01.jpg 399w, https:\/\/wylf.org.tw\/wp-content\/uploads\/2020\/04\/size-01-300x154.jpg 300w\" sizes=\"auto, (max-width: 399px) 100vw, 399px\" \/><\/a><\/span><\/p>\n<h4 style=\"text-align: center;\" align=\"center\"><span style=\"color: #333333;\">Vui l\u00f2ng \u0111\u0103ng \u1ea3nh c\u00e1c t\u00e1c ph\u1ea9m<\/span><\/h4>\n<h4 style=\"text-align: center;\"><span style=\"color: #333333;\">\u25ce \u1ea2nh m\u00e0u 8 X 10 inch<\/span><\/h4>\n<h4 style=\"text-align: center;\"><span style=\"color: #333333;\">\u25ce Vui l\u00f2ng vi\u1ebft t\u00ean t\u00e1c gi\u1ea3 v\u00e0 ti\u00eau \u0111\u1ec1 \u1edf m\u1eb7t sau c\u1ee7a \u1ea3nh<\/span><\/h4>\n<h4 style=\"text-align: center;\"><span style=\"color: #333333;\">\u25ce \u1ea2nh vui l\u00f2ng kh\u00f4ng g\u1ea5p, vui l\u00f2ng g\u1eedi trong phong b\u00ec<\/span><\/h4>\n<p align=\"center\">\n<\/td>\n<\/tr>\n<\/tbody>\n<\/table>\n<\/div><\/section><br \/>\n<div  class='hr av-21punn-da21f334eb9f0b4e81123a11f16114d0 hr-default  avia-builder-el-4  el_after_av_textblock  el_before_av_textblock'><span class='hr-inner'><span class=\"hr-inner-style\"><\/span><\/span><\/div><br \/>\n<section  class='av_textblock_section av-k9dmmv7c-b9ca60fe71598a6ceadf9426ccb90b5f'   itemscope=\"itemscope\" itemtype=\"https:\/\/schema.org\/CreativeWork\" ><div class='avia_textblock'  itemprop=\"text\" ><blockquote>\n<h2>Gi\u1ea3i th\u01b0\u1edfng V\u0103n h\u1ecdc v\u00e0 Ngh\u1ec7 thu\u1eadt Zhumeiyuan - Cu\u1ed9c thi S\u00e1ng t\u00e1c Tranh S\u01a1n d\u1ea7u Qu\u1ed1c gia l\u1ea7n th\u1ee9 6 - Phi\u1ebfu \u0111\u0103ng k\u00fd x\u00e9t duy\u1ec7t<\/h2>\n<\/blockquote>\n<p style=\"text-align: center;\"><span style=\"color: #333333;\">\u203b Vui l\u00f2ng s\u1eed d\u1ee5ng bi\u1ec3u m\u1eabu n\u00e0y sau khi nh\u1eadn \u0111\u01b0\u1ee3c th\u00f4ng b\u00e1o thi l\u1ea1i. \u0110i\u1ec1n v\u00e0o v\u00e0 d\u00e1n n\u00f3 v\u00e0o m\u1eb7t sau c\u1ee7a t\u00e1c ph\u1ea9m.<\/span><\/p>\n<table>\n<tbody>\n<tr>\n<td colspan=\"4\" width=\"574\"><span style=\"color: #333333;\">Xem l\u1ea1i bi\u1ec3u m\u1eabu nh\u00e3n c\u00f4ng vi\u1ec7c<\/span><\/td>\n<\/tr>\n<tr>\n<td width=\"139\"><span style=\"color: #333333;\">T\u00ean trung qu\u1ed1c<\/span><\/td>\n<td width=\"139\"><\/td>\n<td width=\"139\"><span style=\"color: #333333;\">S\u1ed1 (kh\u00f4ng c\u1ea7n \u0111i\u1ec1n)<\/span><\/td>\n<td width=\"156\"><\/td>\n<\/tr>\n<tr>\n<td width=\"139\"><span style=\"color: #333333;\">t\u00ean ti\u00eang Anh<\/span><\/td>\n<td colspan=\"3\" width=\"435\"><span style=\"color: #333333;\">\u00a0\u00a0\u00a0\u00a0\u00a0\u00a0\u00a0\u00a0\u00a0\u00a0\u00a0\u00a0\u00a0\u00a0\u00a0\u00a0\u00a0\u00a0\u00a0\u00a0\u00a0\u00a0\u00a0\u00a0\u00a0\u00a0\u00a0\u00a0\u00a0\u00a0\u00a0\u00a0\u00a0\u00a0\u00a0 (Y\u00eau c\u1ea7u \u0111\u1ed1i v\u1edbi album in)<\/span><\/td>\n<\/tr>\n<tr>\n<td width=\"139\"><span style=\"color: #333333;\">t\u00ean b\u1ee9c tranh<\/span><\/td>\n<td colspan=\"3\" width=\"435\"><\/td>\n<\/tr>\n<tr>\n<td width=\"139\"><span style=\"color: #333333;\">k\u00edch th\u01b0\u1edbc b\u1ee9c tranh<\/span><\/td>\n<td colspan=\"3\" width=\"435\"><span style=\"color: #333333;\">Chi\u1ec1u d\u00e0i _ ________ Chi\u1ec1u r\u1ed9ng cm<\/span><\/td>\n<\/tr>\n<tr>\n<td width=\"139\"><span style=\"color: #333333;\">\u0110i\u1ec7n tho\u1ea1i<\/span><\/td>\n<td width=\"139\"><\/td>\n<td width=\"139\"><span style=\"color: #333333;\">\u0111i\u00ea\u0323n thoa\u0323i di \u0111\u00f4\u0323ng<\/span><\/td>\n<td width=\"156\"><\/td>\n<\/tr>\n<tr>\n<td width=\"139\"><span style=\"color: #333333;\">\u0110\u1ecba ch\u1ec9 li\u00ean h\u1ec7<\/span><\/td>\n<td colspan=\"3\" width=\"435\"><span style=\"color: #333333;\">__________<br \/>\n(\u2605 Vui l\u00f2ng \u0111i\u1ec1n r\u00f5 r\u00e0ng m\u00e3 b\u01b0u \u0111i\u1ec7n \u2605)<br \/>\n<\/span><\/td>\n<\/tr>\n<tr>\n<td width=\"139\"><span style=\"color: #333333;\">\u0110\u1ecba ch\u1ec9 giao t\u00e1c ph\u1ea9m ngh\u1ec7 thu\u1eadt<\/span><\/td>\n<td colspan=\"3\" width=\"435\"><span style=\"color: #333333;\">__________ Ibid<\/span><\/td>\n<\/tr>\n<\/tbody>\n<\/table>\n<\/div><\/section><\/p><\/div>","protected":false},"excerpt":{"rendered":"","protected":false},"author":4,"featured_media":0,"parent":8062,"menu_order":0,"comment_status":"closed","ping_status":"closed","template":"","meta":{"footnotes":""},"class_list":["post-8099","page","type-page","status-publish","hentry"],"_links":{"self":[{"href":"https:\/\/wylf.org.tw\/vi\/wp-json\/wp\/v2\/pages\/8099","targetHints":{"allow":["GET"]}}],"collection":[{"href":"https:\/\/wylf.org.tw\/vi\/wp-json\/wp\/v2\/pages"}],"about":[{"href":"https:\/\/wylf.org.tw\/vi\/wp-json\/wp\/v2\/types\/page"}],"author":[{"embeddable":true,"href":"https:\/\/wylf.org.tw\/vi\/wp-json\/wp\/v2\/users\/4"}],"replies":[{"embeddable":true,"href":"https:\/\/wylf.org.tw\/vi\/wp-json\/wp\/v2\/comments?post=8099"}],"version-history":[{"count":22,"href":"https:\/\/wylf.org.tw\/vi\/wp-json\/wp\/v2\/pages\/8099\/revisions"}],"predecessor-version":[{"id":8101,"href":"https:\/\/wylf.org.tw\/vi\/wp-json\/wp\/v2\/pages\/8099\/revisions\/8101"}],"up":[{"embeddable":true,"href":"https:\/\/wylf.org.tw\/vi\/wp-json\/wp\/v2\/pages\/8062"}],"wp:attachment":[{"href":"https:\/\/wylf.org.tw\/vi\/wp-json\/wp\/v2\/media?parent=8099"}],"curies":[{"name":"wp","href":"https:\/\/api.w.org\/{rel}","templated":true}]}}