{"id":8091,"date":"2020-04-23T23:57:43","date_gmt":"2020-04-23T15:57:43","guid":{"rendered":"https:\/\/wylf.org.tw\/?page_id=8091"},"modified":"2021-03-28T19:36:50","modified_gmt":"2021-03-28T11:36:50","slug":"%e7%ab%b9%e6%a2%85%e6%ba%90%e6%96%87%e8%97%9d%e7%8d%8e-%e7%ac%ac6%e5%b1%86%e5%85%a8%e5%9c%8b%e6%b2%b9%e7%95%ab%e5%89%b5%e4%bd%9c%e6%af%94%e8%b3%bd-%e5%be%b5%e4%bb%b6%e7%b0%a1%e7%ab%a0","status":"publish","type":"page","link":"https:\/\/wylf.org.tw\/vi\/awards\/2020-%e7%ab%b9%e6%a2%85%e6%ba%90%e6%96%87%e8%97%9d%e7%8d%8e\/%e7%ab%b9%e6%a2%85%e6%ba%90%e6%96%87%e8%97%9d%e7%8d%8e-%e7%ac%ac6%e5%b1%86%e5%85%a8%e5%9c%8b%e6%b2%b9%e7%95%ab%e5%89%b5%e4%bd%9c%e6%af%94%e8%b3%bd-%e5%be%b5%e4%bb%b6%e7%b0%a1%e7%ab%a0\/","title":{"rendered":"Gi\u1ea3i th\u01b0\u1edfng V\u0103n h\u1ecdc v\u00e0 Ngh\u1ec7 thu\u1eadt Zhumeiyuan - Cu\u1ed9c thi S\u00e1ng t\u00e1c Tranh S\u01a1n d\u1ea7u Qu\u1ed1c gia l\u1ea7n th\u1ee9 6 - Call for Papers"},"content":{"rendered":"<style type=\"text\/css\" data-created_by=\"avia_inline_auto\" id=\"style-css-av-k9dob0n9-a6c80e5d6ea77ca178ad008e3dafd4bb\">\n#top .av-special-heading.av-k9dob0n9-a6c80e5d6ea77ca178ad008e3dafd4bb{\npadding-bottom:0;\n}\nbody .av-special-heading.av-k9dob0n9-a6c80e5d6ea77ca178ad008e3dafd4bb .av-special-heading-tag .heading-char{\nfont-size:25px;\n}\n.av-special-heading.av-k9dob0n9-a6c80e5d6ea77ca178ad008e3dafd4bb .av-subheading{\nfont-size:15px;\n}\n<\/style>\n<div  class='av-special-heading av-k9dob0n9-a6c80e5d6ea77ca178ad008e3dafd4bb av-special-heading-h1 blockquote modern-quote  avia-builder-el-0  el_before_av_hr  avia-builder-el-first'><h1 class='av-special-heading-tag'  itemprop=\"headline\"  >Gi\u1ea3i th\u01b0\u1edfng V\u0103n h\u1ecdc v\u00e0 Ngh\u1ec7 thu\u1eadt Zhumeiyuan - Cu\u1ed9c thi S\u00e1ng t\u00e1c Tranh S\u01a1n d\u1ea7u Qu\u1ed1c gia l\u1ea7n th\u1ee9 6 - Call for Papers<\/h1><div class=\"special-heading-border\"><div class=\"special-heading-inner-border\"><\/div><\/div><\/div>\n<div  class='hr av-zbob-a734d114cb51312145ed847c6f47a480 hr-default  avia-builder-el-1  el_after_av_heading  el_before_av_textblock'><span class='hr-inner'><span class=\"hr-inner-style\"><\/span><\/span><\/div>\n<section  class='av_textblock_section av-2ej3l7-6d2c265dd27b883d559ab4e95c8aebe8'   itemscope=\"itemscope\" itemtype=\"https:\/\/schema.org\/CreativeWork\" ><div class='avia_textblock'  itemprop=\"text\" ><blockquote>\n<h3>1. \u0110\u01a1n v\u1ecb t\u1ed5 ch\u1ee9c:<\/h3>\n<\/blockquote>\n<p>T\u1ed5 ch\u1ee9c ph\u00e1p nh\u00e2n Wang Yuanlin V\u0103n h\u00f3a v\u00e0 Ngh\u1ec7 thu\u1eadt Foundation<\/p>\n<blockquote>\n<h3>2. T\u00ednh \u0111\u1ee7 \u0111i\u1ec1u ki\u1ec7n:<\/h3>\n<\/blockquote>\n<p>T\u1ea5t c\u1ea3 nh\u1eefng ng\u01b0\u1eddi trong v\u00e0 ngo\u00e0i n\u01b0\u1edbc tham gia s\u00e1ng t\u1ea1o ngh\u1ec7 thu\u1eadt s\u01a1n d\u1ea7u.<\/p>\n<blockquote>\n<h3>3. Ch\u1ee7 \u0111\u1ec1 cu\u1ed9c thi:<\/h3>\n<\/blockquote>\n<p>Nh\u1eb1m khuy\u1ebfn kh\u00edch nh\u1eefng ng\u01b0\u1eddi y\u00eau ngh\u1ec7 thu\u1eadt c\u1ed1ng hi\u1ebfn h\u1ebft m\u00ecnh cho s\u00e1ng t\u1ea1o ngh\u1ec7 thu\u1eadt, tranh d\u1ef1 thi ch\u1ee7 y\u1ebfu l\u00e0 s\u00e1ng t\u1ea1o ngh\u1ec7 thu\u1eadt, mong ti\u1ebfp th\u00eam n\u00e9t v\u0103n h\u00f3a v\u00e0 s\u1ee9c s\u1ed1ng m\u1edbi cho ngh\u1ec7 thu\u1eadt.<\/p>\n<blockquote>\n<h3>4. Ph\u1ea7n th\u01b0\u1edfng c\u1ea1nh tranh:<\/h3>\n<\/blockquote>\n<p>V\u1ecb tr\u00ed th\u1ee9 nh\u1ea5t \u0111\u1ebfn th\u1ee9 ba, l\u1ef1a ch\u1ecdn v\u00e0 mua l\u1ea1i c\u00e1c t\u00e1c ph\u1ea9m s\u01b0u t\u1eadp ph\u1ea3i k\u00fd t\u00ean \u0111\u1ed3ng \u00fd chuy\u1ec3n nh\u01b0\u1ee3ng quy\u1ec1n s\u1edf h\u1eefu b\u1ea3n quy\u1ec1n. C\u00e1c t\u00e1c ph\u1ea9m \u0111\u01b0\u1ee3c thu th\u1eadp b\u1edfi nh\u00e0 t\u1ed5 ch\u1ee9c v\u00e0 ti\u1ec1n th\u01b0\u1edfng c\u1ee7a nh\u00e0 s\u01b0u t\u1eadp nh\u01b0 sau:<\/p>\n<ul>\n<li><strong>&quot;V\u1ecb tr\u00ed \u0111\u1ea7u ti\u00ean&quot; m\u1ed9t ng\u01b0\u1eddi \/ 100.000 \u0110\u00e0i t\u1ec7 ti\u1ec1n th\u01b0\u1edfng v\u00e0 c\u00e1c ch\u1ee9ng nh\u1eadn v\u00e0 danh hi\u1ec7u \u0111\u01b0\u1ee3c trao<\/strong><\/li>\n<li><strong>&quot;V\u1ecb tr\u00ed th\u1ee9 hai&quot; m\u1ed9t gi\u1ea3i th\u01b0\u1edfng \/ 200.000 \u0110\u00e0i t\u1ec7 v\u00e0 c\u00e1c ch\u1ee9ng nh\u1eadn v\u00e0 danh hi\u1ec7u gi\u1ea3i th\u01b0\u1edfng<\/strong><\/li>\n<li><strong>&quot;V\u1ecb tr\u00ed th\u1ee9 ba&quot; m\u1ed9t gi\u1ea3i th\u01b0\u1edfng \/ 105.000 \u0110\u00e0i t\u1ec7 v\u00e0 c\u00e1c ch\u1ee9ng nh\u1eadn v\u00e0 danh hi\u1ec7u gi\u1ea3i th\u01b0\u1edfng<\/strong><\/li>\n<li><strong>V\u1ecb tr\u00ed th\u1ee9 7 &quot;Best Choice&quot; \/ Ti\u1ec1n th\u01b0\u1edfng 80.000 \u0110\u00e0i t\u1ec7 cho m\u1ed7i ng\u01b0\u1eddi v\u00e0 b\u1eb1ng khen<\/strong><\/li>\n<li><strong>M\u1ed9t s\u1ed1 &quot;\u0110\u01b0\u1ee3c ch\u1ecdn&quot; \/ \u0110\u01b0\u1ee3c ch\u1ecdn t\u1eeb nh\u1eefng ng\u01b0\u1eddi l\u1ecdt v\u00e0o v\u00f2ng chung k\u1ebft sau khi xem x\u00e9t v\u00e0 trao ch\u1ee9ng ch\u1ec9, v\u00e0 nh\u1eefng ng\u01b0\u1eddi gi\u1ecfi nh\u1ea5t s\u1eb5n s\u00e0ng \u0111\u01b0\u1ee3c ch\u1ecdn<\/strong><\/li>\n<li><strong>&quot;B\u1ed9 s\u01b0u t\u1eadp Works&quot; m\u1ed9t s\u1ed1 t\u00ean \/ m\u1ed7i b\u1ed9 s\u01b0u t\u1eadp s\u1ed1 ti\u1ec1n 10.000 \u0110\u00e0i t\u1ec7<\/strong><\/li>\n<\/ul>\n<p>\u0110\u1ed1i v\u1edbi nh\u1eefng ng\u01b0\u1eddi l\u1ecdt v\u00e0o danh s\u00e1ch b\u00ecnh ch\u1ecdn, m\u1ed7i ng\u01b0\u1eddi kh\u00f4ng \u0111\u1ea1t gi\u1ea3i s\u1ebd \u0111\u01b0\u1ee3c tr\u1ee3 c\u1ea5p 5.000 \u0110\u00e0i t\u1ec7 ti\u1ec1n t\u00e0i li\u1ec7u.<\/p>\n<blockquote>\n<h3>5. Y\u00eau c\u1ea7u \u0111\u1ed1i v\u1edbi b\u00e0i d\u1ef1 thi:<\/h3>\n<\/blockquote>\n<ol>\n<li><strong>ph\u01b0\u01a1ng ti\u1ec7n truy\u1ec1n th\u00f4ng<\/strong>:b\u1ee9c tranh<\/li>\n<li><strong>k\u00edch th\u01b0\u1edbc<\/strong>: K\u00edch th\u01b0\u1edbc t\u1ed1i \u0111a l\u00e0 50 v\u00e0 k\u00edch th\u01b0\u1edbc t\u1ed1i thi\u1ec3u \u0111\u01b0\u1ee3c gi\u1edbi h\u1ea1n \u1edf 30.<\/li>\n<li>Nh\u1eefng b\u1ee9c tranh ph\u1ea3i \u0111\u01b0\u1ee3c t\u1ea1o ra v\u00e0o n\u0103m 2020. M\u1ed7i ng\u01b0\u1eddi \u0111\u01b0\u1ee3c gi\u1edbi h\u1ea1n m\u1ed9t t\u00e1c ph\u1ea9m, \u0111\u00f3 ph\u1ea3i l\u00e0 s\u1ef1 s\u00e1ng t\u1ea1o c\u1ee7a ch\u00ednh th\u00ed sinh.<\/li>\n<li>Tranh c\u00f3 th\u1ec3 kh\u00f4ng \u0111\u01b0\u1ee3c xu\u1ea5t ra b\u1eb1ng m\u00e1y t\u00ednh.<\/li>\n<li>T\u1ea5t c\u1ea3 c\u00e1c t\u00e1c ph\u1ea9m \u0111\u00e3 tham gia cu\u1ed9c thi tri\u1ec3n l\u00e3m m\u1ef9 thu\u1eadt trong n\u01b0\u1edbc s\u1ebd kh\u00f4ng \u0111\u01b0\u1ee3c nh\u1eadp l\u1ea1i nh\u01b0 t\u00e1c ph\u1ea9m g\u1ed1c, n\u1ebfu c\u00f3 h\u00e0nh vi sao ch\u00e9p \u0111\u1ea1o v\u0103n, sao ch\u00e9p s\u00e1ng t\u1ea1o c\u1ee7a ng\u01b0\u1eddi kh\u00e1c, g\u1eedi t\u00e1c ph\u1ea9m nh\u00e2n danh ng\u01b0\u1eddi kh\u00e1c ho\u1eb7c vi ph\u1ea1m b\u1ea5t k\u1ef3 quy \u0111\u1ecbnh n\u00e0o trong \u0111i\u1ec1u n\u00e0y t\u00e0i li\u1ec7u qu\u1ea3ng c\u00e1o, n\u00f3 s\u1ebd b\u1ecb h\u1ee7y sau khi b\u00e1o c\u00e1o v\u00e0 xem x\u00e9t x\u00e1c nh\u1eadn. T\u00ednh \u0111\u1ee7 \u0111i\u1ec1u ki\u1ec7n v\u00e0 thu h\u1ed3i ti\u1ec1n th\u01b0\u1edfng l\u00e0 nh\u01b0 nhau \u0111\u1ed1i v\u1edbi ng\u01b0\u1eddi th\u1eafng cu\u1ed9c. \u0110\u1ed3ng th\u1eddi, c\u00e1c chi ph\u00ed h\u00e0nh ch\u00ednh li\u00ean quan ph\u00e1t sinh t\u1eeb h\u00e0nh vi tr\u00e1i ph\u00e1p lu\u1eadt s\u1ebd ph\u1ea3i ch\u1ecbu.<\/li>\n<li>Sau khi k\u1ebft qu\u1ea3 gi\u1ea3i th\u01b0\u1edfng \u0111\u01b0\u1ee3c c\u00f4ng b\u1ed1, n\u1ebfu tranh n\u00e0o vi ph\u1ea1m th\u1ec3 l\u1ec7 cu\u1ed9c thi s\u1ebd b\u1ecb lo\u1ea1i kh\u1ecfi cu\u1ed9c thi sau khi \u0111\u01b0\u1ee3c b\u00e1o c\u00e1o v\u00e0 b\u00ecnh x\u00e9t x\u00e1c nh\u1eadn, kh\u00f4ng thay th\u1ebf th\u1ee9 h\u1ea1ng.<\/li>\n<li>T\u00e1c ph\u1ea9m d\u1ef1 thi \u0111\u1ea3m b\u1ea3o kh\u00f4ng vi ph\u1ea1m th\u1ec3 l\u1ec7 cu\u1ed9c thi, x\u00e2m ph\u1ea1m quy\u1ec1n s\u1edf h\u1eefu tr\u00ed tu\u1ec7 c\u1ee7a ng\u01b0\u1eddi kh\u00e1c, n\u1ebfu c\u00f3 tranh ch\u1ea5p, ph\u00e1p l\u00fd li\u00ean quan, ng\u01b0\u1eddi d\u1ef1 thi xin ho\u00e0n to\u00e0n ch\u1ecbu tr\u00e1ch nhi\u1ec7m.<\/li>\n<li>T\u1ea5t c\u1ea3 nh\u1eefng ng\u01b0\u1eddi tham gia \u0111\u01b0\u1ee3c y\u00eau c\u1ea7u \u0111i\u1ec1n v\u00e0o \u0111\u01a1n \u0111\u0103ng k\u00fd \u0111\u1ec3 g\u1eedi \u0111\u00e1nh gi\u00e1 s\u01a1 b\u1ed9, vui l\u00f2ng truy c\u1eadp trang web ch\u00ednh th\u1ee9c c\u1ee7a &quot;T\u1ed5 ch\u1ee9c V\u0103n h\u00f3a v\u00e0 Ngh\u1ec7 thu\u1eadt V\u01b0\u01a1ng Nguy\u00ean L\u00e2m&quot; <a href=\"https:\/\/wylf.org.tw\/vi\/\" target=\"_blank\" rel=\"noopener\">https:\/\/wylf.org.tw<\/a> T\u1ea3i xu\u1ed1ng.<\/li>\n<\/ol>\n<blockquote>\n<h3>6. C\u01a1 ch\u1ebf \u0111\u00e1nh gi\u00e1:<\/h3>\n<\/blockquote>\n<p>Ban t\u1ed5 ch\u1ee9c thu\u00ea c\u00e1c h\u1ecda s\u0129 c\u00f3 t\u00ean tu\u1ed5i v\u00e0 c\u00e1c nh\u00e0 chuy\u00ean m\u00f4n th\u00e0nh l\u1eadp h\u1ed9i \u0111\u1ed3ng ban gi\u00e1m kh\u1ea3o \u0111\u1ec3 ti\u1ebfn h\u00e0nh s\u01a1 k\u1ebft, t\u1ed5ng k\u1ebft v\u00e0 t\u1ed5ng k\u1ebft c\u00e1c t\u00e1c ph\u1ea9m d\u1ef1 thi m\u1ed9t c\u00e1ch c\u00f4ng b\u1eb1ng, kh\u00e1ch quan. Ng\u01b0\u1eddi d\u1ef1 thi kh\u00f4ng \u0111\u01b0\u1ee3c c\u00f3 \u00fd ki\u1ebfn ph\u1ea3n \u0111\u1ed1i Ban gi\u00e1m kh\u1ea3o.<\/p>\n<blockquote>\n<h3>7. Quy\u1ec1n thu v\u00e0 s\u1eed d\u1ee5ng:<\/h3>\n<\/blockquote>\n<p>C\u00e1c t\u00e1c ph\u1ea9m t\u1eeb v\u1ecb tr\u00ed th\u1ee9 nh\u1ea5t \u0111\u1ebfn th\u1ee9 m\u01b0\u1eddi trong cu\u1ed9c b\u00ecnh ch\u1ecdn cu\u1ed1i c\u00f9ng s\u1ebd do BTC thu th\u1eadp; c\u0103n c\u1ee9 v\u00e0o nhu c\u1ea7u qu\u1ea3ng b\u00e1 v\u00e0 qu\u1ea3ng b\u00e1, BTC s\u1ebd ti\u1ebfn h\u00e0nh nghi\u00ean c\u1ee9u, tri\u1ec3n l\u00e3m, ch\u1ee5p \u1ea3nh, b\u00e1o c\u00e1o, in \u1ea5n, xu\u1ea5t b\u1ea3n v\u00e0 li\u00ean quan \u0111\u1ebfn quy\u1ec1n xu\u1ea5t b\u1ea3n trong v\u0103n h\u1ecdc, t\u1ea1p ch\u00ed v\u00e0 Internet.<\/p>\n<blockquote>\n<h3>8. Tr\u00e1ch nhi\u1ec7m l\u01b0u k\u00fd:<\/h3>\n<\/blockquote>\n<p>N\u1ebfu t\u00e1c ph\u1ea9m g\u1eedi \u0111i x\u00e9t duy\u1ec7t \u0111\u01b0\u1ee3c ti\u1ebfp nh\u1eadn kh\u00f4ng sai s\u00f3t, kh\u00f4ng h\u01b0 h\u1ecfng th\u00ec BTC c\u00f3 tr\u00e1ch nhi\u1ec7m gi\u1eef l\u1ea1i t\u00e1c ph\u1ea9m, nh\u01b0ng trong tr\u01b0\u1eddng h\u1ee3p b\u1ea5t kh\u1ea3 kh\u00e1ng, v\u1eadt li\u1ec7u d\u1ec5 v\u1ee1, k\u1ebft c\u1ea5u v\u00e0 l\u1eafp \u0111\u1eb7t k\u00e9m, t\u00e1c ph\u1ea9m ch\u01b0a \u0111\u00f3ng g\u00f3i s\u1ebd kh\u00f4ng \u0111\u01b0\u1ee3c ch\u1ea5m. v\u1edbi s\u01a1 \u0111\u1ed3 d\u1ee1 h\u00e0ng Ban t\u1ed5 ch\u1ee9c s\u1ebd kh\u00f4ng ch\u1ecbu tr\u00e1ch nhi\u1ec7m b\u1ed3i th\u01b0\u1eddng thi\u1ec7t h\u1ea1i do vi\u1ec7c b\u1ed1c d\u1ee1 c\u00f4ng tr\u00ecnh g\u00e2y ra.<\/p>\n<blockquote>\n<h3>9. Ng\u00e0y nh\u1eadn:<\/h3>\n<\/blockquote>\n<p><strong><span style=\"color: #333333;\">1. Nh\u1eadn \u1ea3nh c\u1ee7a nh\u1eefng b\u1ee9c tranh review \u0111\u1ea7u ti\u00ean ~<\/span><\/strong><\/p>\n<ol>\n<li>T\u1eeb ng\u00e0y 2 th\u00e1ng 11 n\u0103m 2020 \u0111\u1ebfn ng\u00e0y 6 th\u00e1ng 11 n\u0103m 2020, th\u01b0 b\u1ea3o \u0111\u1ea3m s\u1ebd \u0111\u01b0\u1ee3c g\u1eedi trong th\u1eddi gian gi\u1edbi h\u1ea1n, c\u00f3 \u0111\u00f3ng d\u1ea5u b\u01b0u \u0111i\u1ec7n \u0111\u1ec3 l\u00e0m b\u1eb1ng ch\u1ee9ng, vui l\u00f2ng g\u1eedi trong phong b\u00ec, b\u1ea3n g\u1ed1c qu\u00e1 h\u1ea1n s\u1ebd \u0111\u01b0\u1ee3c tr\u1ea3 l\u1ea1i. K\u00edch th\u01b0\u1edbc \u1ea3nh m\u00e0u l\u00e0 8X10 inch. Kh\u00f4ng \u0111\u01b0\u1ee3c ph\u00e9p ch\u1ee5p \u1ea3nh t\u1eebng ph\u1ea7n v\u00e0 kh\u00f4ng \u0111\u01b0\u1ee3c ph\u00e9p g\u1eadp l\u1ea1i.<\/li>\n<li><strong>\u0111\u1ecba ch\u1ec9 g\u1eedi th\u01b0 \u0111\u00e3 \u0111\u0103ng k\u00fd<\/strong>: S\u1ed1 130, \u0110\u01b0\u1eddng s\u1ed1 8 Cihui, Qu\u1eadn Renwu, Th\u00e0nh ph\u1ed1 Cao H\u00f9ng, 814, vui l\u00f2ng \u0111\u0103ng k\u00fd cu\u1ed9c thi &quot;Gi\u1ea3i th\u01b0\u1edfng V\u0103n h\u1ecdc v\u00e0 Ngh\u1ec7 thu\u1eadt Zhumeiyuan&quot;.<\/li>\n<li>C\u00e1c t\u00e0i li\u1ec7u \u0111\u00e1nh gi\u00e1 ban \u0111\u1ea7u s\u1ebd kh\u00f4ng \u0111\u01b0\u1ee3c tr\u1ea3 l\u1ea1i.<\/li>\n<li>C\u00f3 \u00fd ki\u1ebfn cho r\u1eb1ng vi\u1ec7c ch\u1ee5p \u1ea3nh b\u00e0i d\u1ef1 thi c\u1ea7n \u0111\u01b0\u1ee3c x\u1eed l\u00fd v\u1edbi s\u1ef1 h\u1ed7 tr\u1ee3 c\u1ee7a c\u00e1c chuy\u00ean gia \u0111\u1ec3 kh\u00f4ng \u1ea3nh h\u01b0\u1edfng \u0111\u1ebfn quy\u1ec1n v\u00e0 l\u1ee3i \u00edch c\u1ee7a cu\u1ed9c thi.<\/li>\n<li><strong>Nh\u1eefng ng\u01b0\u1eddi l\u1ecdt v\u00e0o v\u00f2ng chung k\u1ebft \u0111\u00e3 \u0111\u01b0\u1ee3c c\u00f4ng b\u1ed1<\/strong>: Danh s\u00e1ch r\u00fat g\u1ecdn cho cu\u1ed9c \u0111\u00e1nh gi\u00e1 s\u01a1 b\u1ed9 s\u1ebd \u0111\u01b0\u1ee3c c\u00f4ng b\u1ed1 tr\u00ean trang ch\u1ee7 c\u1ee7a trang web &quot;Wang Yuanlin Culture and Art Foundation&quot; v\u00e0o gi\u1eefa th\u00e1ng 11 n\u0103m 2020 v\u00e0 s\u1ebd \u0111\u01b0\u1ee3c th\u00f4ng b\u00e1o b\u1eb1ng th\u01b0.<\/li>\n<\/ol>\n<p><strong><span style=\"color: #333333;\">Th\u1ee9 hai, xem l\u1ea1i bi\u00ean lai ban \u0111\u1ea7u ~<\/span><\/strong><\/p>\n<ol>\n<li>C\u00f3 d\u1ea5u b\u01b0u \u0111i\u1ec7n cho c\u00e1c l\u00f4 h\u00e0ng t\u1eeb ng\u00e0y 1 th\u00e1ng 12 \u0111\u1ebfn ng\u00e0y 4 th\u00e1ng 12 n\u0103m 2020.<\/li>\n<li><strong>Xem l\u1ea1i b\u00e0i n\u1ed9p<\/strong>: Nh\u1eefng ng\u01b0\u1eddi tham gia qua s\u01a1 kh\u1ea3o s\u1ebd \u0111\u01b0\u1ee3c ban t\u1ed5 ch\u1ee9c th\u00f4ng b\u00e1o b\u1eb1ng th\u01b0 \u0111\u1eb7c bi\u1ec7t. Vui l\u00f2ng g\u1eedi t\u00e1c ph\u1ea9m g\u1ed1c gi\u1ed1ng v\u1edbi \u1ea3nh ch\u1ee5p trong s\u01a1 kh\u1ea3o trong th\u1eddi h\u1ea1n ph\u00fac kh\u1ea3o v\u00e0 \u0111\u00ednh k\u00e8m &quot;\u0111\u1ed9 ph\u00e2n gi\u1ea3i 300 dpi T\u1ec7p \u1ea3nh \u0111\u1ecbnh d\u1ea1ng t\u1ec7p JPG \u201dv\u1edbi t\u00e1c ph\u1ea9m. \u0110\u0129a CD-ROM c\u00f3 ghi t\u00e1c gi\u1ea3 v\u00e0 t\u00ean t\u00e1c ph\u1ea9m tr\u00ean \u0111\u0129a CD-ROM. \u0110\u0129a CD-ROM c\u00f3 ghi t\u00e1c gi\u1ea3 v\u00e0 t\u00ean t\u00e1c ph\u1ea9m tr\u00ean \u0111\u0129a CD-ROM.<\/li>\n<li>M\u1eb7t sau c\u1ee7a khung g\u1ed1c ph\u1ea3i \u0111\u01b0\u1ee3c l\u1eafp b\u1eb1ng g\u1ed7, m\u1eb7t tr\u01b0\u1edbc ph\u1ea3i \u0111\u01b0\u1ee3c l\u1eafp b\u1eb1ng acrylic (kh\u00f4ng c\u00f3 k\u00ednh), tranh kh\u00f4ng \u0111\u01b0\u1ee3c \u0111\u00f3ng \u0111inh b\u1eb1ng s\u00fang b\u1eafn \u0111inh, khi \u0111\u00f3ng khung tranh c\u1ea7n ch\u00fa \u00fd xem tranh c\u00f3 lau kh\u00f4 \u0111\u1ec3 b\u1ea3o v\u1ec7 tranh, n\u1ebfu kh\u00f4ng tu\u00e2n theo quy \u0111\u1ecbnh BTC s\u1ebd kh\u00f4ng ch\u1ecbu tr\u00e1ch nhi\u1ec7m, chi ph\u00ed v\u1eadn chuy\u1ec3n h\u01b0 h\u1ecfng an to\u00e0n do ng\u01b0\u1eddi d\u1ef1 thi t\u1ef1 ch\u1ecbu.<\/li>\n<li>C\u00f3 b\u00e0i d\u1ef1 thi \u0111\u01b0\u1ee3c ch\u1ecdn l\u1ecdc, n\u1ebfu h\u01b0 khung, h\u01b0 tranh, th\u00ed sinh ph\u1ea3i t\u1ef1 s\u1eeda ch\u1eefa th\u00ec m\u1edbi ph\u00e1t th\u01b0\u1edfng.<\/li>\n<li><strong>\u0111\u1ecba ch\u1ec9 g\u1eedi th\u01b0<\/strong>: 814, S\u1ed1 130, \u0110\u01b0\u1eddng S\u1ed1 8 Cihui, Qu\u1eadn Renwu, Th\u00e0nh ph\u1ed1 Cao H\u00f9ng, vui l\u00f2ng \u0111\u0103ng k\u00fd cu\u1ed9c thi &quot;Gi\u1ea3i th\u01b0\u1edfng V\u0103n h\u1ecdc v\u00e0 Ngh\u1ec7 thu\u1eadt Zhumeiyuan&quot;.<\/li>\n<\/ol>\n<p><strong><span style=\"color: #333333;\">3. \u0110\u00e1nh gi\u00e1 cu\u1ed1i c\u00f9ng ~ Nh\u1eefng ng\u01b0\u1eddi v\u01b0\u1ee3t qua cu\u1ed9c \u0111\u00e1nh gi\u00e1 s\u1ebd tham gia v\u00e0o cu\u1ed9c \u0111\u00e1nh gi\u00e1 cu\u1ed1i c\u00f9ng.<\/span><\/strong><\/p>\n<blockquote>\n<h3>m\u01b0\u1eddi<\/h3>\n<\/blockquote>\n<p>\u0110\u1ec3 ph\u00e1t hi\u1ec7n v\u00e0 khuy\u1ebfn kh\u00edch nhi\u1ec1u h\u01a1n n\u1eefa nh\u1eefng tinh hoa m\u1ef9 thu\u1eadt tr\u1ebb v\u00e0 t\u1ea1o c\u01a1 h\u1ed9i gi\u00e0nh gi\u1ea3i th\u01b0\u1edfng, nh\u1eefng ng\u01b0\u1eddi \u0111\u00e3 ba l\u1ea7n \u0111\u1ea1t gi\u1ea3i cao nh\u1ea5t trong cu\u1ed9c thi n\u00e0y c\u00f3 th\u1ec3 \u0111\u01b0\u1ee3c m\u1eddi tham gia tri\u1ec3n l\u00e3m ho\u1eb7c l\u00e0m th\u00e0nh vi\u00ean ban gi\u00e1m kh\u1ea3o, v\u00e0 s\u1ebd kh\u00f4ng c\u00f2n tham gia cu\u1ed9c thi.<\/p>\n<blockquote>\n<h3>11. Gi\u1ea3i th\u01b0\u1edfng v\u00e0 Tri\u1ec3n l\u00e3m t\u00e1c ph\u1ea9m:<\/h3>\n<\/blockquote>\n<ol>\n<li>Th\u1eddi gian v\u00e0 \u0111\u1ecba \u0111i\u1ec3m c\u1ee7a l\u1ec5 trao gi\u1ea3i v\u00e0 tri\u1ec3n l\u00e3m c\u00e1c t\u00e1c ph\u1ea9m \u0111o\u1ea1t gi\u1ea3i s\u1ebd \u0111\u01b0\u1ee3c quy\u1ebft \u0111\u1ecbnh ri\u00eang.<\/li>\n<li>Ng\u01b0\u1eddi tham gia \u0111\u01b0\u1ee3c y\u00eau c\u1ea7u h\u1ee3p t\u00e1c v\u1edbi nh\u00e0 t\u1ed5 ch\u1ee9c \u0111\u1ec3 l\u00ean k\u1ebf ho\u1ea1ch cho c\u00e1c ho\u1ea1t \u0111\u1ed9ng tri\u1ec3n l\u00e3m mi\u1ec5n ph\u00ed.<\/li>\n<li>Sau tri\u1ec3n l\u00e3m, c\u00e1c t\u00e1c ph\u1ea9m s\u1ebd \u0111\u01b0\u1ee3c ban t\u1ed5 ch\u1ee9c g\u1eedi l\u1ea1i cho c\u00e1c th\u00ed sinh.<\/li>\n<\/ol>\n<blockquote>\n<h3>12. C\u00e1c c\u00e2u h\u1ecfi v\u1ec1 ho\u1ea1t \u0111\u1ed9ng:<\/h3>\n<\/blockquote>\n<p>Vui l\u00f2ng \u0111\u1ec3 l\u1ea1i tin nh\u1eafn &quot;Li\u00ean h\u1ec7 v\u1edbi ch\u00fang t\u00f4i&quot; tr\u00ean trang web ch\u00ednh th\u1ee9c c\u1ee7a &quot;T\u1ed5 ch\u1ee9c V\u0103n h\u00f3a v\u00e0 Ngh\u1ec7 thu\u1eadt V\u01b0\u01a1ng Nguy\u00ean L\u00e2m&quot;, v\u00e0 \u0111\u1ec3 l\u1ea1i s\u1ed1 \u0111i\u1ec7n tho\u1ea1i li\u00ean h\u1ec7, ho\u1eb7c trong gi\u1edd l\u00e0m vi\u1ec7c (Th\u1ee9 Ba \u0111\u1ebfn Th\u1ee9 B\u1ea3y, 10: 30 ~ 18: 30, li\u00ean h\u1ec7 hotline 07 -3747165 v\u00e0 s\u1ebd c\u00f3 ng\u01b0\u1eddi tr\u1ea3 l\u1eddi b\u1ea1n.<\/p>\n<blockquote>\n<h3>M\u01b0\u1eddi ba<\/h3>\n<\/blockquote>\n<p>Trong th\u1eddi gian di\u1ec5n ra s\u1ef1 ki\u1ec7n, ban t\u1ed5 ch\u1ee9c c\u00f3 quy\u1ec1n tuy\u1ec7t \u0111\u1ed1i gi\u1ea3i th\u00edch m\u1ecdi nghi ng\u1edd. N\u1ebfu c\u00f3 b\u1ea5t k\u1ef3 v\u1ea5n \u0111\u1ec1 n\u00e0o ch\u01b0a \u0111\u01b0\u1ee3c \u0111\u1ec1 c\u1eadp trong t\u1eadp t\u00e0i li\u1ec7u n\u00e0y, ng\u01b0\u1eddi t\u1ed5 ch\u1ee9c c\u00f3 th\u1ec3 s\u1eeda \u0111\u1ed5i, b\u1ed5 sung v\u00e0 th\u00f4ng b\u00e1o b\u1ea5t c\u1ee9 l\u00fac n\u00e0o trong &quot;Wang Yuanlin Culture and Art Foundation&quot; <a href=\"https:\/\/wylf.org.tw\/vi\/\" target=\"_blank\" rel=\"noopener\">https:\/\/wylf.org.tw<\/a> trang m\u1ea1ng.<\/p>\n<\/div><\/section>","protected":false},"excerpt":{"rendered":"","protected":false},"author":4,"featured_media":0,"parent":8062,"menu_order":0,"comment_status":"closed","ping_status":"closed","template":"","meta":{"footnotes":""},"class_list":["post-8091","page","type-page","status-publish","hentry"],"_links":{"self":[{"href":"https:\/\/wylf.org.tw\/vi\/wp-json\/wp\/v2\/pages\/8091","targetHints":{"allow":["GET"]}}],"collection":[{"href":"https:\/\/wylf.org.tw\/vi\/wp-json\/wp\/v2\/pages"}],"about":[{"href":"https:\/\/wylf.org.tw\/vi\/wp-json\/wp\/v2\/types\/page"}],"author":[{"embeddable":true,"href":"https:\/\/wylf.org.tw\/vi\/wp-json\/wp\/v2\/users\/4"}],"replies":[{"embeddable":true,"href":"https:\/\/wylf.org.tw\/vi\/wp-json\/wp\/v2\/comments?post=8091"}],"version-history":[{"count":9,"href":"https:\/\/wylf.org.tw\/vi\/wp-json\/wp\/v2\/pages\/8091\/revisions"}],"predecessor-version":[{"id":8127,"href":"https:\/\/wylf.org.tw\/vi\/wp-json\/wp\/v2\/pages\/8091\/revisions\/8127"}],"up":[{"embeddable":true,"href":"https:\/\/wylf.org.tw\/vi\/wp-json\/wp\/v2\/pages\/8062"}],"wp:attachment":[{"href":"https:\/\/wylf.org.tw\/vi\/wp-json\/wp\/v2\/media?parent=8091"}],"curies":[{"name":"wp","href":"https:\/\/api.w.org\/{rel}","templated":true}]}}