{"id":4736,"date":"2020-01-15T09:50:05","date_gmt":"2020-01-15T01:50:05","guid":{"rendered":"https:\/\/wylf.org.tw\/?page_id=4736"},"modified":"2020-01-20T22:36:02","modified_gmt":"2020-01-20T14:36:02","slug":"giai-thuong","status":"publish","type":"page","link":"https:\/\/wylf.org.tw\/vi\/awards\/","title":{"rendered":"Gi\u1ea3i th\u01b0\u1edfng v\u0103n h\u1ecdc ngh\u1ec7 thu\u1eadt"},"content":{"rendered":"<style type=\"text\/css\" data-created_by=\"avia_inline_auto\" id=\"style-css-av-k5htjp0c-5e834b2c13be7fbf48a9dad33d8e1ea6\">\n.avia-section.av-k5htjp0c-5e834b2c13be7fbf48a9dad33d8e1ea6{\nbackground-repeat:repeat;\nbackground-image:url(https:\/\/wylf.org.tw\/wp-content\/uploads\/2020\/01\/Header-3.jpg);\nbackground-position:50% 50%;\nbackground-attachment:scroll;\n}\n<\/style>\n<div id='av_section_1'  class='avia-section av-k5htjp0c-5e834b2c13be7fbf48a9dad33d8e1ea6 main_color avia-section-default avia-no-border-styling  avia-builder-el-0  el_before_av_textblock  avia-builder-el-first  avia-bg-style-scroll container_wrap sidebar_right'  data-section-bg-repeat='repeat'><div class='container av-section-cont-open' ><main  role=\"main\" itemprop=\"mainContentOfPage\"  class='template-page content  av-content-small alpha units'><div class='post-entry post-entry-type-page post-entry-4736'><div class='entry-content-wrapper clearfix'>\n\n<style type=\"text\/css\" data-created_by=\"avia_inline_auto\" id=\"style-css-av-k5i7h6xm-ce61bf857a8d9e1bfc27e81897ad89a8\">\n#top .hr.hr-invisible.av-k5i7h6xm-ce61bf857a8d9e1bfc27e81897ad89a8{\nmargin-top:-5px;\nheight:1px;\n}\n<\/style>\n<div  class='hr av-k5i7h6xm-ce61bf857a8d9e1bfc27e81897ad89a8 hr-invisible  avia-builder-el-1  el_before_av_button  avia-builder-el-first'><span class='hr-inner'><span class=\"hr-inner-style\"><\/span><\/span><\/div>\n<div  class='avia-button-wrap av-k5i77vc6-71f1e13b414336d36dc9beebdac9f133-wrap avia-button-center  avia-builder-el-2  el_after_av_hr  el_before_av_hr'><a href=''  class='avia-button av-k5i77vc6-71f1e13b414336d36dc9beebdac9f133 av-link-btn avia-icon_select-no avia-size-small avia-position-center avia-color-theme-color'  ><span class='avia_iconbox_title' >Gi\u1ea3i th\u01b0\u1edfng v\u0103n h\u1ecdc ngh\u1ec7 thu\u1eadt<\/span><\/a><\/div>\n\n<style type=\"text\/css\" data-created_by=\"avia_inline_auto\" id=\"style-css-av-k5i7h6xm-ce61bf857a8d9e1bfc27e81897ad89a8\">\n#top .hr.hr-invisible.av-k5i7h6xm-ce61bf857a8d9e1bfc27e81897ad89a8{\nmargin-top:-5px;\nheight:1px;\n}\n<\/style>\n<div  class='hr av-k5i7h6xm-ce61bf857a8d9e1bfc27e81897ad89a8 hr-invisible  avia-builder-el-3  el_after_av_button  avia-builder-el-last'><span class='hr-inner'><span class=\"hr-inner-style\"><\/span><\/span><\/div>\n<\/div><\/div><\/main><!-- close content main element --><\/div><\/div><div id='after_section_1'  class='main_color av_default_container_wrap container_wrap sidebar_right'  ><div class='container av-section-cont-open' ><div class='template-page content  av-content-small alpha units'><div class='post-entry post-entry-type-page post-entry-4736'><div class='entry-content-wrapper clearfix'>\n<section  class='av_textblock_section av-k5hvtk53-130dac21e0545c535227905154d4a5de'   itemscope=\"itemscope\" itemtype=\"https:\/\/schema.org\/CreativeWork\" ><div class='avia_textblock'  itemprop=\"text\" ><blockquote>\n<h2>Gi\u1ea3i th\u01b0\u1edfng v\u0103n h\u1ecdc ngh\u1ec7 thu\u1eadt<\/h2>\n<\/blockquote>\n<p>\u0110\u1ec3 th\u00fac \u0111\u1ea9y du l\u1ecbch c\u1ee7a Bora, \u00f4ng V\u01b0\u01a1ng Nguy\u00ean L\u00e2m b\u1eaft \u0111\u1ea7u t\u1ed5 ch\u1ee9c &quot;2015 Ng\u1eafm nh\u00ecn v\u1ebb \u0111\u1eb9p c\u1ee7a Bora l\u1ea7n n\u1eefa - Cu\u1ed9c thi v\u1ebd tranh s\u01a1n d\u1ea7u qu\u1ed1c gia&quot;, &quot;Ng\u1eafm nh\u00ecn v\u1ebb \u0111\u1eb9p c\u1ee7a Bora m\u1ed9t l\u1ea7n n\u1eefa n\u0103m 2016 - Cu\u1ed9c thi k\u00fd h\u1ecda tr\u1ebb em to\u00e0n qu\u1ed1c&quot;, &quot;2016 Ng\u1eafm nh\u00ecn v\u1ebb \u0111\u1eb9p l\u1ea1i c\u1ee7a Bora ~ Cu\u1ed9c thi v\u1ebd tranh s\u01a1n d\u1ea7u qu\u1ed1c gia &quot;v\u00e0 c\u00e1c ho\u1ea1t \u0111\u1ed9ng kh\u00e1c, t\u00f4i hy v\u1ecdng r\u1eb1ng th\u00f4ng qua cu\u1ed9c thi v\u1ebd tranh s\u01a1n d\u1ea7u qu\u1ed1c gia, th\u00f4ng qua n\u00e9t v\u1ebd c\u1ee7a c\u00e1c h\u1ecda s\u0129, b\u1ee9c tranh m\u00e0u s\u1ebd truy\u1ec1n t\u1ea3i cu\u1ed9c s\u1ed1ng m\u1edbi v\u00e0 s\u1ef1 chuy\u1ec3n m\u00ecnh c\u1ee7a Bora, v\u00e0 th\u00f4ng qua s\u1ef1 tham gia c\u1ee7a nh\u1eefng ng\u01b0\u1eddi tr\u1ebb tu\u1ed5i, s\u00e1ng t\u1ea1o h\u00ecnh \u00fd ngh\u0129a m\u1edbi c\u1ee7a Bora v\u00e0 h\u01a1n th\u1ebf n\u1eefa. Mong mu\u1ed1n gi\u1edbi thi\u1ec7u m\u1ed9t ph\u01b0\u01a1ng th\u1ee9c k\u1ebft h\u1ee3p v\u0103n h\u00f3a v\u00e0 du l\u1ecbch m\u1edbi, mang \u0111\u1ebfn cho Bora m\u1ed9t cu\u1ed9c s\u1ed1ng m\u1edbi v\u00e0 nh\u00ecn th\u1ea5y l\u1ea1i v\u1ebb \u0111\u1eb9p c\u1ee7a Bora.<\/p>\n<p>\u0110\u1ec3 n\u00e2ng cao h\u01a1n n\u1eefa n\u0103ng l\u01b0\u1ee3ng c\u1ee7a v\u0103n h\u00f3a v\u00e0 ngh\u1ec7 thu\u1eadt, th\u00fac \u0111\u1ea9y trao \u0111\u1ed5i v\u0103n h\u00f3a v\u00e0 s\u00e1ng t\u1ea1o ngh\u1ec7 thu\u1eadt, v\u00e0 c\u1ed1ng hi\u1ebfn h\u1ebft m\u00ecnh cho n\u1ec1n t\u1ea3ng gi\u00e1o d\u1ee5c v\u0103n h\u00f3a v\u00e0 ngh\u1ec7 thu\u1eadt, Ch\u1ee7 t\u1ecbch V\u01b0\u01a1ng Nguy\u00ean L\u00e2m \u0111\u00e3 th\u00e0nh l\u1eadp &quot;Qu\u1ef9 V\u0103n h\u00f3a v\u00e0 Ngh\u1ec7 thu\u1eadt V\u01b0\u01a1ng Nguy\u00ean L\u00e2m&quot; d\u1ef1a tr\u00ean c\u01a1 s\u1edf x\u00e3 h\u1ed9i doanh nghi\u1ec7p tr\u00e1ch nhi\u1ec7m, hy v\u1ecdng th\u00fac \u0111\u1ea9y ngh\u1ec7 thu\u1eadt, n\u00e2ng cao ch\u1ea5t l\u01b0\u1ee3ng v\u0103n h\u00f3a, v\u00e0 kh\u00e1m ph\u00e1 th\u00eam Nhi\u1ec1u tinh hoa ngh\u1ec7 thu\u1eadt tr\u1ebb.<\/p>\n<\/div><\/section>\n\n<style type=\"text\/css\" data-created_by=\"avia_inline_auto\" id=\"style-css-av-k5hw2bb6-23d5f8d90e7776d2ca102ac84fc5b2ee\">\n#top .hr.hr-invisible.av-k5hw2bb6-23d5f8d90e7776d2ca102ac84fc5b2ee{\nheight:20px;\n}\n<\/style>\n<div  class='hr av-k5hw2bb6-23d5f8d90e7776d2ca102ac84fc5b2ee hr-invisible  avia-builder-el-5  el_after_av_textblock  el_before_av_one_full'><span class='hr-inner'><span class=\"hr-inner-style\"><\/span><\/span><\/div>\n\n<style type=\"text\/css\" data-created_by=\"avia_inline_auto\" id=\"style-css-av-2vj61c-56bb95cc5676cc28367cf235750fbe2d\">\n.flex_column.av-2vj61c-56bb95cc5676cc28367cf235750fbe2d{\nborder-radius:0px 0px 0px 0px;\npadding:0px 0px 0px 0px;\n}\n<\/style>\n<div  class='flex_column av-2vj61c-56bb95cc5676cc28367cf235750fbe2d av_one_full  avia-builder-el-6  el_after_av_hr  avia-builder-el-last  first flex_column_div av-zero-column-padding'     ><p>\n<style type=\"text\/css\" data-created_by=\"avia_inline_auto\" id=\"style-css-av-k5hy3pyo-5de469978788b42f0e6b2e44c7a90848\">\n.avia-image-container.av-k5hy3pyo-5de469978788b42f0e6b2e44c7a90848 img.avia_image{\nbox-shadow:none;\n}\n.avia-image-container.av-k5hy3pyo-5de469978788b42f0e6b2e44c7a90848 .av-image-caption-overlay-center{\ncolor:#ffffff;\n}\n<\/style>\n<div  class='avia-image-container av-k5hy3pyo-5de469978788b42f0e6b2e44c7a90848 av-styling- av-img-linked avia-align-center  avia-builder-el-7  el_before_av_hr  avia-builder-el-first'   itemprop=\"image\" itemscope=\"itemscope\" itemtype=\"https:\/\/schema.org\/ImageObject\" ><div class=\"avia-image-container-inner\"><div class=\"avia-image-overlay-wrap\"><a href=\"https:\/\/wylf.org.tw\/vi\/awards\/2019-watercolor\/\" class='avia_image'  aria-label='Gi\u1ea3i th\u01b0\u1edfng 764x263 2019 1'><img decoding=\"async\" fetchpriority=\"high\" class='wp-image-6438 avia-img-lazy-loading-not-6438 avia_image' src=\"https:\/\/wylf.org.tw\/wp-content\/uploads\/2020\/01\/awards-764x263-2019-1.jpg\" alt='' title='Gi\u1ea3i th\u01b0\u1edfng 764x263 2019 1'  height=\"263\" width=\"764\"  itemprop=\"thumbnailUrl\" srcset=\"https:\/\/wylf.org.tw\/wp-content\/uploads\/2020\/01\/awards-764x263-2019-1.jpg 764w, https:\/\/wylf.org.tw\/wp-content\/uploads\/2020\/01\/awards-764x263-2019-1-300x103.jpg 300w, https:\/\/wylf.org.tw\/wp-content\/uploads\/2020\/01\/awards-764x263-2019-1-705x243.jpg 705w\" sizes=\"(max-width: 764px) 100vw, 764px\" \/><\/a><\/div><\/div><\/div><br \/>\n\n<style type=\"text\/css\" data-created_by=\"avia_inline_auto\" id=\"style-css-av-k5hw2bb6-5786b673caeaf933c82c3712d660e3a5\">\n#top .hr.hr-invisible.av-k5hw2bb6-5786b673caeaf933c82c3712d660e3a5{\nheight:10px;\n}\n<\/style>\n<div  class='hr av-k5hw2bb6-5786b673caeaf933c82c3712d660e3a5 hr-invisible  avia-builder-el-8  el_after_av_image  el_before_av_image'><span class='hr-inner'><span class=\"hr-inner-style\"><\/span><\/span><\/div><br \/>\n\n<style type=\"text\/css\" data-created_by=\"avia_inline_auto\" id=\"style-css-av-k5hy3pyo-00364934ee1e80597a9062a7e42fe324\">\n.avia-image-container.av-k5hy3pyo-00364934ee1e80597a9062a7e42fe324 img.avia_image{\nbox-shadow:none;\n}\n.avia-image-container.av-k5hy3pyo-00364934ee1e80597a9062a7e42fe324 .av-image-caption-overlay-center{\ncolor:#ffffff;\n}\n<\/style>\n<div  class='avia-image-container av-k5hy3pyo-00364934ee1e80597a9062a7e42fe324 av-styling- av-img-linked avia-align-center  avia-builder-el-9  el_after_av_hr  el_before_av_hr'   itemprop=\"image\" itemscope=\"itemscope\" itemtype=\"https:\/\/schema.org\/ImageObject\" ><div class=\"avia-image-container-inner\"><div class=\"avia-image-overlay-wrap\"><a href=\"https:\/\/wylf.org.tw\/vi\/awards\/2018-%e7%ab%b9%e6%a2%85%e6%ba%90%e6%96%87%e8%97%9d%e7%8d%8e\/\" class='avia_image'  aria-label='Gi\u1ea3i th\u01b0\u1edfng 764x263 2018 1'><img decoding=\"async\" fetchpriority=\"high\" class='wp-image-6437 avia-img-lazy-loading-not-6437 avia_image' src=\"https:\/\/wylf.org.tw\/wp-content\/uploads\/2020\/01\/awards-764x263-2018-1.jpg\" alt='' title='Gi\u1ea3i th\u01b0\u1edfng 764x263 2018 1'  height=\"263\" width=\"764\"  itemprop=\"thumbnailUrl\" srcset=\"https:\/\/wylf.org.tw\/wp-content\/uploads\/2020\/01\/awards-764x263-2018-1.jpg 764w, https:\/\/wylf.org.tw\/wp-content\/uploads\/2020\/01\/awards-764x263-2018-1-300x103.jpg 300w, https:\/\/wylf.org.tw\/wp-content\/uploads\/2020\/01\/awards-764x263-2018-1-705x243.jpg 705w\" sizes=\"(max-width: 764px) 100vw, 764px\" \/><\/a><\/div><\/div><\/div><br \/>\n\n<style type=\"text\/css\" data-created_by=\"avia_inline_auto\" id=\"style-css-av-k5hw2bb6-5786b673caeaf933c82c3712d660e3a5\">\n#top .hr.hr-invisible.av-k5hw2bb6-5786b673caeaf933c82c3712d660e3a5{\nheight:10px;\n}\n<\/style>\n<div  class='hr av-k5hw2bb6-5786b673caeaf933c82c3712d660e3a5 hr-invisible  avia-builder-el-10  el_after_av_image  el_before_av_image'><span class='hr-inner'><span class=\"hr-inner-style\"><\/span><\/span><\/div><br \/>\n\n<style type=\"text\/css\" data-created_by=\"avia_inline_auto\" id=\"style-css-av-k5hy3pyo-559a8f857d88bbec0385d07939e4a47f\">\n.avia-image-container.av-k5hy3pyo-559a8f857d88bbec0385d07939e4a47f img.avia_image{\nbox-shadow:none;\n}\n.avia-image-container.av-k5hy3pyo-559a8f857d88bbec0385d07939e4a47f .av-image-caption-overlay-center{\ncolor:#ffffff;\n}\n<\/style>\n<div  class='avia-image-container av-k5hy3pyo-559a8f857d88bbec0385d07939e4a47f av-styling- av-img-linked avia-align-center  avia-builder-el-11  el_after_av_hr  el_before_av_hr'   itemprop=\"image\" itemscope=\"itemscope\" itemtype=\"https:\/\/schema.org\/ImageObject\" ><div class=\"avia-image-container-inner\"><div class=\"avia-image-overlay-wrap\"><a href=\"https:\/\/wylf.org.tw\/vi\/awards\/2017-%e7%ab%b9%e6%a2%85%e6%ba%90%e6%96%87%e8%97%9d%e7%8d%8e\/\" class='avia_image'  aria-label='Gi\u1ea3i th\u01b0\u1edfng 764x263 2017 1'><img decoding=\"async\" fetchpriority=\"high\" class='wp-image-6436 avia-img-lazy-loading-not-6436 avia_image' src=\"https:\/\/wylf.org.tw\/wp-content\/uploads\/2020\/01\/awards-764x263-2017-1.jpg\" alt='' title='Gi\u1ea3i th\u01b0\u1edfng 764x263 2017 1'  height=\"263\" width=\"764\"  itemprop=\"thumbnailUrl\" srcset=\"https:\/\/wylf.org.tw\/wp-content\/uploads\/2020\/01\/awards-764x263-2017-1.jpg 764w, https:\/\/wylf.org.tw\/wp-content\/uploads\/2020\/01\/awards-764x263-2017-1-300x103.jpg 300w, https:\/\/wylf.org.tw\/wp-content\/uploads\/2020\/01\/awards-764x263-2017-1-705x243.jpg 705w\" sizes=\"(max-width: 764px) 100vw, 764px\" \/><\/a><\/div><\/div><\/div><br \/>\n\n<style type=\"text\/css\" data-created_by=\"avia_inline_auto\" id=\"style-css-av-k5hw2bb6-5786b673caeaf933c82c3712d660e3a5\">\n#top .hr.hr-invisible.av-k5hw2bb6-5786b673caeaf933c82c3712d660e3a5{\nheight:10px;\n}\n<\/style>\n<div  class='hr av-k5hw2bb6-5786b673caeaf933c82c3712d660e3a5 hr-invisible  avia-builder-el-12  el_after_av_image  el_before_av_image'><span class='hr-inner'><span class=\"hr-inner-style\"><\/span><\/span><\/div><br \/>\n\n<style type=\"text\/css\" data-created_by=\"avia_inline_auto\" id=\"style-css-av-k5hy3pyo-ba00e4343e1972d35a216f96771c20a0\">\n.avia-image-container.av-k5hy3pyo-ba00e4343e1972d35a216f96771c20a0 img.avia_image{\nbox-shadow:none;\n}\n.avia-image-container.av-k5hy3pyo-ba00e4343e1972d35a216f96771c20a0 .av-image-caption-overlay-center{\ncolor:#ffffff;\n}\n<\/style>\n<div  class='avia-image-container av-k5hy3pyo-ba00e4343e1972d35a216f96771c20a0 av-styling- av-img-linked avia-align-center  avia-builder-el-13  el_after_av_hr  el_before_av_hr'   itemprop=\"image\" itemscope=\"itemscope\" itemtype=\"https:\/\/schema.org\/ImageObject\" ><div class=\"avia-image-container-inner\"><div class=\"avia-image-overlay-wrap\"><a href=\"https:\/\/wylf.org.tw\/vi\/awards\/2016-%e7%ab%b9%e6%a2%85%e6%ba%90%e6%96%87%e8%97%9d%e7%8d%8e\/\" class='avia_image'  aria-label='Gi\u1ea3i th\u01b0\u1edfng 764x263 2016 1'><img decoding=\"async\" fetchpriority=\"high\" class='wp-image-6435 avia-img-lazy-loading-not-6435 avia_image' src=\"https:\/\/wylf.org.tw\/wp-content\/uploads\/2020\/01\/awards-764x263-2016-1.jpg\" alt='' title='Gi\u1ea3i th\u01b0\u1edfng 764x263 2016 1'  height=\"263\" width=\"764\"  itemprop=\"thumbnailUrl\" srcset=\"https:\/\/wylf.org.tw\/wp-content\/uploads\/2020\/01\/awards-764x263-2016-1.jpg 764w, https:\/\/wylf.org.tw\/wp-content\/uploads\/2020\/01\/awards-764x263-2016-1-300x103.jpg 300w, https:\/\/wylf.org.tw\/wp-content\/uploads\/2020\/01\/awards-764x263-2016-1-705x243.jpg 705w\" sizes=\"(max-width: 764px) 100vw, 764px\" \/><\/a><\/div><\/div><\/div><br \/>\n\n<style type=\"text\/css\" data-created_by=\"avia_inline_auto\" id=\"style-css-av-k5hw2bb6-5786b673caeaf933c82c3712d660e3a5\">\n#top .hr.hr-invisible.av-k5hw2bb6-5786b673caeaf933c82c3712d660e3a5{\nheight:10px;\n}\n<\/style>\n<div  class='hr av-k5hw2bb6-5786b673caeaf933c82c3712d660e3a5 hr-invisible  avia-builder-el-14  el_after_av_image  el_before_av_image'><span class='hr-inner'><span class=\"hr-inner-style\"><\/span><\/span><\/div><br \/>\n\n<style type=\"text\/css\" data-created_by=\"avia_inline_auto\" id=\"style-css-av-k5hy3pyo-20b95dfad1d356493d7a5bca7bd36cac\">\n.avia-image-container.av-k5hy3pyo-20b95dfad1d356493d7a5bca7bd36cac img.avia_image{\nbox-shadow:none;\n}\n.avia-image-container.av-k5hy3pyo-20b95dfad1d356493d7a5bca7bd36cac .av-image-caption-overlay-center{\ncolor:#ffffff;\n}\n<\/style>\n<div  class='avia-image-container av-k5hy3pyo-20b95dfad1d356493d7a5bca7bd36cac av-styling- av-img-linked avia-align-center  avia-builder-el-15  el_after_av_hr  avia-builder-el-last'   itemprop=\"image\" itemscope=\"itemscope\" itemtype=\"https:\/\/schema.org\/ImageObject\" ><div class=\"avia-image-container-inner\"><div class=\"avia-image-overlay-wrap\"><a href=\"https:\/\/wylf.org.tw\/vi\/awards\/2015%e5%85%a8%e5%9c%8b%e6%b2%b9%e7%95%ab%e6%af%94%e8%b3%bd\/\" class='avia_image'  aria-label='Gi\u1ea3i th\u01b0\u1edfng 764x263 2015 1'><img decoding=\"async\" fetchpriority=\"high\" class='wp-image-6434 avia-img-lazy-loading-not-6434 avia_image' src=\"https:\/\/wylf.org.tw\/wp-content\/uploads\/2020\/01\/awards-764x263-2015-1.jpg\" alt='' title='Gi\u1ea3i th\u01b0\u1edfng 764x263 2015 1'  height=\"263\" width=\"764\"  itemprop=\"thumbnailUrl\" srcset=\"https:\/\/wylf.org.tw\/wp-content\/uploads\/2020\/01\/awards-764x263-2015-1.jpg 764w, https:\/\/wylf.org.tw\/wp-content\/uploads\/2020\/01\/awards-764x263-2015-1-300x103.jpg 300w, https:\/\/wylf.org.tw\/wp-content\/uploads\/2020\/01\/awards-764x263-2015-1-705x243.jpg 705w\" sizes=\"(max-width: 764px) 100vw, 764px\" \/><\/a><\/div><\/div><\/div><\/p><\/div>","protected":false},"excerpt":{"rendered":"","protected":false},"author":4,"featured_media":0,"parent":0,"menu_order":0,"comment_status":"closed","ping_status":"closed","template":"","meta":{"footnotes":""},"class_list":["post-4736","page","type-page","status-publish","hentry"],"_links":{"self":[{"href":"https:\/\/wylf.org.tw\/vi\/wp-json\/wp\/v2\/pages\/4736","targetHints":{"allow":["GET"]}}],"collection":[{"href":"https:\/\/wylf.org.tw\/vi\/wp-json\/wp\/v2\/pages"}],"about":[{"href":"https:\/\/wylf.org.tw\/vi\/wp-json\/wp\/v2\/types\/page"}],"author":[{"embeddable":true,"href":"https:\/\/wylf.org.tw\/vi\/wp-json\/wp\/v2\/users\/4"}],"replies":[{"embeddable":true,"href":"https:\/\/wylf.org.tw\/vi\/wp-json\/wp\/v2\/comments?post=4736"}],"version-history":[{"count":41,"href":"https:\/\/wylf.org.tw\/vi\/wp-json\/wp\/v2\/pages\/4736\/revisions"}],"predecessor-version":[{"id":8544,"href":"https:\/\/wylf.org.tw\/vi\/wp-json\/wp\/v2\/pages\/4736\/revisions\/8544"}],"wp:attachment":[{"href":"https:\/\/wylf.org.tw\/vi\/wp-json\/wp\/v2\/media?parent=4736"}],"curies":[{"name":"wp","href":"https:\/\/api.w.org\/{rel}","templated":true}]}}