{"id":13929,"date":"2026-02-04T15:02:50","date_gmt":"2026-02-04T07:02:50","guid":{"rendered":"https:\/\/wylf.org.tw\/?page_id=13929"},"modified":"2026-02-26T14:20:23","modified_gmt":"2026-02-26T06:20:23","slug":"ket-qua-cuoi-cung","status":"publish","type":"page","link":"https:\/\/wylf.org.tw\/vi\/2026-the-1st-wang-yuanlin-art-awards\/final-results\/","title":{"rendered":"Gi\u1ea3i th\u01b0\u1edfng M\u1ef9 thu\u1eadt Wang Yuanlin l\u1ea7n th\u1ee9 1 [K\u1ebft qu\u1ea3 ch\u1ea5m thi cu\u1ed1i c\u00f9ng]"},"content":{"rendered":"<style type=\"text\/css\" data-created_by=\"avia_inline_auto\" id=\"style-css-av-loxwk875-4c665db6325d2c006bdf4657a95b1a72\">\n.avia-image-container.av-loxwk875-4c665db6325d2c006bdf4657a95b1a72 img.avia_image{\nbox-shadow:none;\n}\n.avia-image-container.av-loxwk875-4c665db6325d2c006bdf4657a95b1a72 .av-image-caption-overlay-center{\ncolor:#ffffff;\n}\n<\/style>\n<div  class='avia-image-container av-loxwk875-4c665db6325d2c006bdf4657a95b1a72 av-styling- avia-align-center  avia-builder-el-0  el_before_av_hr  avia-builder-el-first'   itemprop=\"image\" itemscope=\"itemscope\" itemtype=\"https:\/\/schema.org\/ImageObject\" ><div class=\"avia-image-container-inner\"><div class=\"avia-image-overlay-wrap\"><img decoding=\"async\" fetchpriority=\"high\" class='wp-image-13622 avia-img-lazy-loading-not-13622 avia_image' src=\"https:\/\/wylf.org.tw\/wp-content\/uploads\/2025\/12\/0401\u738b\u6e90\u6797\u7f8e\u8853\u734e-1654x1082-1.jpg\" alt='' title='0401 Wang Yuanlin Art Award - 1654x1082'  height=\"1082\" width=\"1654\"  itemprop=\"thumbnailUrl\" srcset=\"https:\/\/wylf.org.tw\/wp-content\/uploads\/2025\/12\/0401\u738b\u6e90\u6797\u7f8e\u8853\u734e-1654x1082-1.jpg 1654w, https:\/\/wylf.org.tw\/wp-content\/uploads\/2025\/12\/0401\u738b\u6e90\u6797\u7f8e\u8853\u734e-1654x1082-1-300x196.jpg 300w, https:\/\/wylf.org.tw\/wp-content\/uploads\/2025\/12\/0401\u738b\u6e90\u6797\u7f8e\u8853\u734e-1654x1082-1-1030x674.jpg 1030w, https:\/\/wylf.org.tw\/wp-content\/uploads\/2025\/12\/0401\u738b\u6e90\u6797\u7f8e\u8853\u734e-1654x1082-1-768x502.jpg 768w, https:\/\/wylf.org.tw\/wp-content\/uploads\/2025\/12\/0401\u738b\u6e90\u6797\u7f8e\u8853\u734e-1654x1082-1-1536x1005.jpg 1536w, https:\/\/wylf.org.tw\/wp-content\/uploads\/2025\/12\/0401\u738b\u6e90\u6797\u7f8e\u8853\u734e-1654x1082-1-18x12.jpg 18w, https:\/\/wylf.org.tw\/wp-content\/uploads\/2025\/12\/0401\u738b\u6e90\u6797\u7f8e\u8853\u734e-1654x1082-1-1500x981.jpg 1500w, https:\/\/wylf.org.tw\/wp-content\/uploads\/2025\/12\/0401\u738b\u6e90\u6797\u7f8e\u8853\u734e-1654x1082-1-705x461.jpg 705w\" sizes=\"(max-width: 1654px) 100vw, 1654px\" \/><\/div><\/div><\/div>\n\n<style type=\"text\/css\" data-created_by=\"avia_inline_auto\" id=\"style-css-av-mjgk668a-84853491ac2ce9016c2c9b9d5a54b03a\">\n#top .hr.hr-invisible.av-mjgk668a-84853491ac2ce9016c2c9b9d5a54b03a{\nheight:40px;\n}\n<\/style>\n<div  class='hr av-mjgk668a-84853491ac2ce9016c2c9b9d5a54b03a hr-invisible  avia-builder-el-1  el_after_av_image  el_before_av_textblock'><span class='hr-inner'><span class=\"hr-inner-style\"><\/span><\/span><\/div>\n<section  class='av_textblock_section av-m3fjerxd-de0f3078c4b2ba3a31e55501893b0a5a'   itemscope=\"itemscope\" itemtype=\"https:\/\/schema.org\/CreativeWork\" ><div class='avia_textblock'  itemprop=\"text\" ><h2 style=\"text-align: center;\"><span style=\"color: #8ec33e;\">\u3010K\u1ebft qu\u1ea3 x\u00e9t duy\u1ec7t cu\u1ed1i c\u00f9ng\u3011<\/span><\/h2>\n<p>Gi\u1ea3i th\u01b0\u1edfng M\u1ef9 thu\u1eadt Wang Yuanlin l\u1ea7n th\u1ee9 1 \u0111\u00e3 \u0111\u01b0\u1ee3c H\u1ed9i \u0111\u1ed3ng gi\u00e1m kh\u1ea3o ho\u00e0n th\u00e0nh qua ba giai \u0111o\u1ea1n \u0111\u00e1nh gi\u00e1 m\u1ed9t c\u00e1ch c\u00f4ng b\u1eb1ng v\u00e0 kh\u00e1ch quan, ch\u1ecdn ra 1 gi\u1ea3i Wang Yuanlin, 4 gi\u1ea3i xu\u1ea5t s\u1eafc v\u00e0 33 t\u00e1c ph\u1ea9m \u0111o\u1ea1t gi\u1ea3i.<\/p>\n<p>H\u1ed9i \u0111\u1ed3ng gi\u00e1m kh\u1ea3o do Gi\u00e1o s\u01b0 danh d\u1ef1 Su Xingfa c\u1ee7a Khoa M\u1ef9 thu\u1eadt, \u0110\u1ea1i h\u1ecdc S\u01b0 ph\u1ea1m Qu\u1ed1c gia \u0110\u00e0i Loan l\u00e0m ch\u1ee7 t\u1ecbch, c\u00f9ng v\u1edbi 4 th\u00e0nh vi\u00ean gi\u00e1m kh\u1ea3o kh\u00e1c, bao g\u1ed3m: Gi\u00e1m \u0111\u1ed1c B\u1ea3o t\u00e0ng M\u1ef9 thu\u1eadt Qu\u1ed1c gia \u0110\u00e0i Loan Chen Kuang-yi, Hi\u1ec7u tr\u01b0\u1edfng Khoa Nh\u00e2n v\u0103n, \u0110\u1ea1i h\u1ecdc Gi\u00e1o d\u1ee5c Qu\u1ed1c gia \u0110\u00e0i Trung Lin Chin-hsien, Ph\u00f3 gi\u00e1o s\u01b0 Khoa M\u1ef9 thu\u1eadt, \u0110\u1ea1i h\u1ecdc S\u01b0 ph\u1ea1m Qu\u1ed1c gia \u0110\u00e0i Loan Hou Chung-ying, Ph\u00f3 gi\u00e1o s\u01b0 Khoa Ngh\u1ec7 thu\u1eadt Th\u1ecb gi\u00e1c v\u00e0 Thi\u1ebft k\u1ebf, \u0110\u1ea1i h\u1ecdc Qu\u1ed1c gia \u0110\u00e0i Nam Hong Ming-chueh.<\/p>\n<p>38 t\u00e1c ph\u1ea9m \u0111o\u1ea1t gi\u1ea3i s\u1ebd \u0111\u01b0\u1ee3c tr\u01b0ng b\u00e0y t\u1ea1i Ph\u00f2ng Tri\u1ec3n l\u00e3m Zhenzhen, Trung t\u00e2m V\u0103n h\u00f3a Th\u00e0nh ph\u1ed1 Cao H\u00f9ng. Th\u1eddi gian tri\u1ec3n l\u00e3m: t\u1eeb ng\u00e0y 6 th\u00e1ng 3 \u0111\u1ebfn ng\u00e0y 17 th\u00e1ng 3 n\u0103m 2026. Gi\u1edd m\u1edf c\u1eeda: \u0111\u00f3ng c\u1eeda v\u00e0o th\u1ee9 Hai; t\u1eeb th\u1ee9 Ba \u0111\u1ebfn th\u1ee9 N\u0103m v\u00e0 Ch\u1ee7 Nh\u1eadt: 10:30~17:30; th\u1ee9 S\u00e1u v\u00e0 th\u1ee9 B\u1ea3y: 10:30~20:00. K\u00ednh m\u1eddi qu\u00fd v\u1ecb \u0111\u1ebfn tham quan v\u00e0 g\u00f3p \u00fd.<\/p>\n<p>L\u1ec5 trao gi\u1ea3i s\u1ebd \u0111\u01b0\u1ee3c t\u1ed5 ch\u1ee9c v\u00e0o l\u00fac 3 gi\u1edd 30 ph\u00fat chi\u1ec1u th\u1ee9 B\u1ea3y, ng\u00e0y 7 th\u00e1ng 3 n\u0103m 115, t\u1ea1i Ph\u00f2ng Tri\u1ec3n l\u00e3m Zhenzhen, Trung t\u00e2m V\u0103n h\u00f3a Th\u00e0nh ph\u1ed1 Cao H\u00f9ng. Xin ch\u00fac m\u1eebng m\u1ed9t l\u1ea7n n\u1eefa t\u1ea5t c\u1ea3 c\u00e1c th\u00ed sinh \u0111o\u1ea1t gi\u1ea3i.<\/p>\n<\/div><\/section>\n<div  class='tabcontainer av-ml7ogyvd-57ff3f653ec2c82faf9605e16c93cd65 top_tab  avia-builder-el-3  el_after_av_textblock  avia-builder-el-last' role='tablist'>\n<section class='av_tab_section av_tab_section av-ml7oilsi-c1fa366d1509e84025758860ffde56a4'  itemscope=\"itemscope\" itemtype=\"https:\/\/schema.org\/CreativeWork\" ><div class='tab active_tab' role='tab' tabindex='0' data-fake-id='#tab-id-1' aria-controls='tab-id-1-content'  itemprop=\"headline\" >Gi\u1ea3i th\u01b0\u1edfng Wang Yuanlin &amp; Gi\u1ea3i th\u01b0\u1edfng Xu\u1ea5t s\u1eafc<\/div><div id='tab-id-1-content' class='tab_content active_tab_content' aria-hidden=\"false\"><div class='tab_inner_content invers-color'  itemprop=\"text\" ><p><img loading=\"lazy\" decoding=\"async\" class=\"alignnone size-full wp-image-13819\" src=\"https:\/\/wylf.org.tw\/wp-content\/uploads\/2026\/02\/\u5f97\u734e\u4f5c\u54c1-01.jpg\" alt=\"\" width=\"1240\" height=\"1624\" srcset=\"https:\/\/wylf.org.tw\/wp-content\/uploads\/2026\/02\/\u5f97\u734e\u4f5c\u54c1-01.jpg 1240w, https:\/\/wylf.org.tw\/wp-content\/uploads\/2026\/02\/\u5f97\u734e\u4f5c\u54c1-01-229x300.jpg 229w, https:\/\/wylf.org.tw\/wp-content\/uploads\/2026\/02\/\u5f97\u734e\u4f5c\u54c1-01-786x1030.jpg 786w, https:\/\/wylf.org.tw\/wp-content\/uploads\/2026\/02\/\u5f97\u734e\u4f5c\u54c1-01-768x1006.jpg 768w, https:\/\/wylf.org.tw\/wp-content\/uploads\/2026\/02\/\u5f97\u734e\u4f5c\u54c1-01-1173x1536.jpg 1173w, https:\/\/wylf.org.tw\/wp-content\/uploads\/2026\/02\/\u5f97\u734e\u4f5c\u54c1-01-9x12.jpg 9w, https:\/\/wylf.org.tw\/wp-content\/uploads\/2026\/02\/\u5f97\u734e\u4f5c\u54c1-01-1145x1500.jpg 1145w, https:\/\/wylf.org.tw\/wp-content\/uploads\/2026\/02\/\u5f97\u734e\u4f5c\u54c1-01-538x705.jpg 538w\" sizes=\"auto, (max-width: 1240px) 100vw, 1240px\" \/><\/p>\n<\/div><\/div><\/section>\n<section class='av_tab_section av_tab_section av-ml7oj40w-76a4b0c23840c7b583c756527228f98c'  itemscope=\"itemscope\" itemtype=\"https:\/\/schema.org\/CreativeWork\" ><div class='tab' role='tab' tabindex='0' data-fake-id='#tab-id-2' aria-controls='tab-id-2-content'  itemprop=\"headline\" >Danh s\u00e1ch \u0111\u01b0\u1ee3c ch\u1ecdn<\/div><div id='tab-id-2-content' class='tab_content' aria-hidden=\"true\"><div class='tab_inner_content invers-color'  itemprop=\"text\" ><p><img loading=\"lazy\" decoding=\"async\" class=\"alignnone size-full wp-image-13820\" src=\"https:\/\/wylf.org.tw\/wp-content\/uploads\/2026\/02\/\u5f97\u734e\u4f5c\u54c1-02-scaled.jpg\" alt=\"\" width=\"1124\" height=\"2560\" srcset=\"https:\/\/wylf.org.tw\/wp-content\/uploads\/2026\/02\/\u5f97\u734e\u4f5c\u54c1-02-scaled.jpg 1124w, https:\/\/wylf.org.tw\/wp-content\/uploads\/2026\/02\/\u5f97\u734e\u4f5c\u54c1-02-132x300.jpg 132w, https:\/\/wylf.org.tw\/wp-content\/uploads\/2026\/02\/\u5f97\u734e\u4f5c\u54c1-02-452x1030.jpg 452w, https:\/\/wylf.org.tw\/wp-content\/uploads\/2026\/02\/\u5f97\u734e\u4f5c\u54c1-02-768x1750.jpg 768w, https:\/\/wylf.org.tw\/wp-content\/uploads\/2026\/02\/\u5f97\u734e\u4f5c\u54c1-02-674x1536.jpg 674w, https:\/\/wylf.org.tw\/wp-content\/uploads\/2026\/02\/\u5f97\u734e\u4f5c\u54c1-02-899x2048.jpg 899w, https:\/\/wylf.org.tw\/wp-content\/uploads\/2026\/02\/\u5f97\u734e\u4f5c\u54c1-02-5x12.jpg 5w, https:\/\/wylf.org.tw\/wp-content\/uploads\/2026\/02\/\u5f97\u734e\u4f5c\u54c1-02-658x1500.jpg 658w, https:\/\/wylf.org.tw\/wp-content\/uploads\/2026\/02\/\u5f97\u734e\u4f5c\u54c1-02-309x705.jpg 309w\" sizes=\"auto, (max-width: 1124px) 100vw, 1124px\" \/><\/p>\n<\/div><\/div><\/section>\n<section class='av_tab_section av_tab_section av-ml7oj40w-3-cab8ec3d59d599567b2d894ffef2c22d'  itemscope=\"itemscope\" itemtype=\"https:\/\/schema.org\/CreativeWork\" ><div class='tab' role='tab' tabindex='0' data-fake-id='#tab-id-3' aria-controls='tab-id-3-content'  itemprop=\"headline\" >Danh s\u00e1ch \u0111\u01b0\u1ee3c ch\u1ecdn<\/div><div id='tab-id-3-content' class='tab_content' aria-hidden=\"true\"><div class='tab_inner_content invers-color'  itemprop=\"text\" ><p><img loading=\"lazy\" decoding=\"async\" class=\"alignnone size-full wp-image-13821\" src=\"https:\/\/wylf.org.tw\/wp-content\/uploads\/2026\/02\/\u5f97\u734e\u4f5c\u54c1-03-scaled.jpg\" alt=\"\" width=\"1125\" height=\"2560\" srcset=\"https:\/\/wylf.org.tw\/wp-content\/uploads\/2026\/02\/\u5f97\u734e\u4f5c\u54c1-03-scaled.jpg 1125w, https:\/\/wylf.org.tw\/wp-content\/uploads\/2026\/02\/\u5f97\u734e\u4f5c\u54c1-03-132x300.jpg 132w, https:\/\/wylf.org.tw\/wp-content\/uploads\/2026\/02\/\u5f97\u734e\u4f5c\u54c1-03-453x1030.jpg 453w, https:\/\/wylf.org.tw\/wp-content\/uploads\/2026\/02\/\u5f97\u734e\u4f5c\u54c1-03-768x1748.jpg 768w, https:\/\/wylf.org.tw\/wp-content\/uploads\/2026\/02\/\u5f97\u734e\u4f5c\u54c1-03-675x1536.jpg 675w, https:\/\/wylf.org.tw\/wp-content\/uploads\/2026\/02\/\u5f97\u734e\u4f5c\u54c1-03-900x2048.jpg 900w, https:\/\/wylf.org.tw\/wp-content\/uploads\/2026\/02\/\u5f97\u734e\u4f5c\u54c1-03-5x12.jpg 5w, https:\/\/wylf.org.tw\/wp-content\/uploads\/2026\/02\/\u5f97\u734e\u4f5c\u54c1-03-659x1500.jpg 659w, https:\/\/wylf.org.tw\/wp-content\/uploads\/2026\/02\/\u5f97\u734e\u4f5c\u54c1-03-310x705.jpg 310w\" sizes=\"auto, (max-width: 1125px) 100vw, 1125px\" \/><\/p>\n<\/div><\/div><\/section>\n<section class='av_tab_section av_tab_section av-ml7oj40w-2-58a51562c40e4b835b0d5ed523b93622'  itemscope=\"itemscope\" itemtype=\"https:\/\/schema.org\/CreativeWork\" ><div class='tab' role='tab' tabindex='0' data-fake-id='#tab-id-4' aria-controls='tab-id-4-content'  itemprop=\"headline\" >Danh s\u00e1ch \u0111\u01b0\u1ee3c ch\u1ecdn<\/div><div id='tab-id-4-content' class='tab_content' aria-hidden=\"true\"><div class='tab_inner_content invers-color'  itemprop=\"text\" ><p><img loading=\"lazy\" decoding=\"async\" class=\"alignnone wp-image-13960 size-full\" src=\"https:\/\/wylf.org.tw\/wp-content\/uploads\/2026\/02\/\u5f97\u734e\u4f5c\u54c1-04-2.jpg\" alt=\"\" width=\"1240\" height=\"2484\" srcset=\"https:\/\/wylf.org.tw\/wp-content\/uploads\/2026\/02\/\u5f97\u734e\u4f5c\u54c1-04-2.jpg 1240w, https:\/\/wylf.org.tw\/wp-content\/uploads\/2026\/02\/\u5f97\u734e\u4f5c\u54c1-04-2-150x300.jpg 150w, https:\/\/wylf.org.tw\/wp-content\/uploads\/2026\/02\/\u5f97\u734e\u4f5c\u54c1-04-2-514x1030.jpg 514w, https:\/\/wylf.org.tw\/wp-content\/uploads\/2026\/02\/\u5f97\u734e\u4f5c\u54c1-04-2-768x1538.jpg 768w, https:\/\/wylf.org.tw\/wp-content\/uploads\/2026\/02\/\u5f97\u734e\u4f5c\u54c1-04-2-767x1536.jpg 767w, https:\/\/wylf.org.tw\/wp-content\/uploads\/2026\/02\/\u5f97\u734e\u4f5c\u54c1-04-2-1022x2048.jpg 1022w, https:\/\/wylf.org.tw\/wp-content\/uploads\/2026\/02\/\u5f97\u734e\u4f5c\u54c1-04-2-6x12.jpg 6w, https:\/\/wylf.org.tw\/wp-content\/uploads\/2026\/02\/\u5f97\u734e\u4f5c\u54c1-04-2-749x1500.jpg 749w, https:\/\/wylf.org.tw\/wp-content\/uploads\/2026\/02\/\u5f97\u734e\u4f5c\u54c1-04-2-352x705.jpg 352w\" sizes=\"auto, (max-width: 1240px) 100vw, 1240px\" \/><\/p>\n<\/div><\/div><\/section>\n<section class='av_tab_section av_tab_section av-ml7oj40w-1-cb73f36b31219c34a748eade21c6a785'  itemscope=\"itemscope\" itemtype=\"https:\/\/schema.org\/CreativeWork\" ><div class='tab' role='tab' tabindex='0' data-fake-id='#tab-id-5' aria-controls='tab-id-5-content'  itemprop=\"headline\" >Danh s\u00e1ch \u0111\u01b0\u1ee3c ch\u1ecdn<\/div><div id='tab-id-5-content' class='tab_content' aria-hidden=\"true\"><div class='tab_inner_content invers-color'  itemprop=\"text\" ><p><img loading=\"lazy\" decoding=\"async\" class=\"alignnone size-full wp-image-13823\" src=\"https:\/\/wylf.org.tw\/wp-content\/uploads\/2026\/02\/\u5f97\u734e\u4f5c\u54c1-05.jpg\" alt=\"\" width=\"1240\" height=\"1845\" srcset=\"https:\/\/wylf.org.tw\/wp-content\/uploads\/2026\/02\/\u5f97\u734e\u4f5c\u54c1-05.jpg 1240w, https:\/\/wylf.org.tw\/wp-content\/uploads\/2026\/02\/\u5f97\u734e\u4f5c\u54c1-05-202x300.jpg 202w, https:\/\/wylf.org.tw\/wp-content\/uploads\/2026\/02\/\u5f97\u734e\u4f5c\u54c1-05-692x1030.jpg 692w, https:\/\/wylf.org.tw\/wp-content\/uploads\/2026\/02\/\u5f97\u734e\u4f5c\u54c1-05-768x1143.jpg 768w, https:\/\/wylf.org.tw\/wp-content\/uploads\/2026\/02\/\u5f97\u734e\u4f5c\u54c1-05-1032x1536.jpg 1032w, https:\/\/wylf.org.tw\/wp-content\/uploads\/2026\/02\/\u5f97\u734e\u4f5c\u54c1-05-8x12.jpg 8w, https:\/\/wylf.org.tw\/wp-content\/uploads\/2026\/02\/\u5f97\u734e\u4f5c\u54c1-05-1008x1500.jpg 1008w, https:\/\/wylf.org.tw\/wp-content\/uploads\/2026\/02\/\u5f97\u734e\u4f5c\u54c1-05-474x705.jpg 474w\" sizes=\"auto, (max-width: 1240px) 100vw, 1240px\" \/><\/p>\n<\/div><\/div><\/section>\n<\/div>","protected":false},"excerpt":{"rendered":"","protected":false},"author":4,"featured_media":13622,"parent":13880,"menu_order":0,"comment_status":"closed","ping_status":"closed","template":"","meta":{"footnotes":""},"class_list":["post-13929","page","type-page","status-publish","has-post-thumbnail","hentry"],"_links":{"self":[{"href":"https:\/\/wylf.org.tw\/vi\/wp-json\/wp\/v2\/pages\/13929","targetHints":{"allow":["GET"]}}],"collection":[{"href":"https:\/\/wylf.org.tw\/vi\/wp-json\/wp\/v2\/pages"}],"about":[{"href":"https:\/\/wylf.org.tw\/vi\/wp-json\/wp\/v2\/types\/page"}],"author":[{"embeddable":true,"href":"https:\/\/wylf.org.tw\/vi\/wp-json\/wp\/v2\/users\/4"}],"replies":[{"embeddable":true,"href":"https:\/\/wylf.org.tw\/vi\/wp-json\/wp\/v2\/comments?post=13929"}],"version-history":[{"count":9,"href":"https:\/\/wylf.org.tw\/vi\/wp-json\/wp\/v2\/pages\/13929\/revisions"}],"predecessor-version":[{"id":13959,"href":"https:\/\/wylf.org.tw\/vi\/wp-json\/wp\/v2\/pages\/13929\/revisions\/13959"}],"up":[{"embeddable":true,"href":"https:\/\/wylf.org.tw\/vi\/wp-json\/wp\/v2\/pages\/13880"}],"wp:featuredmedia":[{"embeddable":true,"href":"https:\/\/wylf.org.tw\/vi\/wp-json\/wp\/v2\/media\/13622"}],"wp:attachment":[{"href":"https:\/\/wylf.org.tw\/vi\/wp-json\/wp\/v2\/media?parent=13929"}],"curies":[{"name":"wp","href":"https:\/\/api.w.org\/{rel}","templated":true}]}}