{"id":13694,"date":"2026-01-20T10:59:08","date_gmt":"2026-01-20T02:59:08","guid":{"rendered":"https:\/\/wylf.org.tw\/?page_id=13694"},"modified":"2026-02-04T05:46:47","modified_gmt":"2026-02-03T21:46:47","slug":"ket-qua-danh-gia-giai-thuong-nghe-thuat-wang-yuanlin-lan-thu-nhat-2","status":"publish","type":"page","link":"https:\/\/wylf.org.tw\/vi\/2026-the-1st-wang-yuanlin-art-awards\/the-1st-wang-yuanlin-art-award-review-results\/","title":{"rendered":"Gi\u1ea3i th\u01b0\u1edfng M\u1ef9 thu\u1eadt Wang Yuanlin l\u1ea7n th\u1ee9 1 [K\u1ebft qu\u1ea3 x\u00e9t duy\u1ec7t l\u1ea1i]"},"content":{"rendered":"<style type=\"text\/css\" data-created_by=\"avia_inline_auto\" id=\"style-css-av-loxwk875-4c665db6325d2c006bdf4657a95b1a72\">\n.avia-image-container.av-loxwk875-4c665db6325d2c006bdf4657a95b1a72 img.avia_image{\nbox-shadow:none;\n}\n.avia-image-container.av-loxwk875-4c665db6325d2c006bdf4657a95b1a72 .av-image-caption-overlay-center{\ncolor:#ffffff;\n}\n<\/style>\n<div  class='avia-image-container av-loxwk875-4c665db6325d2c006bdf4657a95b1a72 av-styling- avia-align-center  avia-builder-el-0  el_before_av_hr  avia-builder-el-first'   itemprop=\"image\" itemscope=\"itemscope\" itemtype=\"https:\/\/schema.org\/ImageObject\" ><div class=\"avia-image-container-inner\"><div class=\"avia-image-overlay-wrap\"><img decoding=\"async\" fetchpriority=\"high\" class='wp-image-13622 avia-img-lazy-loading-not-13622 avia_image' src=\"https:\/\/wylf.org.tw\/wp-content\/uploads\/2025\/12\/0401\u738b\u6e90\u6797\u7f8e\u8853\u734e-1654x1082-1.jpg\" alt='' title='0401 Wang Yuanlin Art Award - 1654x1082'  height=\"1082\" width=\"1654\"  itemprop=\"thumbnailUrl\" srcset=\"https:\/\/wylf.org.tw\/wp-content\/uploads\/2025\/12\/0401\u738b\u6e90\u6797\u7f8e\u8853\u734e-1654x1082-1.jpg 1654w, https:\/\/wylf.org.tw\/wp-content\/uploads\/2025\/12\/0401\u738b\u6e90\u6797\u7f8e\u8853\u734e-1654x1082-1-300x196.jpg 300w, https:\/\/wylf.org.tw\/wp-content\/uploads\/2025\/12\/0401\u738b\u6e90\u6797\u7f8e\u8853\u734e-1654x1082-1-1030x674.jpg 1030w, https:\/\/wylf.org.tw\/wp-content\/uploads\/2025\/12\/0401\u738b\u6e90\u6797\u7f8e\u8853\u734e-1654x1082-1-768x502.jpg 768w, https:\/\/wylf.org.tw\/wp-content\/uploads\/2025\/12\/0401\u738b\u6e90\u6797\u7f8e\u8853\u734e-1654x1082-1-1536x1005.jpg 1536w, https:\/\/wylf.org.tw\/wp-content\/uploads\/2025\/12\/0401\u738b\u6e90\u6797\u7f8e\u8853\u734e-1654x1082-1-18x12.jpg 18w, https:\/\/wylf.org.tw\/wp-content\/uploads\/2025\/12\/0401\u738b\u6e90\u6797\u7f8e\u8853\u734e-1654x1082-1-1500x981.jpg 1500w, https:\/\/wylf.org.tw\/wp-content\/uploads\/2025\/12\/0401\u738b\u6e90\u6797\u7f8e\u8853\u734e-1654x1082-1-705x461.jpg 705w\" sizes=\"(max-width: 1654px) 100vw, 1654px\" \/><\/div><\/div><\/div>\n\n<style type=\"text\/css\" data-created_by=\"avia_inline_auto\" id=\"style-css-av-mjgk668a-84853491ac2ce9016c2c9b9d5a54b03a\">\n#top .hr.hr-invisible.av-mjgk668a-84853491ac2ce9016c2c9b9d5a54b03a{\nheight:40px;\n}\n<\/style>\n<div  class='hr av-mjgk668a-84853491ac2ce9016c2c9b9d5a54b03a hr-invisible  avia-builder-el-1  el_after_av_image  el_before_av_textblock'><span class='hr-inner'><span class=\"hr-inner-style\"><\/span><\/span><\/div>\n<section  class='av_textblock_section av-m3fjerxd-de0f3078c4b2ba3a31e55501893b0a5a'   itemscope=\"itemscope\" itemtype=\"https:\/\/schema.org\/CreativeWork\" ><div class='avia_textblock'  itemprop=\"text\" ><h2 style=\"text-align: center;\"><span style=\"color: #8ec33e;\">\u3010K\u1ebft qu\u1ea3 t\u00e1i th\u1ea9m\u3011<\/span><\/h2>\n<p>Gi\u1ea3i th\u01b0\u1edfng M\u1ef9 thu\u1eadt Wang Yuanlin l\u1ea7n th\u1ee9 1 \u0111\u00e3 ho\u00e0n t\u1ea5t vi\u1ec7c nh\u1eadn t\u00e1c ph\u1ea9m d\u1ef1 thi v\u00e0o ng\u00e0y 9 th\u00e1ng 1 n\u0103m 115, v\u1edbi t\u1ed5ng c\u1ed9ng 38 th\u00ed sinh l\u1ecdt v\u00e0o v\u00f2ng ch\u1ea5m \u0111i\u1ec3m. Sau khi h\u1ed9i \u0111\u1ed3ng gi\u00e1m kh\u1ea3o ti\u1ebfn h\u00e0nh ch\u1ea5m \u0111i\u1ec3m m\u1ed9t c\u00e1ch c\u00f4ng b\u1eb1ng v\u00e0 kh\u00e1ch quan, 33 t\u00e1c ph\u1ea9m \u0111\u00e3 \u0111\u01b0\u1ee3c ch\u1ecdn v\u00e0o v\u00f2ng chung k\u1ebft, v\u00e0 5 th\u00ed sinh s\u1ebd tham gia v\u00f2ng ph\u1ecfng v\u1ea5n cu\u1ed1i c\u00f9ng.<\/p>\n<p>Th\u00f4ng b\u00e1o k\u1ebft qu\u1ea3 x\u00e9t duy\u1ec7t \u0111\u00e3 \u0111\u01b0\u1ee3c g\u1eedi \u0111i. C\u00e1c th\u00ed sinh \u0111\u01b0\u1ee3c tham gia v\u00f2ng ph\u1ecfng v\u1ea5n cu\u1ed1i c\u00f9ng, vui l\u00f2ng \u0111\u1ecdc k\u1ef9 n\u1ed9i dung th\u00f4ng b\u00e1o, \u0111\u1ebfn \u0111\u00fang gi\u1edd v\u00e0 tham gia v\u00f2ng ph\u1ecfng v\u1ea5n cu\u1ed1i c\u00f9ng. N\u1ebfu kh\u00f4ng tham d\u1ef1, s\u1ebd \u0111\u01b0\u1ee3c coi l\u00e0 t\u1eeb b\u1ecf quy\u1ec1n tham gia.<\/p>\n<p>C\u00e1c t\u00e1c ph\u1ea9m \u0111\u01b0\u1ee3c ch\u1ecdn s\u1ebd \u0111\u01b0\u1ee3c trao gi\u1ea3i v\u00e0o l\u00fac 3 gi\u1edd 30 chi\u1ec1u th\u1ee9 B\u1ea3y, ng\u00e0y 7 th\u00e1ng 3 n\u0103m 115, t\u1ea1i Ph\u00f2ng Tri\u1ec3n l\u00e3m Zhenzhen, Trung t\u00e2m V\u0103n h\u00f3a Th\u00e0nh ph\u1ed1 Cao H\u00f9ng. K\u00ednh m\u1eddi c\u00e1c t\u00e1c gi\u1ea3 \u0111o\u1ea1t gi\u1ea3i vui l\u00f2ng d\u00e0nh th\u1eddi gian tham d\u1ef1 l\u1ec5 trao gi\u1ea3i. M\u1ed9t l\u1ea7n n\u1eefa, xin ch\u00fac m\u1eebng c\u00e1c t\u00e1c gi\u1ea3 \u0111o\u1ea1t gi\u1ea3i.<\/p>\n<\/div><\/section>\n<section  class='av_textblock_section av-lowc5795-5b45363298e416ec2a2c2ac1fd0d9cad'   itemscope=\"itemscope\" itemtype=\"https:\/\/schema.org\/CreativeWork\" ><div class='avia_textblock'  itemprop=\"text\" ><p><strong>\u25ce 5 t\u00e1c ph\u1ea9m l\u1ecdt v\u00e0o v\u00f2ng chung k\u1ebft v\u00e0 th\u00f4ng tin v\u1ec1 c\u00e1c th\u00ed sinh nh\u01b0 sau:<\/strong><\/p>\n<table>\n<tbody>\n<tr>\n<td width=\"73\">\u0110\u00e1nh s\u1ed1<\/td>\n<td width=\"113\">t\u00ean th\u00ed sinh<\/td>\n<td width=\"236\">t\u00ean b\u1ee9c tranh<\/td>\n<td width=\"145\">K\u00edch th\u01b0\u1edbc tranh \/ cm<\/td>\n<\/tr>\n<tr>\n<td width=\"73\">8<\/td>\n<td width=\"113\">You Shengyu<\/td>\n<td width=\"236\">Ngo\u00e0i ph\u1ea1m vi<\/td>\n<td width=\"145\">91\u2573116,5<\/td>\n<\/tr>\n<tr>\n<td width=\"73\">11<\/td>\n<td width=\"113\">Zhong Lunhua<\/td>\n<td width=\"236\">H\u00ecnh \u1ea3nh hi\u1ec7n t\u1ea1i: B\u1ee9c tranh m\u00e2y tr\u1eddi v\u00e0 h\u1ea1c hoang d\u00e3 (1)<\/td>\n<td width=\"145\">116,5\u257380<\/td>\n<\/tr>\n<tr>\n<td width=\"73\">24<\/td>\n<td width=\"113\">Li Ziwei<\/td>\n<td width=\"236\">H\u00ecnh th\u1ee9c c\u1ed9ng sinh - T\u00ecnh duy\u00ean ki\u1ebfp tr\u01b0\u1edbc<\/td>\n<td width=\"145\">116,5\u257391<\/td>\n<\/tr>\n<tr>\n<td width=\"73\">33<\/td>\n<td width=\"113\">Huang Yuxin<\/td>\n<td width=\"236\">Ho\u00e0ng h\u00f4n tr\u00ean th\u00e0nh ph\u1ed1 c\u1ea3ng<\/td>\n<td width=\"145\">91\u2573116<\/td>\n<\/tr>\n<tr>\n<td width=\"73\">36<\/td>\n<td width=\"113\">Weng Ziqing<\/td>\n<td width=\"236\">Anh \u1ea5y ch\u1ec9 \u0111i ngang qua.<\/td>\n<td width=\"145\">116,5\u257391<\/td>\n<\/tr>\n<\/tbody>\n<\/table>\n<p><strong>\u25ce 33 t\u00e1c ph\u1ea9m l\u1ecdt v\u00e0o v\u00f2ng chung k\u1ebft v\u00e0 th\u00f4ng tin v\u1ec1 c\u00e1c th\u00ed sinh nh\u01b0 sau:<\/strong><\/p>\n<table>\n<tbody>\n<tr>\n<td width=\"73\">\u0110\u00e1nh s\u1ed1<\/td>\n<td width=\"113\">t\u00ean th\u00ed sinh<\/td>\n<td width=\"236\">t\u00ean b\u1ee9c tranh<\/td>\n<td width=\"145\">K\u00edch th\u01b0\u1edbc tranh \/ cm<\/td>\n<\/tr>\n<tr>\n<td width=\"73\">1<\/td>\n<td width=\"113\">Chen Binbin<\/td>\n<td width=\"236\">Gi\u00f3 th\u1ed5i trong r\u1eebng\u30fb\u00c1nh s\u00e1ng hoa anh \u0111\u00e0o n\u00fai<\/td>\n<td width=\"145\">91\u2573116,5<\/td>\n<\/tr>\n<tr>\n<td width=\"73\">2<\/td>\n<td width=\"113\">Lin Huiling<\/td>\n<td width=\"236\">Ch\u1ee3 rau - M\u1ef9 h\u1ecdc c\u1ee7a t\u00ecnh y\u00eau<\/td>\n<td width=\"145\">91\u2573116,5<\/td>\n<\/tr>\n<tr>\n<td width=\"73\">3<\/td>\n<td width=\"113\">L\u01b0u Di\u1ec7u V\u0103n<\/td>\n<td width=\"236\">Chuy\u1ebfn bay \u0111\u00eam \u0111\u1ebfn th\u00e0nh ph\u1ed1 c\u1ea3ng<\/td>\n<td width=\"145\">80\u2573116,5<\/td>\n<\/tr>\n<tr>\n<td width=\"73\">4<\/td>\n<td width=\"113\">Jiang Yanhua<\/td>\n<td width=\"236\">M\u00f9a h\u00e8 tr\u00f4i n\u1ed5i, \u01b0\u1edbc nguy\u1ec7n<\/td>\n<td width=\"145\">91,5 \u00d7 116,5<\/td>\n<\/tr>\n<tr>\n<td width=\"73\">5<\/td>\n<td width=\"113\">Lai Shu-ling<\/td>\n<td width=\"236\">\u00c1nh s\u00e1ng gi\u1eefa c\u00e1c t\u1ea3ng \u0111\u00e1<\/td>\n<td width=\"145\">116,5\u257391<\/td>\n<\/tr>\n<tr>\n<td width=\"73\">6<\/td>\n<td width=\"113\">Yu Xingying<\/td>\n<td width=\"236\">Nh\u1edb l\u1ea1i chuy\u1ebfn du l\u1ecbch r\u1ea5t nh\u1edb<\/td>\n<td width=\"145\">116,5\u257391<\/td>\n<\/tr>\n<tr>\n<td width=\"73\">7<\/td>\n<td width=\"113\">Tr\u1ea7n Ho\u00e0ng H\u1eefu<\/td>\n<td width=\"236\">sinh vi\u00ean m\u1edbi<\/td>\n<td width=\"145\">116,5\u257391<\/td>\n<\/tr>\n<tr>\n<td width=\"73\">9<\/td>\n<td width=\"113\">Hsu Kuo-yu<\/td>\n<td width=\"236\">Bi\u1ec3n m\u00e2y Alishan<\/td>\n<td width=\"145\">80\u2573116,5<\/td>\n<\/tr>\n<tr>\n<td width=\"73\">10<\/td>\n<td width=\"113\">Huang Dewang<\/td>\n<td width=\"236\">H\u1eadu K\u00fd<\/td>\n<td width=\"145\">91\u2573116,5<\/td>\n<\/tr>\n<tr>\n<td width=\"73\">12<\/td>\n<td width=\"113\">Li Haozhen<\/td>\n<td width=\"236\">Kh\u00f4ng gian b\u00f3ng t\u1ed1i d\u01b0\u1edbi m\u1ed1ng m\u1eaft<\/td>\n<td width=\"145\">91\u2573116,5<\/td>\n<\/tr>\n<tr>\n<td width=\"73\">13<\/td>\n<td width=\"113\">Zhang Yilin<\/td>\n<td width=\"236\">Th\u1ecb tr\u1ea5n Kim Quang<\/td>\n<td width=\"145\">91\u2573116,5<\/td>\n<\/tr>\n<tr>\n<td width=\"73\">14<\/td>\n<td width=\"113\">Liao Chunying<\/td>\n<td width=\"236\">T\u00f4i \u0111ang tr\u00ean \u0111\u01b0\u1eddng du l\u1ecbch ix - S\u1ef1 ng\u1eafn ng\u1ee7i v\u00e0 tr\u00f4i qua c\u1ee7a cu\u1ed9c \u0111\u1eddi<\/td>\n<td width=\"145\">92 \u00d7 116,5<\/td>\n<\/tr>\n<tr>\n<td width=\"73\">15<\/td>\n<td width=\"113\">Cai Songyan<\/td>\n<td width=\"236\">N\u1eafng \u1ea5m tr\u00ean \u0111\u01b0\u1eddng ph\u1ed1<\/td>\n<td width=\"145\">91\u2573116,5<\/td>\n<\/tr>\n<tr>\n<td width=\"73\">16<\/td>\n<td width=\"113\">Ma Rulong<\/td>\n<td width=\"236\">\u00e1nh s\u00e1ng ban mai<\/td>\n<td width=\"145\">116,5\u257391<\/td>\n<\/tr>\n<tr>\n<td width=\"73\">17<\/td>\n<td width=\"113\">Tr\u01b0\u01a1ng Di\u1ec7u Thanh<\/td>\n<td width=\"236\">Qu\u00e1 M\u00e8o\u30fbB\u00e0 n\u1ed9i \u01b0\u1edbc nguy\u1ec7n<\/td>\n<td width=\"145\">116\u257391<\/td>\n<\/tr>\n<tr>\n<td width=\"73\">18<\/td>\n<td width=\"113\">Qiu Yichen<\/td>\n<td width=\"236\">Tr\u1eadn tuy\u1ebft \u0111\u1ea7u ti\u00ean - V\u00f2ng nguy\u1ec7t qu\u1ebf vinh quang<\/td>\n<td width=\"145\">127 \u00d7 75<\/td>\n<\/tr>\n<tr>\n<td width=\"73\">19<\/td>\n<td width=\"113\">Chan Yee Tsuen<\/td>\n<td width=\"236\">Yuxi<\/td>\n<td width=\"145\">91\u2573116,5<\/td>\n<\/tr>\n<tr>\n<td width=\"73\">20<\/td>\n<td width=\"113\">Zhang Yiyun<\/td>\n<td width=\"236\">Con \u0111\u01b0\u1eddng r\u1ef1c r\u1ee1<\/td>\n<td width=\"145\">116\u257391<\/td>\n<\/tr>\n<tr>\n<td width=\"73\">21<\/td>\n<td width=\"113\">Xu Huimei<\/td>\n<td width=\"236\">Tay c\u00f4 \u1ea5y \u0111\u1ee1 l\u1ea5y t\u00f4i.<\/td>\n<td width=\"145\">116,5\u257391<\/td>\n<\/tr>\n<tr>\n<td width=\"73\">22<\/td>\n<td width=\"113\">Yu Xiurong<\/td>\n<td width=\"236\">Kh\u00f4ng c\u00f3 m\u1eb7t nh\u01b0ng v\u1eabn hi\u1ec7n di\u1ec7n - Cha \u1edf qu\u00ea nh\u00e0<\/td>\n<td width=\"145\">91\u2573116,5<\/td>\n<\/tr>\n<tr>\n<td width=\"73\">23<\/td>\n<td width=\"113\">Han Shanjun<\/td>\n<td width=\"236\">M\u00f9 Quang<\/td>\n<td width=\"145\">116,5\u257391<\/td>\n<\/tr>\n<tr>\n<td width=\"73\">25<\/td>\n<td width=\"113\">C\u1ed5 \u0110\u00f4ng Huy\u1ec1n<\/td>\n<td width=\"236\">B\u1eaby \u0111\u01b0\u1eddng ng\u1ecdt - Ng\u1ecdt ng\u00e0o<\/td>\n<td width=\"145\">116,5\u257391<\/td>\n<\/tr>\n<tr>\n<td width=\"73\">26<\/td>\n<td width=\"113\">Ng\u00f4 Kim H\u00e0<\/td>\n<td width=\"236\">Void Throne<\/td>\n<td width=\"145\">117\u257391<\/td>\n<\/tr>\n<tr>\n<td width=\"73\">27<\/td>\n<td width=\"113\">Liu Zhengrong<\/td>\n<td width=\"236\">Th\u00e1nh t\u01b0\u1ee3ng th\u00ed nghi\u1ec7m\u30fbS\u1ed1 13<\/td>\n<td width=\"145\">91\u2573116,5<\/td>\n<\/tr>\n<tr>\n<td width=\"73\">28<\/td>\n<td width=\"113\">Gao Qingyuan<\/td>\n<td width=\"236\">\u00c1nh s\u00e1ng c\u1ee7a t\u00ecnh y\u00eau<\/td>\n<td width=\"145\">116,5\u257391<\/td>\n<\/tr>\n<tr>\n<td width=\"73\">29<\/td>\n<td width=\"113\">Tan Hong Yu<\/td>\n<td width=\"236\">T\u1ea1i sao Apple?<\/td>\n<td width=\"145\">116,5\u257391<\/td>\n<\/tr>\n<tr>\n<td width=\"73\">30<\/td>\n<td width=\"113\">Jian Yanxu<\/td>\n<td width=\"236\">The Living Fold\u30fbNh\u1eefng n\u1ebfp g\u1ea5p c\u1ee7a cu\u1ed9c s\u1ed1ng<\/td>\n<td width=\"145\">91\u2573116,5<\/td>\n<\/tr>\n<tr>\n<td width=\"73\">31<\/td>\n<td width=\"113\">Zhang Suzuki<\/td>\n<td width=\"236\">S\u00f4ng th\u1eddi gian - N\u0103m th\u00e1ng<\/td>\n<td width=\"145\">116,5\u257380<\/td>\n<\/tr>\n<tr>\n<td width=\"73\">34<\/td>\n<td width=\"113\">Chuang Li-chu<\/td>\n<td width=\"236\">Nh\u1eefng \u0111\u1ee3t th\u1ee7y tri\u1ec1u trong k\u00fd \u1ee9c linh thi\u00eang<\/td>\n<td width=\"145\">91\u2573116,5<\/td>\n<\/tr>\n<tr>\n<td width=\"73\">35<\/td>\n<td width=\"113\">L\u00fc Qianying<\/td>\n<td width=\"236\">B\u1ed1n con \u0111\u01b0\u1eddng\u30fbM\u1ed9t t\u01b0\u01a1ng lai<\/td>\n<td width=\"145\">116,5\u257391<\/td>\n<\/tr>\n<tr>\n<td width=\"73\">37<\/td>\n<td width=\"113\">Chen Peishan<\/td>\n<td width=\"236\">T\u0129nh v\u1eadt\u30fbtmp<\/td>\n<td width=\"145\">116,5\u257391<\/td>\n<\/tr>\n<tr>\n<td width=\"73\">38<\/td>\n<td width=\"113\">Qiu Taikuan<\/td>\n<td width=\"236\">D\u1ea1 ti\u1ec7c c\u1ee7a c\u00e1c v\u1ecb th\u1ea7n d\u01b0\u1edbi \u00e1nh tr\u0103ng<\/td>\n<td width=\"145\">91\u2573116,5<\/td>\n<\/tr>\n<tr>\n<td width=\"73\">39<\/td>\n<td width=\"113\">Yan Jingjie<\/td>\n<td width=\"236\">V\u00f9ng n\u00fai<\/td>\n<td width=\"145\">116,5\u257391<\/td>\n<\/tr>\n<\/tbody>\n<\/table>\n<p>\u3010N\u1ebfu c\u00f3 sai s\u00f3t trong th\u00f4ng tin tr\u00ean, vui l\u00f2ng li\u00ean h\u1ec7 v\u1edbi c\u00f4 Li theo s\u1ed1 0932-727013 \u0111\u1ec3 \u0111\u01b0\u1ee3c s\u1eeda ch\u1eefa.\u3011<\/p>\n<\/div><\/section>","protected":false},"excerpt":{"rendered":"","protected":false},"author":4,"featured_media":13622,"parent":13880,"menu_order":0,"comment_status":"closed","ping_status":"closed","template":"","meta":{"footnotes":""},"class_list":["post-13694","page","type-page","status-publish","has-post-thumbnail","hentry"],"_links":{"self":[{"href":"https:\/\/wylf.org.tw\/vi\/wp-json\/wp\/v2\/pages\/13694","targetHints":{"allow":["GET"]}}],"collection":[{"href":"https:\/\/wylf.org.tw\/vi\/wp-json\/wp\/v2\/pages"}],"about":[{"href":"https:\/\/wylf.org.tw\/vi\/wp-json\/wp\/v2\/types\/page"}],"author":[{"embeddable":true,"href":"https:\/\/wylf.org.tw\/vi\/wp-json\/wp\/v2\/users\/4"}],"replies":[{"embeddable":true,"href":"https:\/\/wylf.org.tw\/vi\/wp-json\/wp\/v2\/comments?post=13694"}],"version-history":[{"count":3,"href":"https:\/\/wylf.org.tw\/vi\/wp-json\/wp\/v2\/pages\/13694\/revisions"}],"predecessor-version":[{"id":13696,"href":"https:\/\/wylf.org.tw\/vi\/wp-json\/wp\/v2\/pages\/13694\/revisions\/13696"}],"up":[{"embeddable":true,"href":"https:\/\/wylf.org.tw\/vi\/wp-json\/wp\/v2\/pages\/13880"}],"wp:featuredmedia":[{"embeddable":true,"href":"https:\/\/wylf.org.tw\/vi\/wp-json\/wp\/v2\/media\/13622"}],"wp:attachment":[{"href":"https:\/\/wylf.org.tw\/vi\/wp-json\/wp\/v2\/media?parent=13694"}],"curies":[{"name":"wp","href":"https:\/\/api.w.org\/{rel}","templated":true}]}}