{"id":13619,"date":"2025-12-22T10:27:32","date_gmt":"2025-12-22T02:27:32","guid":{"rendered":"https:\/\/wylf.org.tw\/?page_id=13619"},"modified":"2026-02-04T05:46:52","modified_gmt":"2026-02-03T21:46:52","slug":"ket-qua-so-tuyen-giai-thuong-nghe-thuat-wang-yuanlin-lan-thu-nhat","status":"publish","type":"page","link":"https:\/\/wylf.org.tw\/vi\/2026-the-1st-wang-yuanlin-art-awards\/the-1st-wang-yuanlin-art-award-preliminary-review-results\/","title":{"rendered":"Gi\u1ea3i th\u01b0\u1edfng M\u1ef9 thu\u1eadt Wang Yuanlin l\u1ea7n th\u1ee9 1 [Danh s\u00e1ch v\u00e0o v\u00f2ng x\u00e9t duy\u1ec7t l\u1ea7n 2 \u0111\u00e3 \u0111\u01b0\u1ee3c c\u00f4ng b\u1ed1]"},"content":{"rendered":"<style type=\"text\/css\" data-created_by=\"avia_inline_auto\" id=\"style-css-av-loxwk875-4c665db6325d2c006bdf4657a95b1a72\">\n.avia-image-container.av-loxwk875-4c665db6325d2c006bdf4657a95b1a72 img.avia_image{\nbox-shadow:none;\n}\n.avia-image-container.av-loxwk875-4c665db6325d2c006bdf4657a95b1a72 .av-image-caption-overlay-center{\ncolor:#ffffff;\n}\n<\/style>\n<div  class='avia-image-container av-loxwk875-4c665db6325d2c006bdf4657a95b1a72 av-styling- avia-align-center  avia-builder-el-0  el_before_av_hr  avia-builder-el-first'   itemprop=\"image\" itemscope=\"itemscope\" itemtype=\"https:\/\/schema.org\/ImageObject\" ><div class=\"avia-image-container-inner\"><div class=\"avia-image-overlay-wrap\"><img decoding=\"async\" fetchpriority=\"high\" class='wp-image-13622 avia-img-lazy-loading-not-13622 avia_image' src=\"https:\/\/wylf.org.tw\/wp-content\/uploads\/2025\/12\/0401\u738b\u6e90\u6797\u7f8e\u8853\u734e-1654x1082-1.jpg\" alt='' title='0401 Wang Yuanlin Art Award - 1654x1082'  height=\"1082\" width=\"1654\"  itemprop=\"thumbnailUrl\" srcset=\"https:\/\/wylf.org.tw\/wp-content\/uploads\/2025\/12\/0401\u738b\u6e90\u6797\u7f8e\u8853\u734e-1654x1082-1.jpg 1654w, https:\/\/wylf.org.tw\/wp-content\/uploads\/2025\/12\/0401\u738b\u6e90\u6797\u7f8e\u8853\u734e-1654x1082-1-300x196.jpg 300w, https:\/\/wylf.org.tw\/wp-content\/uploads\/2025\/12\/0401\u738b\u6e90\u6797\u7f8e\u8853\u734e-1654x1082-1-1030x674.jpg 1030w, https:\/\/wylf.org.tw\/wp-content\/uploads\/2025\/12\/0401\u738b\u6e90\u6797\u7f8e\u8853\u734e-1654x1082-1-768x502.jpg 768w, https:\/\/wylf.org.tw\/wp-content\/uploads\/2025\/12\/0401\u738b\u6e90\u6797\u7f8e\u8853\u734e-1654x1082-1-1536x1005.jpg 1536w, https:\/\/wylf.org.tw\/wp-content\/uploads\/2025\/12\/0401\u738b\u6e90\u6797\u7f8e\u8853\u734e-1654x1082-1-18x12.jpg 18w, https:\/\/wylf.org.tw\/wp-content\/uploads\/2025\/12\/0401\u738b\u6e90\u6797\u7f8e\u8853\u734e-1654x1082-1-1500x981.jpg 1500w, https:\/\/wylf.org.tw\/wp-content\/uploads\/2025\/12\/0401\u738b\u6e90\u6797\u7f8e\u8853\u734e-1654x1082-1-705x461.jpg 705w\" sizes=\"(max-width: 1654px) 100vw, 1654px\" \/><\/div><\/div><\/div>\n\n<style type=\"text\/css\" data-created_by=\"avia_inline_auto\" id=\"style-css-av-mjgk668a-84853491ac2ce9016c2c9b9d5a54b03a\">\n#top .hr.hr-invisible.av-mjgk668a-84853491ac2ce9016c2c9b9d5a54b03a{\nheight:40px;\n}\n<\/style>\n<div  class='hr av-mjgk668a-84853491ac2ce9016c2c9b9d5a54b03a hr-invisible  avia-builder-el-1  el_after_av_image  el_before_av_textblock'><span class='hr-inner'><span class=\"hr-inner-style\"><\/span><\/span><\/div>\n<section  class='av_textblock_section av-m3fjerxd-de0f3078c4b2ba3a31e55501893b0a5a'   itemscope=\"itemscope\" itemtype=\"https:\/\/schema.org\/CreativeWork\" ><div class='avia_textblock'  itemprop=\"text\" ><h2 style=\"text-align: center;\"><span style=\"color: #8ec33e;\">[C\u00f4ng b\u1ed1 k\u1ebft qu\u1ea3 \u0111\u00e1nh gi\u00e1 s\u01a1 b\u1ed9]<\/span><\/h2>\n<p>Gi\u1ea3i th\u01b0\u1edfng M\u1ef9 thu\u1eadt Wang Yuanlin l\u1ea7n th\u1ee9 1 \u0111\u00e3 k\u1ebft th\u00fac nh\u1eadn h\u1ed3 s\u01a1 s\u01a1 tuy\u1ec3n v\u00e0o ng\u00e0y 5 th\u00e1ng 12 n\u0103m 114, v\u1edbi t\u1ed5ng s\u1ed1 187 th\u00ed sinh \u0111\u0103ng k\u00fd tham gia. H\u1ed9i \u0111\u1ed3ng gi\u00e1m kh\u1ea3o \u0111\u00e3 ho\u00e0n th\u00e0nh vi\u1ec7c s\u01a1 tuy\u1ec3n c\u00e1c t\u00e1c ph\u1ea9m d\u1ef1 thi m\u1ed9t c\u00e1ch c\u00f4ng b\u1eb1ng v\u00e0 kh\u00e1ch quan, v\u1edbi t\u1ed5ng s\u1ed1 <span style=\"color: #ff0000;\">39<\/span> C\u00e1c t\u00e1c ph\u1ea9m d\u1ef1 thi \u0111\u00e3 v\u01b0\u1ee3t qua v\u00f2ng s\u01a1 tuy\u1ec3n v\u00e0 \u0111\u01b0\u1ee3c v\u00e0o v\u00f2ng t\u00e1i tuy\u1ec3n.<\/p>\n<p>Ban t\u1ed5 ch\u1ee9c m\u1ed9t l\u1ea7n n\u1eefa xin c\u1ea3m \u01a1n t\u1ea5t c\u1ea3 nh\u1eefng ng\u01b0\u1eddi y\u00eau th\u00edch ngh\u1ec7 thu\u1eadt v\u00e0 s\u00e1ng t\u1ea1o tr\u00ean kh\u1eafp m\u1ecdi mi\u1ec1n \u0111\u1ea5t n\u01b0\u1edbc \u0111\u00e3 t\u00edch c\u1ef1c tham gia.Do s\u1ed1 l\u01b0\u1ee3ng c\u00f3 h\u1ea1n n\u00ean c\u00e1c th\u00ed sinh ch\u01b0a v\u01b0\u1ee3t qua v\u00f2ng s\u01a1 tuy\u1ec3n c\u0169ng \u0111\u1eebng n\u1ea3n l\u00f2ng v\u00e0 m\u1eddi c\u00e1c b\u1ea1n ti\u1ebfp t\u1ee5c theo d\u00f5i nh\u00e9. n\u1ed7 l\u1ef1c v\u00e0o n\u0103m t\u1edbi.<\/p>\n<p>Th\u00f4ng b\u00e1o k\u1ebft qu\u1ea3 s\u01a1 tuy\u1ec3n \u0111\u00e3 \u0111\u01b0\u1ee3c g\u1eedi \u0111i. C\u00e1c th\u00ed sinh \u0111\u1ee7 \u0111i\u1ec1u ki\u1ec7n tham gia v\u00f2ng thi l\u1ea1i, vui l\u00f2ng \u0111\u1ecdc k\u1ef9 n\u1ed9i dung th\u00f4ng b\u00e1o. T\u00e1c ph\u1ea9m tham gia v\u00f2ng thi l\u1ea1i ph\u1ea3i l\u00e0 t\u00e1c ph\u1ea9m gi\u1ed1ng v\u1edbi t\u00e1c ph\u1ea9m trong v\u00f2ng s\u01a1 tuy\u1ec3n, v\u00e0 vui l\u00f2ng tu\u00e2n th\u1ee7 nghi\u00eam ng\u1eb7t c\u00e1c quy \u0111\u1ecbnh sau:<\/p>\n<ol>\n<li>Tranh d\u1ef1 thi ph\u1ea3i \u0111\u01b0\u1ee3c \u0111\u00f3ng khung, b\u1ea3o v\u1ec7 b\u1eb1ng h\u1ed9p gi\u1ea5y b\u00ean ngo\u00e0i, d\u00e1n phi\u1ebfu g\u1eedi tranh d\u1ef1 thi ph\u00eda sau tranh v\u00e0 \u0111i\u1ec1n \u0111\u1ea7y \u0111\u1ee7 th\u00f4ng tin.<\/li>\n<li>Vui l\u00f2ng<span style=\"color: #ff0000;\"> T\u1eeb ng\u00e0y 6 th\u00e1ng 1 n\u0103m 115 (Th\u1ee9 Ba) \u0111\u1ebfn tr\u01b0\u1edbc 12 gi\u1edd tr\u01b0a ng\u00e0y 9 th\u00e1ng 1 (Th\u1ee9 S\u00e1u), vui l\u00f2ng g\u1eedi ho\u1eb7c n\u1ed9p tr\u1ef1c ti\u1ebfp \u0111\u1ebfn \u0111\u1ecba ch\u1ec9: S\u1ed1 51, Ng\u00f5 199, \u0110\u01b0\u1eddng Shuren, \u0110\u00f4ng B\u00ecnh L\u01b0u, Qu\u1eadn C\u1edd S\u01a1n, Th\u00e0nh ph\u1ed1 Cao H\u00f9ng, \u0110\u00e0i Loan 842, v\u00e0 ghi ch\u00fa \"Ho\u1ea1t \u0111\u1ed9ng Gi\u1ea3i th\u01b0\u1edfng M\u1ef9 thu\u1eadt Wang Yuanlin\". C\u00e1c h\u1ed3 s\u01a1 kh\u00f4ng \u0111\u01b0\u1ee3c g\u1eedi \u0111\u1ebfn \u0111\u00fang h\u1ea1n s\u1ebd \u0111\u01b0\u1ee3c coi l\u00e0 t\u1eeb ch\u1ed1i tham gia.<\/span><\/li>\n<li>Vi\u1ec7c g\u1eedi l\u1ea1i t\u00e1c ph\u1ea9m d\u1ef1 thi s\u1ebd t\u1eadp trung v\u00e0o t\u00e1c ph\u1ea9m ch\u00ednh, kh\u00f4ng c\u1ea7n g\u1eedi t\u00e1c ph\u1ea9m tham kh\u1ea3o.<\/li>\n<li>B\u1ea3o t\u00e0ng M\u1ef9 thu\u1eadt Wang Yuanlin s\u1ebd \u0111\u00f3ng c\u1eeda v\u00e0o ng\u00e0y 5 th\u00e1ng 1 n\u0103m 115 (Th\u1ee9 Hai) v\u00e0 kh\u00f4ng th\u1ec3 nh\u1eadn h\u00e0ng.<\/li>\n<\/ol>\n<\/div><\/section>\n<section  class='av_textblock_section av-lowc5795-5b45363298e416ec2a2c2ac1fd0d9cad'   itemscope=\"itemscope\" itemtype=\"https:\/\/schema.org\/CreativeWork\" ><div class='avia_textblock'  itemprop=\"text\" ><p><strong>39 t\u00e1c ph\u1ea9m l\u1ecdt v\u00e0o v\u00f2ng ch\u1ea5m \u0111i\u1ec3m l\u1ea1i v\u00e0 th\u00f4ng tin v\u1ec1 c\u00e1c th\u00ed sinh nh\u01b0 sau:<\/strong><\/p>\n<table dir=\"ltr\" border=\"1\" cellspacing=\"0\" cellpadding=\"0\" data-sheets-root=\"1\" data-sheets-baot=\"1\">\n<colgroup>\n<col width=\"100\" \/>\n<col width=\"100\" \/>\n<col width=\"100\" \/>\n<col width=\"100\" \/><\/colgroup>\n<tbody>\n<tr>\n<td><span style=\"color: #333333;\">\u0110\u00e1nh s\u1ed1<\/span><\/td>\n<td><span style=\"color: #333333;\">t\u00ean th\u00ed sinh<\/span><\/td>\n<td><span style=\"color: #333333;\">t\u00ean b\u1ee9c tranh<\/span><\/td>\n<td><span style=\"color: #333333;\">K\u00edch th\u01b0\u1edbc tranh \/ cm<\/span><\/td>\n<\/tr>\n<tr>\n<td><span style=\"color: #333333;\">1<\/span><\/td>\n<td><span style=\"color: #333333;\">Chen Binbin<\/span><\/td>\n<td><span style=\"color: #333333;\">Gi\u00f3 th\u1ed5i trong r\u1eebng\u30fb\u00c1nh s\u00e1ng hoa anh \u0111\u00e0o n\u00fai<\/span><\/td>\n<td><span style=\"color: #333333;\">91 \u00d7 116,5<\/span><\/td>\n<\/tr>\n<tr>\n<td><span style=\"color: #333333;\">2<\/span><\/td>\n<td><span style=\"color: #333333;\">Lin Huiling<\/span><\/td>\n<td><span style=\"color: #333333;\">Ch\u1ee3 rau - M\u1ef9 h\u1ecdc c\u1ee7a t\u00ecnh y\u00eau<\/span><\/td>\n<td><span style=\"color: #333333;\">91 \u00d7 116,5<\/span><\/td>\n<\/tr>\n<tr>\n<td><span style=\"color: #333333;\">3<\/span><\/td>\n<td><span style=\"color: #333333;\">L\u01b0u Di\u1ec7u V\u0103n<\/span><\/td>\n<td><span style=\"color: #333333;\">Chuy\u1ebfn bay \u0111\u00eam \u0111\u1ebfn th\u00e0nh ph\u1ed1 c\u1ea3ng<\/span><\/td>\n<td><span style=\"color: #333333;\">80 \u00d7 116,5<\/span><\/td>\n<\/tr>\n<tr>\n<td><span style=\"color: #333333;\">4<\/span><\/td>\n<td><span style=\"color: #333333;\">Jiang Yanhua<\/span><\/td>\n<td><span style=\"color: #333333;\">M\u00f9a h\u00e8 tr\u00f4i n\u1ed5i, \u01b0\u1edbc nguy\u1ec7n<\/span><\/td>\n<td><span style=\"color: #333333;\">91,5 \u00d7 116,5<\/span><\/td>\n<\/tr>\n<tr>\n<td><span style=\"color: #333333;\">5<\/span><\/td>\n<td><span style=\"color: #333333;\">Lai Shu-ling<\/span><\/td>\n<td><span style=\"color: #333333;\">\u00c1nh s\u00e1ng gi\u1eefa c\u00e1c t\u1ea3ng \u0111\u00e1<\/span><\/td>\n<td><span style=\"color: #333333;\">116,5 \u00d7 91<\/span><\/td>\n<\/tr>\n<tr>\n<td><span style=\"color: #333333;\">6<\/span><\/td>\n<td><span style=\"color: #333333;\">Yu Xingying<\/span><\/td>\n<td><span style=\"color: #333333;\">Nh\u1edb l\u1ea1i chuy\u1ebfn du l\u1ecbch r\u1ea5t nh\u1edb<\/span><\/td>\n<td><span style=\"color: #333333;\">116,5 \u00d7 91<\/span><\/td>\n<\/tr>\n<tr>\n<td><span style=\"color: #333333;\">7<\/span><\/td>\n<td><span style=\"color: #333333;\">Tr\u1ea7n Ho\u00e0ng H\u1eefu<\/span><\/td>\n<td><span style=\"color: #333333;\">sinh vi\u00ean m\u1edbi<\/span><\/td>\n<td><span style=\"color: #333333;\">116,5 \u00d7 91<\/span><\/td>\n<\/tr>\n<tr>\n<td><span style=\"color: #333333;\">8<\/span><\/td>\n<td><span style=\"color: #333333;\">You Shengyu<\/span><\/td>\n<td><span style=\"color: #333333;\">Ngo\u00e0i ph\u1ea1m vi<\/span><\/td>\n<td><span style=\"color: #333333;\">91 \u00d7 116,5<\/span><\/td>\n<\/tr>\n<tr>\n<td><span style=\"color: #333333;\">9<\/span><\/td>\n<td><span style=\"color: #333333;\">Hsu Kuo-yu<\/span><\/td>\n<td><span style=\"color: #333333;\">Bi\u1ec3n m\u00e2y Alishan<\/span><\/td>\n<td><span style=\"color: #333333;\">80 \u00d7 116,5<\/span><\/td>\n<\/tr>\n<tr>\n<td><span style=\"color: #333333;\">10<\/span><\/td>\n<td><span style=\"color: #333333;\">Huang Dewang<\/span><\/td>\n<td><span style=\"color: #333333;\">H\u1eadu K\u00fd<\/span><\/td>\n<td><span style=\"color: #333333;\">91 \u00d7 116,5<\/span><\/td>\n<\/tr>\n<tr>\n<td><span style=\"color: #333333;\">11<\/span><\/td>\n<td><span style=\"color: #333333;\">Zhong Lunhua<\/span><\/td>\n<td><span style=\"color: #333333;\">H\u00ecnh \u1ea3nh hi\u1ec7n t\u1ea1i: B\u1ee9c tranh m\u00e2y tr\u1eddi v\u00e0 h\u1ea1c hoang d\u00e3 (1)<\/span><\/td>\n<td><span style=\"color: #333333;\">116,5 \u00d7 80<\/span><\/td>\n<\/tr>\n<tr>\n<td><span style=\"color: #333333;\">12<\/span><\/td>\n<td><span style=\"color: #333333;\">Li Haozhen<\/span><\/td>\n<td><span style=\"color: #333333;\">Kh\u00f4ng gian b\u00f3ng t\u1ed1i d\u01b0\u1edbi m\u1ed1ng m\u1eaft<\/span><\/td>\n<td><span style=\"color: #333333;\">91 \u00d7 116,5<\/span><\/td>\n<\/tr>\n<tr>\n<td><span style=\"color: #333333;\">13<\/span><\/td>\n<td><span style=\"color: #333333;\">Zhang Yilin<\/span><\/td>\n<td><span style=\"color: #333333;\">Th\u1ecb tr\u1ea5n Kim Quang<\/span><\/td>\n<td><span style=\"color: #333333;\">91 \u00d7 116,5<\/span><\/td>\n<\/tr>\n<tr>\n<td><span style=\"color: #333333;\">14<\/span><\/td>\n<td><span style=\"color: #333333;\">Liao Chunying<\/span><\/td>\n<td><span style=\"color: #333333;\">T\u00f4i \u0111ang tr\u00ean \u0111\u01b0\u1eddng du l\u1ecbch ix - S\u1ef1 ng\u1eafn ng\u1ee7i v\u00e0 tr\u00f4i qua c\u1ee7a cu\u1ed9c \u0111\u1eddi<\/span><\/td>\n<td><span style=\"color: #333333;\">92 \u00d7 116,5<\/span><\/td>\n<\/tr>\n<tr>\n<td><span style=\"color: #333333;\">15<\/span><\/td>\n<td><span style=\"color: #333333;\">Cai Songyan<\/span><\/td>\n<td><span style=\"color: #333333;\">N\u1eafng \u1ea5m tr\u00ean \u0111\u01b0\u1eddng ph\u1ed1<\/span><\/td>\n<td><span style=\"color: #333333;\">91 \u00d7 116,5<\/span><\/td>\n<\/tr>\n<tr>\n<td><span style=\"color: #333333;\">16<\/span><\/td>\n<td><span style=\"color: #333333;\">Ma Rulong<\/span><\/td>\n<td><span style=\"color: #333333;\">\u00e1nh s\u00e1ng ban mai<\/span><\/td>\n<td><span style=\"color: #333333;\">116,5 \u00d7 91<\/span><\/td>\n<\/tr>\n<tr>\n<td><span style=\"color: #333333;\">17<\/span><\/td>\n<td><span style=\"color: #333333;\">Tr\u01b0\u01a1ng Di\u1ec7u Thanh<\/span><\/td>\n<td><span style=\"color: #333333;\">Qu\u00e1 M\u00e8o\u30fbB\u00e0 n\u1ed9i \u01b0\u1edbc nguy\u1ec7n<\/span><\/td>\n<td><span style=\"color: #333333;\">116 \u00d7 91<\/span><\/td>\n<\/tr>\n<tr>\n<td><span style=\"color: #333333;\">18<\/span><\/td>\n<td><span style=\"color: #333333;\">Qiu Yichen<\/span><\/td>\n<td><span style=\"color: #333333;\">Tr\u1eadn tuy\u1ebft \u0111\u1ea7u ti\u00ean - V\u00f2ng nguy\u1ec7t qu\u1ebf vinh quang<\/span><\/td>\n<td><span style=\"color: #333333;\">127 \u00d7 75<\/span><\/td>\n<\/tr>\n<tr>\n<td><span style=\"color: #333333;\">19<\/span><\/td>\n<td><span style=\"color: #333333;\">Chan Yee Tsuen<\/span><\/td>\n<td><span style=\"color: #333333;\">Yuxi<\/span><\/td>\n<td><span style=\"color: #333333;\">91 \u00d7 116,5<\/span><\/td>\n<\/tr>\n<tr>\n<td><span style=\"color: #333333;\">20<\/span><\/td>\n<td><span style=\"color: #333333;\">Zhang Yiyun<\/span><\/td>\n<td><span style=\"color: #333333;\">Con \u0111\u01b0\u1eddng r\u1ef1c r\u1ee1<\/span><\/td>\n<td><span style=\"color: #333333;\">116 \u00d7 91<\/span><\/td>\n<\/tr>\n<tr>\n<td><span style=\"color: #333333;\">21<\/span><\/td>\n<td><span style=\"color: #333333;\">Xu Huimei<\/span><\/td>\n<td><span style=\"color: #333333;\">Tay c\u00f4 \u1ea5y \u0111\u1ee1 l\u1ea5y t\u00f4i.<\/span><\/td>\n<td><span style=\"color: #333333;\">116,5 \u00d7 91<\/span><\/td>\n<\/tr>\n<tr>\n<td><span style=\"color: #333333;\">22<\/span><\/td>\n<td><span style=\"color: #333333;\">Yu Xiurong<\/span><\/td>\n<td><span style=\"color: #333333;\">Kh\u00f4ng c\u00f3 m\u1eb7t nh\u01b0ng v\u1eabn hi\u1ec7n di\u1ec7n - Cha \u1edf qu\u00ea nh\u00e0<\/span><\/td>\n<td><span style=\"color: #333333;\">91 \u00d7 116,5<\/span><\/td>\n<\/tr>\n<tr>\n<td><span style=\"color: #333333;\">23<\/span><\/td>\n<td><span style=\"color: #333333;\">Han Shanjun<\/span><\/td>\n<td><span style=\"color: #333333;\">M\u00f9 Quang<\/span><\/td>\n<td><span style=\"color: #333333;\">116,5 \u00d7 91<\/span><\/td>\n<\/tr>\n<tr>\n<td><span style=\"color: #333333;\">24<\/span><\/td>\n<td><span style=\"color: #333333;\">Li Ziwei<\/span><\/td>\n<td><span style=\"color: #333333;\">H\u00ecnh th\u1ee9c c\u1ed9ng sinh - T\u00ecnh duy\u00ean ki\u1ebfp tr\u01b0\u1edbc<\/span><\/td>\n<td><span style=\"color: #333333;\">116,5 \u00d7 91<\/span><\/td>\n<\/tr>\n<tr>\n<td><span style=\"color: #333333;\">25<\/span><\/td>\n<td><span style=\"color: #333333;\">C\u1ed5 \u0110\u00f4ng Huy\u1ec1n<\/span><\/td>\n<td><span style=\"color: #333333;\">B\u1eaby \u0111\u01b0\u1eddng ng\u1ecdt - Ng\u1ecdt ng\u00e0o<\/span><\/td>\n<td><span style=\"color: #333333;\">116,5 \u00d7 91<\/span><\/td>\n<\/tr>\n<tr>\n<td><span style=\"color: #333333;\">26<\/span><\/td>\n<td><span style=\"color: #333333;\">Ng\u00f4 Kim H\u00e0<\/span><\/td>\n<td><span style=\"color: #333333;\">Void Throne<\/span><\/td>\n<td><span style=\"color: #333333;\">117 \u00d7 91<\/span><\/td>\n<\/tr>\n<tr>\n<td><span style=\"color: #333333;\">27<\/span><\/td>\n<td><span style=\"color: #333333;\">Liu Zhengrong<\/span><\/td>\n<td><span style=\"color: #333333;\">Th\u00e1nh t\u01b0\u1ee3ng th\u00ed nghi\u1ec7m\u30fbS\u1ed1 13<\/span><\/td>\n<td><span style=\"color: #333333;\">91 \u00d7 116,5<\/span><\/td>\n<\/tr>\n<tr>\n<td><span style=\"color: #333333;\">28<\/span><\/td>\n<td><span style=\"color: #333333;\">Gao Qingyuan<\/span><\/td>\n<td><span style=\"color: #333333;\">\u00c1nh s\u00e1ng c\u1ee7a t\u00ecnh y\u00eau<\/span><\/td>\n<td><span style=\"color: #333333;\">116,5 \u00d7 91<\/span><\/td>\n<\/tr>\n<tr>\n<td><span style=\"color: #333333;\">29<\/span><\/td>\n<td><span style=\"color: #333333;\">Tan Hong Yu<\/span><\/td>\n<td><span style=\"color: #333333;\">T\u1ea1i sao Apple?<\/span><\/td>\n<td><span style=\"color: #333333;\">116,5 \u00d7 91<\/span><\/td>\n<\/tr>\n<tr>\n<td><span style=\"color: #333333;\">30<\/span><\/td>\n<td><span style=\"color: #333333;\">Jian Yanxu<\/span><\/td>\n<td><span style=\"color: #333333;\">The Living Fold\u30fbNh\u1eefng n\u1ebfp g\u1ea5p c\u1ee7a cu\u1ed9c s\u1ed1ng<\/span><\/td>\n<td><span style=\"color: #333333;\">91 \u00d7 116,5<\/span><\/td>\n<\/tr>\n<tr>\n<td><span style=\"color: #333333;\">31<\/span><\/td>\n<td><span style=\"color: #333333;\">Zhang Suzuki<\/span><\/td>\n<td><span style=\"color: #333333;\">S\u00f4ng th\u1eddi gian - N\u0103m th\u00e1ng<\/span><\/td>\n<td><span style=\"color: #333333;\">116,5 \u00d7 80<\/span><\/td>\n<\/tr>\n<tr>\n<td><span style=\"color: #333333;\">32<\/span><\/td>\n<td><span style=\"color: #333333;\">Guo Hongkun<\/span><\/td>\n<td><span style=\"color: #333333;\">V\u1ecb tr\u00ed: Qu\u1eadn Xindian, Wulai L\u01b0\u1ee3ng m\u01b0a 0% \u0110\u1ed9 \u1ea9m 80% T\u1ed1c \u0111\u1ed9 gi\u00f3 8 km\/gi\u1edd<\/span><\/td>\n<td><span style=\"color: #333333;\">116,5 \u00d7 90<\/span><\/td>\n<\/tr>\n<tr>\n<td><span style=\"color: #333333;\">33<\/span><\/td>\n<td><span style=\"color: #333333;\">Huang Yuxin<\/span><\/td>\n<td><span style=\"color: #333333;\">Ho\u00e0ng h\u00f4n tr\u00ean th\u00e0nh ph\u1ed1 c\u1ea3ng<\/span><\/td>\n<td><span style=\"color: #333333;\">91 \u00d7 116<\/span><\/td>\n<\/tr>\n<tr>\n<td><span style=\"color: #333333;\">34<\/span><\/td>\n<td><span style=\"color: #333333;\">Chuang Li-chu<\/span><\/td>\n<td><span style=\"color: #333333;\">Nh\u1eefng \u0111\u1ee3t th\u1ee7y tri\u1ec1u trong k\u00fd \u1ee9c linh thi\u00eang<\/span><\/td>\n<td><span style=\"color: #333333;\">91 \u00d7 116,5<\/span><\/td>\n<\/tr>\n<tr>\n<td><span style=\"color: #333333;\">35<\/span><\/td>\n<td><span style=\"color: #333333;\">L\u00fc Qianying<\/span><\/td>\n<td><span style=\"color: #333333;\">B\u1ed1n con \u0111\u01b0\u1eddng\u30fbM\u1ed9t t\u01b0\u01a1ng lai<\/span><\/td>\n<td><span style=\"color: #333333;\">116,5 \u00d7 91<\/span><\/td>\n<\/tr>\n<tr>\n<td><span style=\"color: #333333;\">36<\/span><\/td>\n<td><span style=\"color: #333333;\">Weng Ziqing<\/span><\/td>\n<td><span style=\"color: #333333;\">Anh \u1ea5y ch\u1ec9 \u0111i ngang qua.<\/span><\/td>\n<td><span style=\"color: #333333;\">116,5 \u00d7 91<\/span><\/td>\n<\/tr>\n<tr>\n<td><span style=\"color: #333333;\">37<\/span><\/td>\n<td><span style=\"color: #333333;\">Chen Peishan<\/span><\/td>\n<td><span style=\"color: #333333;\">T\u0129nh v\u1eadt\u30fbtmp<\/span><\/td>\n<td><span style=\"color: #333333;\">116,5 \u00d7 91<\/span><\/td>\n<\/tr>\n<tr>\n<td><span style=\"color: #333333;\">38<\/span><\/td>\n<td><span style=\"color: #333333;\">Qiu Taikuan<\/span><\/td>\n<td><span style=\"color: #333333;\">D\u1ea1 ti\u1ec7c c\u1ee7a c\u00e1c v\u1ecb th\u1ea7n d\u01b0\u1edbi \u00e1nh tr\u0103ng<\/span><\/td>\n<td><span style=\"color: #333333;\">91 \u00d7 116,5<\/span><\/td>\n<\/tr>\n<tr>\n<td><span style=\"color: #333333;\">39<\/span><\/td>\n<td><span style=\"color: #333333;\">Yan Jingjie<\/span><\/td>\n<td><span style=\"color: #333333;\">V\u00f9ng n\u00fai<\/span><\/td>\n<td><span style=\"color: #333333;\">116,5 \u00d7 91<\/span><\/td>\n<\/tr>\n<\/tbody>\n<\/table>\n<p><strong>L\u01b0u \u00fd: N\u1ebfu c\u00f3 sai s\u00f3t trong th\u00f4ng tin tr\u00ean, vui l\u00f2ng li\u00ean h\u1ec7 v\u1edbi c\u00f4 Li theo s\u1ed1 0932-727013 \u0111\u1ec3 \u0111\u01b0\u1ee3c s\u1eeda ch\u1eefa.<\/strong><\/p>\n<\/div><\/section>","protected":false},"excerpt":{"rendered":"","protected":false},"author":4,"featured_media":13622,"parent":13880,"menu_order":0,"comment_status":"closed","ping_status":"closed","template":"","meta":{"footnotes":""},"class_list":["post-13619","page","type-page","status-publish","has-post-thumbnail","hentry"],"_links":{"self":[{"href":"https:\/\/wylf.org.tw\/vi\/wp-json\/wp\/v2\/pages\/13619","targetHints":{"allow":["GET"]}}],"collection":[{"href":"https:\/\/wylf.org.tw\/vi\/wp-json\/wp\/v2\/pages"}],"about":[{"href":"https:\/\/wylf.org.tw\/vi\/wp-json\/wp\/v2\/types\/page"}],"author":[{"embeddable":true,"href":"https:\/\/wylf.org.tw\/vi\/wp-json\/wp\/v2\/users\/4"}],"replies":[{"embeddable":true,"href":"https:\/\/wylf.org.tw\/vi\/wp-json\/wp\/v2\/comments?post=13619"}],"version-history":[{"count":8,"href":"https:\/\/wylf.org.tw\/vi\/wp-json\/wp\/v2\/pages\/13619\/revisions"}],"predecessor-version":[{"id":13693,"href":"https:\/\/wylf.org.tw\/vi\/wp-json\/wp\/v2\/pages\/13619\/revisions\/13693"}],"up":[{"embeddable":true,"href":"https:\/\/wylf.org.tw\/vi\/wp-json\/wp\/v2\/pages\/13880"}],"wp:featuredmedia":[{"embeddable":true,"href":"https:\/\/wylf.org.tw\/vi\/wp-json\/wp\/v2\/media\/13622"}],"wp:attachment":[{"href":"https:\/\/wylf.org.tw\/vi\/wp-json\/wp\/v2\/media?parent=13619"}],"curies":[{"name":"wp","href":"https:\/\/api.w.org\/{rel}","templated":true}]}}