{"id":12377,"date":"2024-05-09T10:42:06","date_gmt":"2024-05-09T02:42:06","guid":{"rendered":"https:\/\/wylf.org.tw\/?page_id=12377"},"modified":"2025-01-10T12:33:13","modified_gmt":"2025-01-10T04:33:13","slug":"ve-chu-tich","status":"publish","type":"page","link":"https:\/\/wylf.org.tw\/vi\/about\/about-chairman\/","title":{"rendered":"gi\u1edbi thi\u1ec7u ch\u1ee7 t\u1ecbch"},"content":{"rendered":"<style type=\"text\/css\" data-created_by=\"avia_inline_auto\" id=\"style-css-av-k5htjp0c-16701c9666a37c6857b13c5867597a46\">\n.avia-section.av-k5htjp0c-16701c9666a37c6857b13c5867597a46{\nbackground-repeat:repeat;\nbackground-image:url(https:\/\/wylf.org.tw\/wp-content\/uploads\/2020\/01\/Header-1.png);\nbackground-position:50% 50%;\nbackground-attachment:scroll;\n}\n<\/style>\n<div id='av_section_1'  class='avia-section av-k5htjp0c-16701c9666a37c6857b13c5867597a46 main_color avia-section-default avia-no-border-styling  avia-builder-el-0  el_before_av_one_full  avia-builder-el-first  avia-bg-style-scroll container_wrap sidebar_right'  data-section-bg-repeat='repeat'><div class='container av-section-cont-open' ><main  role=\"main\" itemprop=\"mainContentOfPage\"  class='template-page content  av-content-small alpha units'><div class='post-entry post-entry-type-page post-entry-12377'><div class='entry-content-wrapper clearfix'>\n\n<style type=\"text\/css\" data-created_by=\"avia_inline_auto\" id=\"style-css-av-k5i7h6xm-ce61bf857a8d9e1bfc27e81897ad89a8\">\n#top .hr.hr-invisible.av-k5i7h6xm-ce61bf857a8d9e1bfc27e81897ad89a8{\nmargin-top:-5px;\nheight:1px;\n}\n<\/style>\n<div  class='hr av-k5i7h6xm-ce61bf857a8d9e1bfc27e81897ad89a8 hr-invisible  avia-builder-el-1  el_before_av_button  avia-builder-el-first'><span class='hr-inner'><span class=\"hr-inner-style\"><\/span><\/span><\/div>\n<div  class='avia-button-wrap av-k5i77vc6-ba9ae6b1959bbd2bc3111f16e7987377-wrap avia-button-center  avia-builder-el-2  el_after_av_hr  el_before_av_hr'><a href=''  class='avia-button av-k5i77vc6-ba9ae6b1959bbd2bc3111f16e7987377 av-link-btn avia-icon_select-no avia-size-small avia-position-center avia-color-theme-color'  ><span class='avia_iconbox_title' >gi\u1edbi thi\u1ec7u ch\u1ee7 t\u1ecbch<\/span><\/a><\/div>\n\n<style type=\"text\/css\" data-created_by=\"avia_inline_auto\" id=\"style-css-av-k5i7h6xm-6-09c81d481d3b282f61f27c400d2d6312\">\n#top .hr.hr-invisible.av-k5i7h6xm-6-09c81d481d3b282f61f27c400d2d6312{\nmargin-top:-5px;\nheight:1px;\n}\n<\/style>\n<div  class='hr av-k5i7h6xm-6-09c81d481d3b282f61f27c400d2d6312 hr-invisible  avia-builder-el-3  el_after_av_button  avia-builder-el-last'><span class='hr-inner'><span class=\"hr-inner-style\"><\/span><\/span><\/div>\n<\/div><\/div><\/main><!-- close content main element --><\/div><\/div><div id='after_section_1'  class='main_color av_default_container_wrap container_wrap sidebar_right'  ><div class='container av-section-cont-open' ><div class='template-page content  av-content-small alpha units'><div class='post-entry post-entry-type-page post-entry-12377'><div class='entry-content-wrapper clearfix'>\n\n<style type=\"text\/css\" data-created_by=\"avia_inline_auto\" id=\"style-css-av-v58hl-24bd4873cbb1cd8c15fbaafe1648bc5c\">\n.flex_column.av-v58hl-24bd4873cbb1cd8c15fbaafe1648bc5c{\nborder-radius:0px 0px 0px 0px;\npadding:0px 0px 0px 0px;\n}\n<\/style>\n<div  class='flex_column av-v58hl-24bd4873cbb1cd8c15fbaafe1648bc5c av_one_full  avia-builder-el-4  el_after_av_section  avia-builder-el-no-sibling  first flex_column_div av-zero-column-padding'     ><section  class='av_textblock_section av-7zc23d-530848dad5cbbfd74c6fb1f160f53f88'   itemscope=\"itemscope\" itemtype=\"https:\/\/schema.org\/CreativeWork\" ><div class='avia_textblock'  itemprop=\"text\" ><blockquote>\n<h2>Wang Yuanlin, ch\u1ee7 t\u1ecbch Fulin Plastics, quy\u00ean g\u00f3p 30 tri\u1ec7u<br \/>\nX\u00e2y d\u1ef1ng &quot;Trung t\u00e2m \u0111\u1ed5i m\u1edbi m\u00f4 ph\u1ecfng ph\u1eabu thu\u1eadt v\u00e0 gi\u1ea3i ph\u1eabu Trung S\u01a1n Gaochang&quot;<\/h2>\n<\/blockquote>\n<\/div><\/section><br \/>\n<section  class='av_textblock_section av-1gclrtl-182d867a36b9905d4b791d6582fc03a2'   itemscope=\"itemscope\" itemtype=\"https:\/\/schema.org\/CreativeWork\" ><div class='avia_textblock'  itemprop=\"text\" ><div id=\"attachment_12341\" style=\"width: 2518px\" class=\"wp-caption alignnone\"><img loading=\"lazy\" decoding=\"async\" aria-describedby=\"caption-attachment-12341\" class=\"size-full wp-image-12341\" src=\"https:\/\/wylf.org.tw\/wp-content\/uploads\/2024\/05\/donate-1.jpg\" alt=\"\" width=\"2508\" height=\"1672\" srcset=\"https:\/\/wylf.org.tw\/wp-content\/uploads\/2024\/05\/donate-1.jpg 2508w, https:\/\/wylf.org.tw\/wp-content\/uploads\/2024\/05\/donate-1-300x200.jpg 300w, https:\/\/wylf.org.tw\/wp-content\/uploads\/2024\/05\/donate-1-1030x687.jpg 1030w, https:\/\/wylf.org.tw\/wp-content\/uploads\/2024\/05\/donate-1-768x512.jpg 768w, https:\/\/wylf.org.tw\/wp-content\/uploads\/2024\/05\/donate-1-1536x1024.jpg 1536w, https:\/\/wylf.org.tw\/wp-content\/uploads\/2024\/05\/donate-1-2048x1365.jpg 2048w, https:\/\/wylf.org.tw\/wp-content\/uploads\/2024\/05\/donate-1-18x12.jpg 18w, https:\/\/wylf.org.tw\/wp-content\/uploads\/2024\/05\/donate-1-1500x1000.jpg 1500w, https:\/\/wylf.org.tw\/wp-content\/uploads\/2024\/05\/donate-1-705x470.jpg 705w\" sizes=\"auto, (max-width: 2508px) 100vw, 2508px\" \/><p id=\"caption-attachment-12341\" class=\"wp-caption-text\">Wang Yuanlin, ch\u1ee7 t\u1ecbch c\u1ee7a Fulin Plastics, \u0111\u00e3 quy\u00ean g\u00f3p 30 tri\u1ec7u \u0111\u1ec3 x\u00e2y d\u1ef1ng &quot;Trung t\u00e2m \u0111\u1ed5i m\u1edbi m\u00f4 ph\u1ecfng ph\u1eabu thu\u1eadt v\u00e0 gi\u1ea3i ph\u1eabu Trung S\u01a1n Gaochang&quot;<\/p><\/div>\n<p>Tr\u01b0\u1eddng Y \u0110\u1ea1i h\u1ecdc T\u00f4n Trung S\u01a1n t\u1ecda l\u1ea1c t\u1ea1i B\u1ec7nh vi\u1ec7n T\u01b0\u1edfng ni\u1ec7m Chang Gung Cao H\u00f9ng<strong>&quot;Trung t\u00e2m \u0111\u1ed5i m\u1edbi m\u00f4 ph\u1ecfng ph\u1eabu thu\u1eadt v\u00e0 gi\u1ea3i ph\u1eabu Trung S\u01a1n Gaochang&quot;<\/strong>K\u1ebf ho\u1ea1ch x\u00e2y d\u1ef1ng \u0111\u00e3 nh\u1eadn \u0111\u01b0\u1ee3c kho\u1ea3n t\u00e0i tr\u1ee3 30 tri\u1ec7u nh\u00e2n d\u00e2n t\u1ec7 t\u1eeb Wang Yuanlin, Ch\u1ee7 t\u1ecbch C\u00f4ng ty TNHH C\u00f4ng nghi\u1ec7p Nh\u1ef1a Fulin. Trung t\u00e2m d\u1ef1 ki\u1ebfn s\u1ebd \u0111\u01b0\u1ee3c ho\u00e0n th\u00e0nh trong n\u0103m nay v\u00e0 s\u1ebd cung c\u1ea5p cho sinh vi\u00ean y khoa v\u00e0 b\u00e1c s\u0129 n\u1ed9i tr\u00fa gi\u00e1o d\u1ee5c to\u00e0n di\u1ec7n v\u1ec1 gi\u1ea3i ph\u1eabu v\u00e0 sinh l\u00fd h\u1ecdc c\u0169ng nh\u01b0 \u0111\u00e0o t\u1ea1o k\u1ef9 n\u0103ng ph\u1eabu thu\u1eadt. Zheng Yingyao, Hi\u1ec7u tr\u01b0\u1edfng \u0110\u1ea1i h\u1ecdc Sun Yat-sen, ch\u1ec9 ra r\u1eb1ng \u0111\u00e2y l\u00e0 kho\u1ea3n quy\u00ean g\u00f3p l\u1edbn nh\u1ea5t c\u1ee7a m\u1ed9t ng\u01b0\u1eddi kh\u00f4ng ph\u1ea3i l\u00e0 c\u1ef1u sinh vi\u00ean trong 44 n\u0103m k\u1ec3 t\u1eeb khi \u0110\u1ea1i h\u1ecdc Sun Yat-sen \u0111\u01b0\u1ee3c th\u00e0nh l\u1eadp, cung c\u1ea5p h\u1ed7 tr\u1ee3 quan tr\u1ecdng cho gi\u00e1o d\u1ee5c y t\u1ebf v\u00e0 \u0111\u00e0o t\u1ea1o l\u00e2m s\u00e0ng c\u1ee7a tr\u01b0\u1eddng. \u00d4ng ch\u1ec9 ra r\u1eb1ng c\u00e1c sinh vi\u00ean y khoa h\u1ecdc v\u1ec1 c\u1ea5u tr\u00fac c\u01a1 th\u1ec3 con ng\u01b0\u1eddi th\u00f4ng qua c\u00e1c kh\u00f3a h\u1ecdc gi\u1ea3i ph\u1eabu t\u1ed5ng th\u1ec3, \u0111i\u1ec1u n\u00e0y r\u1ea5t quan tr\u1ecdng \u0111\u1ec3 h\u1ecd tr\u1edf th\u00e0nh b\u00e1c s\u0129 xu\u1ea5t s\u1eafc trong t\u01b0\u01a1ng lai. Kho\u1ea3n quy\u00ean g\u00f3p n\u00e0y th\u1ec3 hi\u1ec7n t\u1ea7m quan tr\u1ecdng v\u00e0 s\u1ef1 nhi\u1ec7t t\u00ecnh c\u1ee7a t\u1ea5t c\u1ea3 c\u00e1c th\u00e0nh ph\u1ea7n trong x\u00e3 h\u1ed9i \u0111\u1ed1i v\u1edbi gi\u00e1o d\u1ee5c y t\u1ebf.<\/p>\n<p>Tr\u01b0\u1eddng Y thu\u1ed9c \u0110\u1ea1i h\u1ecdc T\u00f4n Trung S\u01a1n \u0111\u00e3 t\u1ed5 ch\u1ee9c l\u1ec5 quy\u00ean g\u00f3p v\u00e0o l\u00fac 5 gi\u1edd chi\u1ec1u ng\u00e0y 3 th\u00e1ng 5 n\u0103m 2024. Ch\u1ee7 t\u1ecbch Fulin Plastic, Wang Yuanlin cho bi\u1ebft, kho\u1ea3n quy\u00ean g\u00f3p n\u00e0y kh\u00f4ng ch\u1ec9 ph\u1ea3n \u00e1nh s\u1ef1 ki\u00ean tr\u00ec c\u1ee7a C\u00f4ng ty TNHH C\u00f4ng nghi\u1ec7p Nh\u1ef1a Fulin v\u00ec x\u00e3 h\u1ed9i. tr\u00e1ch nhi\u1ec7m m\u00e0 c\u00f2n h\u1ed7 tr\u1ee3 cho Trung S\u01a1n M\u1ed9t \u0111\u1ed9ng l\u1ef1c m\u1ea1nh m\u1ebd \u0111\u00e3 \u0111\u01b0\u1ee3c \u0111\u01b0a v\u00e0o s\u1ef1 ph\u00e1t tri\u1ec3n c\u1ee7a c\u00e1c tr\u01b0\u1eddng \u0111\u1ea1i h\u1ecdc y. Ch\u00fang t\u00f4i tin r\u1eb1ng v\u1edbi trung t\u00e2m m\u00f4 ph\u1ecfng ph\u1eabu thu\u1eadt v\u00e0 gi\u1ea3i ph\u1eabu ti\u00ean ti\u1ebfn n\u00e0y, ch\u00fang t\u00f4i s\u1ebd c\u00f3 th\u1ec3 \u0111\u00e0o t\u1ea1o t\u1ed1t h\u01a1n c\u00e1c chuy\u00ean gia y t\u1ebf xu\u1ea5t s\u1eafc v\u00e0 \u0111\u00f3ng g\u00f3p nhi\u1ec1u h\u01a1n cho ng\u00e0nh y t\u1ebf c\u1ee7a \u0110\u00e0i Loan.<\/p>\n<\/div><\/section><br \/>\n<section  class='av_textblock_section av-1a8dj5l-01f1b1567b15b6f746861caf74bb4cf4'   itemscope=\"itemscope\" itemtype=\"https:\/\/schema.org\/CreativeWork\" ><div class='avia_textblock'  itemprop=\"text\" ><p><div id=\"attachment_12342\" style=\"width: 1109px\" class=\"wp-caption aligncenter\"><img loading=\"lazy\" decoding=\"async\" aria-describedby=\"caption-attachment-12342\" class=\"wp-image-12342 size-full\" src=\"https:\/\/wylf.org.tw\/wp-content\/uploads\/2024\/05\/donate-2.jpg\" alt=\"\" width=\"1099\" height=\"1011\" srcset=\"https:\/\/wylf.org.tw\/wp-content\/uploads\/2024\/05\/donate-2.jpg 1099w, https:\/\/wylf.org.tw\/wp-content\/uploads\/2024\/05\/donate-2-300x276.jpg 300w, https:\/\/wylf.org.tw\/wp-content\/uploads\/2024\/05\/donate-2-1030x948.jpg 1030w, https:\/\/wylf.org.tw\/wp-content\/uploads\/2024\/05\/donate-2-768x707.jpg 768w, https:\/\/wylf.org.tw\/wp-content\/uploads\/2024\/05\/donate-2-13x12.jpg 13w, https:\/\/wylf.org.tw\/wp-content\/uploads\/2024\/05\/donate-2-705x649.jpg 705w\" sizes=\"auto, (max-width: 1099px) 100vw, 1099px\" \/><p id=\"caption-attachment-12342\" class=\"wp-caption-text\">Ng\u01b0\u1eddi th\u1ee9 nh\u1ea5t b\u00ean ph\u1ea3i l\u00e0 Cheng Wenjun, ch\u1ee7 t\u1ecbch \u1ee7y ban ra quy\u1ebft \u0111\u1ecbnh doanh nghi\u1ec7p c\u1ee7a Qu\u1ef9 Y t\u1ebf T\u01b0\u1edfng ni\u1ec7m Chang Gung, ng\u01b0\u1eddi th\u1ee9 2 b\u00ean ph\u1ea3i l\u00e0 Zheng Yingyao, hi\u1ec7u tr\u01b0\u1edfng \u0110\u1ea1i h\u1ecdc Sun Yat-sen, ng\u01b0\u1eddi th\u1ee9 nh\u1ea5t b\u00ean tr\u00e1i l\u00e0 Ch\u1ee7 t\u1ecbch V\u1ee3 V\u01b0\u01a1ng, ng\u01b0\u1eddi th\u1ee9 2 b\u00ean tr\u00e1i l\u00e0 Ch\u1ee7 t\u1ecbch V\u01b0\u01a1ng Nguy\u00ean L\u00e2m<\/p><\/div><br \/>\n<div id=\"attachment_12343\" style=\"width: 1575px\" class=\"wp-caption aligncenter\"><img loading=\"lazy\" decoding=\"async\" aria-describedby=\"caption-attachment-12343\" class=\"wp-image-12343 size-full\" src=\"https:\/\/wylf.org.tw\/wp-content\/uploads\/2024\/05\/donate-3.jpg\" alt=\"\" width=\"1565\" height=\"788\" srcset=\"https:\/\/wylf.org.tw\/wp-content\/uploads\/2024\/05\/donate-3.jpg 1565w, https:\/\/wylf.org.tw\/wp-content\/uploads\/2024\/05\/donate-3-300x151.jpg 300w, https:\/\/wylf.org.tw\/wp-content\/uploads\/2024\/05\/donate-3-1030x519.jpg 1030w, https:\/\/wylf.org.tw\/wp-content\/uploads\/2024\/05\/donate-3-768x387.jpg 768w, https:\/\/wylf.org.tw\/wp-content\/uploads\/2024\/05\/donate-3-1536x773.jpg 1536w, https:\/\/wylf.org.tw\/wp-content\/uploads\/2024\/05\/donate-3-18x9.jpg 18w, https:\/\/wylf.org.tw\/wp-content\/uploads\/2024\/05\/donate-3-1500x755.jpg 1500w, https:\/\/wylf.org.tw\/wp-content\/uploads\/2024\/05\/donate-3-705x355.jpg 705w\" sizes=\"auto, (max-width: 1565px) 100vw, 1565px\" \/><p id=\"caption-attachment-12343\" class=\"wp-caption-text\">Ch\u1ee7 t\u1ecbch V\u01b0\u01a1ng v\u00e0 c\u00e1c v\u1ecb kh\u00e1ch qu\u00fd ch\u1ee5p \u1ea3nh t\u1eadp th\u1ec3 c\u00f9ng to\u00e0n th\u1ec3 sinh vi\u00ean y khoa<\/p><\/div><\/p>\n<\/div><\/section><\/p><\/div>","protected":false},"excerpt":{"rendered":"","protected":false},"author":4,"featured_media":0,"parent":4732,"menu_order":200,"comment_status":"closed","ping_status":"closed","template":"","meta":{"footnotes":""},"class_list":["post-12377","page","type-page","status-publish","hentry"],"_links":{"self":[{"href":"https:\/\/wylf.org.tw\/vi\/wp-json\/wp\/v2\/pages\/12377","targetHints":{"allow":["GET"]}}],"collection":[{"href":"https:\/\/wylf.org.tw\/vi\/wp-json\/wp\/v2\/pages"}],"about":[{"href":"https:\/\/wylf.org.tw\/vi\/wp-json\/wp\/v2\/types\/page"}],"author":[{"embeddable":true,"href":"https:\/\/wylf.org.tw\/vi\/wp-json\/wp\/v2\/users\/4"}],"replies":[{"embeddable":true,"href":"https:\/\/wylf.org.tw\/vi\/wp-json\/wp\/v2\/comments?post=12377"}],"version-history":[{"count":16,"href":"https:\/\/wylf.org.tw\/vi\/wp-json\/wp\/v2\/pages\/12377\/revisions"}],"predecessor-version":[{"id":12867,"href":"https:\/\/wylf.org.tw\/vi\/wp-json\/wp\/v2\/pages\/12377\/revisions\/12867"}],"up":[{"embeddable":true,"href":"https:\/\/wylf.org.tw\/vi\/wp-json\/wp\/v2\/pages\/4732"}],"wp:attachment":[{"href":"https:\/\/wylf.org.tw\/vi\/wp-json\/wp\/v2\/media?parent=12377"}],"curies":[{"name":"wp","href":"https:\/\/api.w.org\/{rel}","templated":true}]}}