{"id":12347,"date":"2024-05-08T18:20:27","date_gmt":"2024-05-08T10:20:27","guid":{"rendered":"https:\/\/wylf.org.tw\/?page_id=12347"},"modified":"2024-05-09T16:26:29","modified_gmt":"2024-05-09T08:26:29","slug":"huy-chuong-cua-hiep-hoi-van-hoc-nghe-thuat","status":"publish","type":"page","link":"https:\/\/wylf.org.tw\/vi\/about\/medal-of-literary-and-art-association\/","title":{"rendered":"Gi\u00e0nh \u0111\u01b0\u1ee3c B\u1ed9 V\u0103n h\u00f3a [Hu\u00e2n ch\u01b0\u01a1ng Hi\u1ec7p h\u1ed9i V\u0103n h\u00f3a]"},"content":{"rendered":"<style type=\"text\/css\" data-created_by=\"avia_inline_auto\" id=\"style-css-av-k5htjp0c-16701c9666a37c6857b13c5867597a46\">\n.avia-section.av-k5htjp0c-16701c9666a37c6857b13c5867597a46{\nbackground-repeat:repeat;\nbackground-image:url(https:\/\/wylf.org.tw\/wp-content\/uploads\/2020\/01\/Header-1.png);\nbackground-position:50% 50%;\nbackground-attachment:scroll;\n}\n<\/style>\n<div id='av_section_1'  class='avia-section av-k5htjp0c-16701c9666a37c6857b13c5867597a46 main_color avia-section-default avia-no-border-styling  avia-builder-el-0  el_before_av_one_full  avia-builder-el-first  avia-bg-style-scroll container_wrap sidebar_right'  data-section-bg-repeat='repeat'><div class='container av-section-cont-open' ><main  role=\"main\" itemprop=\"mainContentOfPage\"  class='template-page content  av-content-small alpha units'><div class='post-entry post-entry-type-page post-entry-12347'><div class='entry-content-wrapper clearfix'>\n\n<style type=\"text\/css\" data-created_by=\"avia_inline_auto\" id=\"style-css-av-k5i7h6xm-ce61bf857a8d9e1bfc27e81897ad89a8\">\n#top .hr.hr-invisible.av-k5i7h6xm-ce61bf857a8d9e1bfc27e81897ad89a8{\nmargin-top:-5px;\nheight:1px;\n}\n<\/style>\n<div  class='hr av-k5i7h6xm-ce61bf857a8d9e1bfc27e81897ad89a8 hr-invisible  avia-builder-el-1  el_before_av_button  avia-builder-el-first'><span class='hr-inner'><span class=\"hr-inner-style\"><\/span><\/span><\/div>\n<div  class='avia-button-wrap av-k5i77vc6-5140b7795288f0385c16f65c87008efa-wrap avia-button-center  avia-builder-el-2  el_after_av_hr  el_before_av_hr'><a href=''  class='avia-button av-k5i77vc6-5140b7795288f0385c16f65c87008efa av-link-btn avia-icon_select-no avia-size-small avia-position-center avia-color-theme-color'  ><span class='avia_iconbox_title' >B\u1ed9 V\u0103n h\u00f3a(Hu\u00e2n ch\u01b0\u01a1ng Hi\u1ec7p h\u1ed9i V\u0103n h\u1ecdc Ngh\u1ec7 thu\u1eadt)<\/span><\/a><\/div>\n\n<style type=\"text\/css\" data-created_by=\"avia_inline_auto\" id=\"style-css-av-k5i7h6xm-6-09c81d481d3b282f61f27c400d2d6312\">\n#top .hr.hr-invisible.av-k5i7h6xm-6-09c81d481d3b282f61f27c400d2d6312{\nmargin-top:-5px;\nheight:1px;\n}\n<\/style>\n<div  class='hr av-k5i7h6xm-6-09c81d481d3b282f61f27c400d2d6312 hr-invisible  avia-builder-el-3  el_after_av_button  avia-builder-el-last'><span class='hr-inner'><span class=\"hr-inner-style\"><\/span><\/span><\/div>\n<\/div><\/div><\/main><!-- close content main element --><\/div><\/div><div id='after_section_1'  class='main_color av_default_container_wrap container_wrap sidebar_right'  ><div class='container av-section-cont-open' ><div class='template-page content  av-content-small alpha units'><div class='post-entry post-entry-type-page post-entry-12347'><div class='entry-content-wrapper clearfix'>\n\n<style type=\"text\/css\" data-created_by=\"avia_inline_auto\" id=\"style-css-av-7bmevw-0bcdb8f00c47a6cdd7e35c9fbdaa2719\">\n.flex_column.av-7bmevw-0bcdb8f00c47a6cdd7e35c9fbdaa2719{\nborder-radius:0px 0px 0px 0px;\npadding:0px 0px 0px 0px;\n}\n<\/style>\n<div  class='flex_column av-7bmevw-0bcdb8f00c47a6cdd7e35c9fbdaa2719 av_one_full  avia-builder-el-4  el_after_av_section  avia-builder-el-no-sibling  first flex_column_div av-zero-column-padding'     ><section  class='av_textblock_section av-3mytl8-58b8c6d99a750fe1a1098e9172215bb8'   itemscope=\"itemscope\" itemtype=\"https:\/\/schema.org\/CreativeWork\" ><div class='avia_textblock'  itemprop=\"text\" ><blockquote>\n<h2>Gi\u00e0nh \u0111\u01b0\u1ee3c B\u1ed9 V\u0103n h\u00f3a [Hu\u00e2n ch\u01b0\u01a1ng Hi\u1ec7p h\u1ed9i V\u0103n h\u00f3a]<\/h2>\n<\/blockquote>\n<p><a href=\"https:\/\/wylf.org.tw\/wp-content\/uploads\/2021\/11\/B\u1ed9 V\u0103n h\u00f3a - Gi\u1ea5y ch\u1ee9ng nh\u1eadn Huy ch\u01b0\u01a1ng Hi\u1ec7p h\u1ed9i V\u0103n h\u00f3a.jpg\"><img loading=\"lazy\" decoding=\"async\" class=\"wp-image-9406 alignleft\" src=\"https:\/\/wylf.org.tw\/wp-content\/uploads\/2021\/11\/Gi\u1ea5y ch\u1ee9ng nh\u1eadn huy ch\u01b0\u01a1ng c\u1ee7a B\u1ed9 V\u0103n h\u00f3a-Hi\u1ec7p h\u1ed9i V\u0103n h\u00f3a-729x1030.jpg\" alt=\"\" width=\"300\" height=\"424\" srcset=\"\" sizes=\"auto, (max-width: 300px) 100vw, 300px\" data-srcset=\"\" \/><\/a>N\u0103m 2021 tr\u00f9ng v\u1edbi d\u1ecbp k\u1ef7 ni\u1ec7m 100 n\u0103m th\u00e0nh l\u1eadp Hi\u1ec7p h\u1ed9i V\u0103n h\u00f3a \u0110\u00e0i Loan, B\u1ed9 V\u0103n h\u00f3a s\u1ebd x\u1eed l\u00fd v\u1ea5n \u0111\u1ec1 n\u00e0y v\u00e0o ng\u00e0y 11\/11.<strong>\u201cHu\u00e2n ch\u01b0\u01a1ng c\u1ee7a H\u1ed9i v\u0103n h\u1ecdc ngh\u1ec7 thu\u1eadt\u201d<\/strong>L\u1ec5 trao gi\u1ea3i v\u1edbi ch\u1ee7 \u0111\u1ec1 \u201cTh\u1ebf k\u1ef7 theo \u0111u\u1ed5i v\u00e0 k\u1ebf th\u1eeba t\u1eeb th\u1ebf h\u1ec7 n\u00e0y sang th\u1ebf h\u1ec7 kh\u00e1c\u201d, b\u00e0y t\u1ecf s\u1ef1 k\u00ednh tr\u1ecdng cao nh\u1ea5t \u0111\u1ed1i v\u1edbi 90 ng\u01b0\u1eddi b\u1ea3o v\u1ec7 \u0111\u00e3 h\u1ed7 tr\u1ee3 v\u00e0 gi\u00fap th\u00fac \u0111\u1ea9y s\u1ef1 ph\u00e1t tri\u1ec3n v\u0103n h\u00f3a v\u00e0 ngh\u1ec7 thu\u1eadt c\u1ee7a \u0110\u00e0i Loan t\u1eeb l\u00e2u.<\/p>\n<p><strong>&quot;T\u1ed5 ch\u1ee9c V\u0103n h\u00f3a v\u00e0 Ngh\u1ec7 thu\u1eadt V\u01b0\u01a1ng Nguy\u00ean L\u00e2m&quot;<\/strong>\u0110\u00f3ng g\u00f3p l\u00e2u d\u00e0i cho s\u1ef1 ph\u00e1t tri\u1ec3n c\u1ee7a v\u0103n h\u1ecdc ngh\u1ec7 thu\u1eadt \u0111\u1ecba ph\u01b0\u01a1ng, th\u00fac \u0111\u1ea9y ph\u00e1t huy n\u0103ng l\u01b0\u1ee3ng v\u0103n h\u00f3a v\u00e0 ngh\u1ec7 thu\u1eadt c\u1ee7a \u0110\u00e0i Loan, l\u1ea7n n\u00e0y \u0111\u00e3 gi\u00e0nh \u0111\u01b0\u1ee3c huy ch\u01b0\u01a1ng v\u00e0 ch\u1ee9ng nh\u1eadn c\u1ee7a Hi\u1ec7p h\u1ed9i V\u0103n h\u00f3a c\u1ee7a B\u1ed9 V\u0103n h\u00f3a, s\u1ebd ph\u00e1t huy vai tr\u00f2 c\u1ee7a ng\u01b0\u1eddi b\u1ea3o v\u1ec7 v\u0103n h\u00f3a. qu\u1ea3ng b\u00e1, ti\u1ebfp t\u1ee5c t\u1ea1o ra n\u00e9t \u0111\u1eb9p v\u0103n h\u00f3a v\u00e0 ngh\u1ec7 thu\u1eadt c\u1ee7a \u0110\u00e0i Loan, v\u00e0 c\u00f9ng nhau l\u00e0m gi\u00e0u th\u00eam ch\u1ee7 ngh\u0129a \u0111a v\u0103n h\u00f3a c\u1ee7a \u0110\u00e0i Loan v\u00e0 c\u00f9ng nhau ti\u1ebfn l\u00ean trong tr\u0103m n\u0103m t\u1edbi.<\/p>\n<\/div><\/section><br \/>\n\n<style type=\"text\/css\" data-created_by=\"avia_inline_auto\" id=\"style-css-av-3094v0-2c51335ea76bb0093c84a39940db01bc\">\n#top .hr.hr-invisible.av-3094v0-2c51335ea76bb0093c84a39940db01bc{\nheight:50px;\n}\n<\/style>\n<div  class='hr av-3094v0-2c51335ea76bb0093c84a39940db01bc hr-invisible  avia-builder-el-6  el_after_av_textblock  avia-builder-el-last'><span class='hr-inner'><span class=\"hr-inner-style\"><\/span><\/span><\/div><\/p><\/div>","protected":false},"excerpt":{"rendered":"","protected":false},"author":4,"featured_media":0,"parent":4732,"menu_order":300,"comment_status":"closed","ping_status":"closed","template":"","meta":{"footnotes":""},"class_list":["post-12347","page","type-page","status-publish","hentry"],"_links":{"self":[{"href":"https:\/\/wylf.org.tw\/vi\/wp-json\/wp\/v2\/pages\/12347","targetHints":{"allow":["GET"]}}],"collection":[{"href":"https:\/\/wylf.org.tw\/vi\/wp-json\/wp\/v2\/pages"}],"about":[{"href":"https:\/\/wylf.org.tw\/vi\/wp-json\/wp\/v2\/types\/page"}],"author":[{"embeddable":true,"href":"https:\/\/wylf.org.tw\/vi\/wp-json\/wp\/v2\/users\/4"}],"replies":[{"embeddable":true,"href":"https:\/\/wylf.org.tw\/vi\/wp-json\/wp\/v2\/comments?post=12347"}],"version-history":[{"count":6,"href":"https:\/\/wylf.org.tw\/vi\/wp-json\/wp\/v2\/pages\/12347\/revisions"}],"predecessor-version":[{"id":12349,"href":"https:\/\/wylf.org.tw\/vi\/wp-json\/wp\/v2\/pages\/12347\/revisions\/12349"}],"up":[{"embeddable":true,"href":"https:\/\/wylf.org.tw\/vi\/wp-json\/wp\/v2\/pages\/4732"}],"wp:attachment":[{"href":"https:\/\/wylf.org.tw\/vi\/wp-json\/wp\/v2\/media?parent=12347"}],"curies":[{"name":"wp","href":"https:\/\/api.w.org\/{rel}","templated":true}]}}