{"id":11555,"date":"2024-02-19T15:54:19","date_gmt":"2024-02-19T07:54:19","guid":{"rendered":"https:\/\/wylf.org.tw\/?page_id=11555"},"modified":"2024-02-19T15:54:19","modified_gmt":"2024-02-19T07:54:19","slug":"su-kien-nam-2025","status":"publish","type":"page","link":"https:\/\/wylf.org.tw\/vi\/past-activities\/event-year-2020\/","title":{"rendered":"2020"},"content":{"rendered":"<style type=\"text\/css\" data-created_by=\"avia_inline_auto\" id=\"style-css-av-k5htjp0c-5a4eea0636e37672f56d1db08392c178\">\n.avia-section.av-k5htjp0c-5a4eea0636e37672f56d1db08392c178{\nbackground-repeat:repeat;\nbackground-image:url(https:\/\/wylf.org.tw\/wp-content\/uploads\/2020\/01\/Header-4.png);\nbackground-position:50% 50%;\nbackground-attachment:scroll;\n}\n<\/style>\n<div id='av_section_1'  class='avia-section av-k5htjp0c-5a4eea0636e37672f56d1db08392c178 main_color avia-section-default avia-no-border-styling  avia-builder-el-0  el_before_av_textblock  avia-builder-el-first  avia-bg-style-scroll container_wrap sidebar_right'  data-section-bg-repeat='repeat'><div class='container av-section-cont-open' ><main  role=\"main\" itemprop=\"mainContentOfPage\"  class='template-page content  av-content-small alpha units'><div class='post-entry post-entry-type-page post-entry-11555'><div class='entry-content-wrapper clearfix'>\n\n<style type=\"text\/css\" data-created_by=\"avia_inline_auto\" id=\"style-css-av-k5i7h6xm-ce61bf857a8d9e1bfc27e81897ad89a8\">\n#top .hr.hr-invisible.av-k5i7h6xm-ce61bf857a8d9e1bfc27e81897ad89a8{\nmargin-top:-5px;\nheight:1px;\n}\n<\/style>\n<div  class='hr av-k5i7h6xm-ce61bf857a8d9e1bfc27e81897ad89a8 hr-invisible  avia-builder-el-1  el_before_av_button  avia-builder-el-first'><span class='hr-inner'><span class=\"hr-inner-style\"><\/span><\/span><\/div>\n<div  class='avia-button-wrap av-k5i77vc6-93041f29c22f718a8bda4779ff2d4502-wrap avia-button-center  avia-builder-el-2  el_after_av_hr  el_before_av_hr'><a href=''  class='avia-button av-k5i77vc6-93041f29c22f718a8bda4779ff2d4502 av-link-btn avia-icon_select-no avia-size-small avia-position-center avia-color-theme-color'  ><span class='avia_iconbox_title' >\u0110\u00e1nh gi\u00e1 s\u1ef1 ki\u1ec7n n\u0103m 2020<\/span><\/a><\/div>\n\n<style type=\"text\/css\" data-created_by=\"avia_inline_auto\" id=\"style-css-av-k5i7h6xm-ce61bf857a8d9e1bfc27e81897ad89a8\">\n#top .hr.hr-invisible.av-k5i7h6xm-ce61bf857a8d9e1bfc27e81897ad89a8{\nmargin-top:-5px;\nheight:1px;\n}\n<\/style>\n<div  class='hr av-k5i7h6xm-ce61bf857a8d9e1bfc27e81897ad89a8 hr-invisible  avia-builder-el-3  el_after_av_button  avia-builder-el-last'><span class='hr-inner'><span class=\"hr-inner-style\"><\/span><\/span><\/div>\n<\/div><\/div><\/main><!-- close content main element --><\/div><\/div><div id='after_section_1'  class='main_color av_default_container_wrap container_wrap sidebar_right'  ><div class='container av-section-cont-open' ><div class='template-page content  av-content-small alpha units'><div class='post-entry post-entry-type-page post-entry-11555'><div class='entry-content-wrapper clearfix'><section  class='av_textblock_section av-k5m1buwm-2cbb29137d2b1c4d98d2ed978eed043b'   itemscope=\"itemscope\" itemtype=\"https:\/\/schema.org\/CreativeWork\" ><div class='avia_textblock'  itemprop=\"text\" ><blockquote>\n<h2>\u0110\u00e1nh gi\u00e1 s\u1ef1 ki\u1ec7n n\u0103m 2020<\/h2>\n<\/blockquote>\n<\/div><\/section><\/p>\n\n<style type=\"text\/css\" data-created_by=\"avia_inline_auto\" id=\"style-css-av-k5m1f7l5-f7e3a7fa822fbf00a53980a9173b8ad6\">\n#top .hr.hr-invisible.av-k5m1f7l5-f7e3a7fa822fbf00a53980a9173b8ad6{\nheight:30px;\n}\n<\/style>\n<div  class='hr av-k5m1f7l5-f7e3a7fa822fbf00a53980a9173b8ad6 hr-invisible  avia-builder-el-5  el_after_av_textblock  el_before_av_blog'><span class='hr-inner'><span class=\"hr-inner-style\"><\/span><\/span><\/div>\n<div  class='av-alb-blogposts template-blog  av-blog-meta-author-disabled av-blog-meta-comments-disabled av-blog-meta-category-disabled av-blog-meta-date-disabled av-blog-meta-html-info-disabled av-blog-meta-tag-disabled av_force_fullwidth'  itemscope=\"itemscope\" itemtype=\"https:\/\/schema.org\/Blog\" >\t<article class=\"entry\">\n\t\t<header class=\"entry-content-header\">\n<h1 class='post-title entry-title'>Kh\u00f4ng t\u00ecm th\u1ea5y g\u00ec<\/h1>\t\t<\/header>\n\n\t\t<p class=\"entry-content\"  itemprop=\"text\" >Xin l\u1ed7i, kh\u00f4ng c\u00f3 b\u00e0i vi\u1ebft n\u00e0o ph\u00f9 h\u1ee3p v\u1edbi ti\u00eau ch\u00ed c\u1ee7a b\u1ea1n.<\/p>\n\n\t\t<footer class=\"entry-footer\"><\/footer>\n\t<\/article>\n\n<\/div>","protected":false},"excerpt":{"rendered":"","protected":false},"author":4,"featured_media":0,"parent":4752,"menu_order":0,"comment_status":"closed","ping_status":"closed","template":"","meta":{"footnotes":""},"class_list":["post-11555","page","type-page","status-publish","hentry"],"_links":{"self":[{"href":"https:\/\/wylf.org.tw\/vi\/wp-json\/wp\/v2\/pages\/11555","targetHints":{"allow":["GET"]}}],"collection":[{"href":"https:\/\/wylf.org.tw\/vi\/wp-json\/wp\/v2\/pages"}],"about":[{"href":"https:\/\/wylf.org.tw\/vi\/wp-json\/wp\/v2\/types\/page"}],"author":[{"embeddable":true,"href":"https:\/\/wylf.org.tw\/vi\/wp-json\/wp\/v2\/users\/4"}],"replies":[{"embeddable":true,"href":"https:\/\/wylf.org.tw\/vi\/wp-json\/wp\/v2\/comments?post=11555"}],"version-history":[{"count":2,"href":"https:\/\/wylf.org.tw\/vi\/wp-json\/wp\/v2\/pages\/11555\/revisions"}],"predecessor-version":[{"id":11557,"href":"https:\/\/wylf.org.tw\/vi\/wp-json\/wp\/v2\/pages\/11555\/revisions\/11557"}],"up":[{"embeddable":true,"href":"https:\/\/wylf.org.tw\/vi\/wp-json\/wp\/v2\/pages\/4752"}],"wp:attachment":[{"href":"https:\/\/wylf.org.tw\/vi\/wp-json\/wp\/v2\/media?parent=11555"}],"curies":[{"name":"wp","href":"https:\/\/api.w.org\/{rel}","templated":true}]}}